{"id":15,"date":"2025-01-02T17:57:10","date_gmt":"2025-01-02T16:57:10","guid":{"rendered":"https:\/\/hydro-dipper.com\/de-de\/?page_id=15"},"modified":"2025-10-20T17:14:03","modified_gmt":"2025-10-20T16:14:03","slug":"refund-and-returns","status":"publish","type":"page","link":"https:\/\/hydro-dipper.com\/de-de\/refund-and-returns\/","title":{"rendered":"Refund and Returns Policy"},"content":{"rendered":"<style>.elementor-15 .elementor-element.elementor-element-44bd5aa0{--display:flex;--padding-top:20px;--padding-bottom:20px;--padding-left:10px;--padding-right:10px;}.elementor-widget-text-editor{font-family:var( --e-global-typography-text-font-family ), Sans-serif;font-weight:var( --e-global-typography-text-font-weight );color:var( --e-global-color-text );}.elementor-widget-text-editor.elementor-drop-cap-view-stacked .elementor-drop-cap{background-color:var( --e-global-color-primary );}.elementor-widget-text-editor.elementor-drop-cap-view-framed .elementor-drop-cap, .elementor-widget-text-editor.elementor-drop-cap-view-default .elementor-drop-cap{color:var( --e-global-color-primary );border-color:var( --e-global-color-primary );}.elementor-15 .elementor-element.elementor-element-252f858f{font-family:\"Roboto\", Sans-serif;font-size:18px;font-weight:400;}<\/style>\t\t<div data-elementor-type=\"wp-page\" data-elementor-id=\"15\" class=\"elementor elementor-15\" data-elementor-post-type=\"page\">\n\t\t\t\t<div class=\"elementor-element elementor-element-44bd5aa0 e-flex e-con-boxed wpr-particle-no wpr-jarallax-no wpr-parallax-no wpr-sticky-section-no wpr-equal-height-no e-con e-parent\" data-id=\"44bd5aa0\" data-element_type=\"container\">\n\t\t\t\t\t<div class=\"e-con-inner\">\n\t\t\t\t<div class=\"elementor-element elementor-element-252f858f elementor-widget elementor-widget-text-editor\" data-id=\"252f858f\" data-element_type=\"widget\" data-widget_type=\"text-editor.default\">\n\t\t\t\t<div class=\"elementor-widget-container\">\n\t\t\t\t\t\t\t\t\t<p><strong>Retour- und Versandrichtlinien<\/strong><\/p><p>Bei Hydro Dipper legen wir gro\u00dfen Wert auf Kundenzufriedenheit. Wenn Sie mit Ihrem Kauf nicht zufrieden sind, k\u00f6nnen Sie das Produkt innerhalb von <span class=\"important\">14 Tagen<\/span> unter den folgenden Bedingungen zur\u00fccksenden:<\/p><p><strong><span class=\"section-title\">1. Bedingungen f\u00fcr die R\u00fccksendung<\/span><\/strong><\/p><p>Das Produkt muss unbenutzt und in der Originalverpackung, die nicht ge\u00f6ffnet wurde, sein.<\/p><p>Ma\u00dfgeschneiderte oder personalisierte Produkte k\u00f6nnen nicht zur\u00fcckgegeben werden.<\/p><p>R\u00fccksendungen m\u00fcssen innerhalb von <span class=\"important\">14 Tagen<\/span> nach Erhalt der Bestellung beantragt werden.<\/p><p><strong><span class=\"section-title\">2. Kosten f\u00fcr die R\u00fccksendung<\/span><\/strong><\/p><p>Die Kosten f\u00fcr die R\u00fccksendung des Produkts tr\u00e4gt der Kunde. Wir empfehlen, eine Versandmethode mit <span class=\"important\">Track &amp; Trace<\/span> zu w\u00e4hlen, da der Kunde f\u00fcr den Verlust oder Schaden w\u00e4hrend des Transports verantwortlich ist.<\/p><p><strong><span class=\"section-title\">3. R\u00fccksendeadresse<\/span><\/strong><\/p><p>Die R\u00fccksendeadresse wird Ihnen mitgeteilt, nachdem Sie sich mit unserem Kundenservice unter <span class=\"important\">info@hydro-dipper.com<\/span> in Verbindung gesetzt haben.<\/p><p><strong><span class=\"section-title\">4. R\u00fccksendeverfahren<\/span><\/strong><\/p><p>Setzen Sie sich mit unserem Kundenservice unter <span class=\"important\">info@hydro-dipper.com<\/span> in Verbindung, um Ihre R\u00fccksendung anzumelden.<\/p><p>Sie erhalten Anweisungen und die R\u00fccksendeadresse per E-Mail.<\/p><p>Schicken Sie das Produkt gut verpackt und ausreichend frankiert zur\u00fcck.<\/p><p><strong><span class=\"section-title\">5. Versand an den Kunden<\/span><\/strong><\/p><p>Wir versenden alle Bestellungen mit <span class=\"important\">DHL<\/span> oder <span class=\"important\">DPD<\/span>.<\/p><p>Die gesch\u00e4tzte Lieferzeit betr\u00e4gt <span class=\"important\">2-5 Werktage<\/span> nach Bearbeitung der Bestellung.<\/p><p>Alle Sendungen sind versichert und verf\u00fcgen \u00fcber eine <span class=\"important\">Track &amp; Trace<\/span>-Nummer.<\/p><p><strong><span class=\"section-title\">6. R\u00fcckerstattungen<\/span><\/strong><\/p><p>Sobald wir Ihre R\u00fccksendung erhalten und gepr\u00fcft haben, wird der Kaufbetrag auf die urspr\u00fcngliche Zahlungsmethode zur\u00fcckerstattet. Dieser Prozess kann bis zu <span class=\"important\">14 Tagen<\/span> dauern.<\/p><p><strong><span class=\"section-title\">7. Ausnahmen<\/span><\/strong><\/p><p>Personalisierte Produkte und ma\u00dfgeschneiderte Artikel sind von der R\u00fcckgabe oder R\u00fcckerstattung ausgeschlossen.<\/p><p>Produkte, die besch\u00e4digt oder benutzt sind, werden nicht akzeptiert.<\/p><p><strong><span class=\"section-title\">8. Kontakt<\/span><\/strong><\/p><p>F\u00fcr Fragen oder weitere Informationen zu unseren R\u00fcckgabe- und Versandrichtlinien k\u00f6nnen Sie uns unter <span class=\"important\">info@hydro-dipper.com<\/span> kontaktieren.<\/p><p>\u00a0<\/p><p>\u00a0<\/p>\t\t\t\t\t\t\t\t<\/div>\n\t\t\t\t<\/div>\n\t\t\t\t\t<\/div>\n\t\t\t\t<\/div>\n\t\t\t\t<\/div>\n\t\t","protected":false},"excerpt":{"rendered":"<p>Retour- und Versandrichtlinien Bei Hydro Dipper legen wir gro\u00dfen Wert auf Kundenzufriedenheit. Wenn Sie mit Ihrem Kauf nicht zufrieden sind, k\u00f6nnen Sie das Produkt innerhalb von 14 Tagen unter den folgenden Bedingungen zur\u00fccksenden: 1. Bedingungen f\u00fcr die R\u00fccksendung Das Produkt muss unbenutzt und in der Originalverpackung, die nicht ge\u00f6ffnet wurde, sein. Ma\u00dfgeschneiderte oder personalisierte Produkte k\u00f6nnen nicht zur\u00fcckgegeben werden. R\u00fccksendungen m\u00fcssen innerhalb von 14 Tagen nach Erhalt der Bestellung beantragt werden. 2. Kosten f\u00fcr die R\u00fccksendung Die Kosten f\u00fcr die R\u00fccksendung des Produkts tr\u00e4gt der Kunde. Wir empfehlen, eine Versandmethode mit Track &amp; Trace zu w\u00e4hlen, da der Kunde f\u00fcr den Verlust oder Schaden w\u00e4hrend des Transports verantwortlich ist. 3. R\u00fccksendeadresse Die R\u00fccksendeadresse wird Ihnen mitgeteilt, nachdem Sie sich mit unserem Kundenservice unter info@hydro-dipper.com in Verbindung gesetzt haben. 4. R\u00fccksendeverfahren Setzen Sie sich mit unserem Kundenservice unter info@hydro-dipper.com in Verbindung, um Ihre R\u00fccksendung anzumelden. Sie erhalten Anweisungen und die R\u00fccksendeadresse per E-Mail. Schicken Sie das Produkt gut verpackt und ausreichend frankiert zur\u00fcck. 5. Versand an den Kunden Wir versenden alle Bestellungen mit DHL oder DPD. Die gesch\u00e4tzte Lieferzeit betr\u00e4gt 2-5 Werktage nach Bearbeitung der Bestellung. Alle Sendungen sind versichert und verf\u00fcgen \u00fcber eine Track &amp; Trace-Nummer. 6. R\u00fcckerstattungen Sobald wir Ihre R\u00fccksendung erhalten und gepr\u00fcft haben, wird der Kaufbetrag auf die urspr\u00fcngliche Zahlungsmethode zur\u00fcckerstattet. Dieser Prozess kann bis zu 14 Tagen dauern. 7. Ausnahmen Personalisierte Produkte und ma\u00dfgeschneiderte Artikel sind von der R\u00fcckgabe oder R\u00fcckerstattung ausgeschlossen. Produkte, die besch\u00e4digt oder benutzt sind, werden nicht akzeptiert. 8. Kontakt F\u00fcr Fragen oder weitere Informationen zu unseren R\u00fcckgabe- und Versandrichtlinien k\u00f6nnen Sie uns unter info@hydro-dipper.com kontaktieren. \u00a0 \u00a0<\/p>\n","protected":false},"author":1,"featured_media":0,"parent":0,"menu_order":0,"comment_status":"closed","ping_status":"closed","template":"","meta":{"footnotes":""},"class_list":["post-15","page","type-page","status-publish","hentry"],"yoast_head":"<!-- This site is optimized with the Yoast SEO plugin v24.1 - https:\/\/yoast.com\/wordpress\/plugins\/seo\/ -->\n<title>Refund and Returns Policy - hydro-dipper.com - DE<\/title>\n<meta name=\"robots\" content=\"index, follow, max-snippet:-1, max-image-preview:large, max-video-preview:-1\" \/>\n<link rel=\"canonical\" href=\"https:\/\/hydro-dipper.com\/de-de\/refund-and-returns\/\" \/>\n<meta property=\"og:locale\" content=\"de_DE\" \/>\n<meta property=\"og:type\" content=\"article\" \/>\n<meta property=\"og:title\" content=\"Refund and Returns Policy - hydro-dipper.com - DE\" \/>\n<meta property=\"og:description\" content=\"Retour- und Versandrichtlinien Bei Hydro Dipper legen wir gro\u00dfen Wert auf Kundenzufriedenheit. Wenn Sie mit Ihrem Kauf nicht zufrieden sind, k\u00f6nnen Sie das Produkt innerhalb von 14 Tagen unter den folgenden Bedingungen zur\u00fccksenden: 1. Bedingungen f\u00fcr die R\u00fccksendung Das Produkt muss unbenutzt und in der Originalverpackung, die nicht ge\u00f6ffnet wurde, sein. Ma\u00dfgeschneiderte oder personalisierte Produkte k\u00f6nnen nicht zur\u00fcckgegeben werden. R\u00fccksendungen m\u00fcssen innerhalb von 14 Tagen nach Erhalt der Bestellung beantragt werden. 2. Kosten f\u00fcr die R\u00fccksendung Die Kosten f\u00fcr die R\u00fccksendung des Produkts tr\u00e4gt der Kunde. Wir empfehlen, eine Versandmethode mit Track &amp; Trace zu w\u00e4hlen, da der Kunde f\u00fcr den Verlust oder Schaden w\u00e4hrend des Transports verantwortlich ist. 3. R\u00fccksendeadresse Die R\u00fccksendeadresse wird Ihnen mitgeteilt, nachdem Sie sich mit unserem Kundenservice unter info@hydro-dipper.com in Verbindung gesetzt haben. 4. R\u00fccksendeverfahren Setzen Sie sich mit unserem Kundenservice unter info@hydro-dipper.com in Verbindung, um Ihre R\u00fccksendung anzumelden. Sie erhalten Anweisungen und die R\u00fccksendeadresse per E-Mail. Schicken Sie das Produkt gut verpackt und ausreichend frankiert zur\u00fcck. 5. Versand an den Kunden Wir versenden alle Bestellungen mit DHL oder DPD. Die gesch\u00e4tzte Lieferzeit betr\u00e4gt 2-5 Werktage nach Bearbeitung der Bestellung. Alle Sendungen sind versichert und verf\u00fcgen \u00fcber eine Track &amp; Trace-Nummer. 6. R\u00fcckerstattungen Sobald wir Ihre R\u00fccksendung erhalten und gepr\u00fcft haben, wird der Kaufbetrag auf die urspr\u00fcngliche Zahlungsmethode zur\u00fcckerstattet. Dieser Prozess kann bis zu 14 Tagen dauern. 7. Ausnahmen Personalisierte Produkte und ma\u00dfgeschneiderte Artikel sind von der R\u00fcckgabe oder R\u00fcckerstattung ausgeschlossen. Produkte, die besch\u00e4digt oder benutzt sind, werden nicht akzeptiert. 8. Kontakt F\u00fcr Fragen oder weitere Informationen zu unseren R\u00fcckgabe- und Versandrichtlinien k\u00f6nnen Sie uns unter info@hydro-dipper.com kontaktieren. \u00a0 \u00a0\" \/>\n<meta property=\"og:url\" content=\"https:\/\/hydro-dipper.com\/de-de\/refund-and-returns\/\" \/>\n<meta property=\"og:site_name\" content=\"hydro-dipper.com - DE\" \/>\n<meta property=\"article:modified_time\" content=\"2025-10-20T16:14:03+00:00\" \/>\n<meta name=\"twitter:card\" content=\"summary_large_image\" \/>\n<meta name=\"twitter:label1\" content=\"Gesch\u00e4tzte Lesezeit\" \/>\n\t<meta name=\"twitter:data1\" content=\"2\u00a0Minuten\" \/>\n<script type=\"application\/ld+json\" class=\"yoast-schema-graph\">{\"@context\":\"https:\/\/schema.org\",\"@graph\":[{\"@type\":\"WebPage\",\"@id\":\"https:\/\/hydro-dipper.com\/de-de\/refund-and-returns\/\",\"url\":\"https:\/\/hydro-dipper.com\/de-de\/refund-and-returns\/\",\"name\":\"Refund and Returns Policy - hydro-dipper.com - DE\",\"isPartOf\":{\"@id\":\"https:\/\/hydro-dipper.com\/de-de\/#website\"},\"datePublished\":\"2025-01-02T16:57:10+00:00\",\"dateModified\":\"2025-10-20T16:14:03+00:00\",\"breadcrumb\":{\"@id\":\"https:\/\/hydro-dipper.com\/de-de\/refund-and-returns\/#breadcrumb\"},\"inLanguage\":\"de\",\"potentialAction\":[{\"@type\":\"ReadAction\",\"target\":[\"https:\/\/hydro-dipper.com\/de-de\/refund-and-returns\/\"]}]},{\"@type\":\"BreadcrumbList\",\"@id\":\"https:\/\/hydro-dipper.com\/de-de\/refund-and-returns\/#breadcrumb\",\"itemListElement\":[{\"@type\":\"ListItem\",\"position\":1,\"name\":\"Home\",\"item\":\"https:\/\/hydro-dipper.com\/de-de\/\"},{\"@type\":\"ListItem\",\"position\":2,\"name\":\"Refund and Returns Policy\"}]},{\"@type\":\"WebSite\",\"@id\":\"https:\/\/hydro-dipper.com\/de-de\/#website\",\"url\":\"https:\/\/hydro-dipper.com\/de-de\/\",\"name\":\"hydro-dipper.com - DE\",\"description\":\"Ihr Online-Shop f\u00fcr Wassertransferdruck-Material\",\"publisher\":{\"@id\":\"https:\/\/hydro-dipper.com\/de-de\/#organization\"},\"potentialAction\":[{\"@type\":\"SearchAction\",\"target\":{\"@type\":\"EntryPoint\",\"urlTemplate\":\"https:\/\/hydro-dipper.com\/de-de\/?s={search_term_string}\"},\"query-input\":{\"@type\":\"PropertyValueSpecification\",\"valueRequired\":true,\"valueName\":\"search_term_string\"}}],\"inLanguage\":\"de\"},{\"@type\":\"Organization\",\"@id\":\"https:\/\/hydro-dipper.com\/de-de\/#organization\",\"name\":\"hydro-dipper.com - DE\",\"url\":\"https:\/\/hydro-dipper.com\/de-de\/\",\"logo\":{\"@type\":\"ImageObject\",\"inLanguage\":\"de\",\"@id\":\"https:\/\/hydro-dipper.com\/de-de\/#\/schema\/logo\/image\/\",\"url\":\"https:\/\/hydro-dipper.com\/de-de\/wp-content\/uploads\/sites\/4\/2025\/01\/hydro-dipper.com-logo-favicon.jpg\",\"contentUrl\":\"https:\/\/hydro-dipper.com\/de-de\/wp-content\/uploads\/sites\/4\/2025\/01\/hydro-dipper.com-logo-favicon.jpg\",\"width\":500,\"height\":500,\"caption\":\"hydro-dipper.com - DE\"},\"image\":{\"@id\":\"https:\/\/hydro-dipper.com\/de-de\/#\/schema\/logo\/image\/\"}}]}<\/script>\n<!-- \/ Yoast SEO plugin. -->","yoast_head_json":{"title":"Refund and Returns Policy - hydro-dipper.com - DE","robots":{"index":"index","follow":"follow","max-snippet":"max-snippet:-1","max-image-preview":"max-image-preview:large","max-video-preview":"max-video-preview:-1"},"canonical":"https:\/\/hydro-dipper.com\/de-de\/refund-and-returns\/","og_locale":"de_DE","og_type":"article","og_title":"Refund and Returns Policy - hydro-dipper.com - DE","og_description":"Retour- und Versandrichtlinien Bei Hydro Dipper legen wir gro\u00dfen Wert auf Kundenzufriedenheit. Wenn Sie mit Ihrem Kauf nicht zufrieden sind, k\u00f6nnen Sie das Produkt innerhalb von 14 Tagen unter den folgenden Bedingungen zur\u00fccksenden: 1. Bedingungen f\u00fcr die R\u00fccksendung Das Produkt muss unbenutzt und in der Originalverpackung, die nicht ge\u00f6ffnet wurde, sein. Ma\u00dfgeschneiderte oder personalisierte Produkte k\u00f6nnen nicht zur\u00fcckgegeben werden. R\u00fccksendungen m\u00fcssen innerhalb von 14 Tagen nach Erhalt der Bestellung beantragt werden. 2. Kosten f\u00fcr die R\u00fccksendung Die Kosten f\u00fcr die R\u00fccksendung des Produkts tr\u00e4gt der Kunde. Wir empfehlen, eine Versandmethode mit Track &amp; Trace zu w\u00e4hlen, da der Kunde f\u00fcr den Verlust oder Schaden w\u00e4hrend des Transports verantwortlich ist. 3. R\u00fccksendeadresse Die R\u00fccksendeadresse wird Ihnen mitgeteilt, nachdem Sie sich mit unserem Kundenservice unter info@hydro-dipper.com in Verbindung gesetzt haben. 4. R\u00fccksendeverfahren Setzen Sie sich mit unserem Kundenservice unter info@hydro-dipper.com in Verbindung, um Ihre R\u00fccksendung anzumelden. Sie erhalten Anweisungen und die R\u00fccksendeadresse per E-Mail. Schicken Sie das Produkt gut verpackt und ausreichend frankiert zur\u00fcck. 5. Versand an den Kunden Wir versenden alle Bestellungen mit DHL oder DPD. Die gesch\u00e4tzte Lieferzeit betr\u00e4gt 2-5 Werktage nach Bearbeitung der Bestellung. Alle Sendungen sind versichert und verf\u00fcgen \u00fcber eine Track &amp; Trace-Nummer. 6. R\u00fcckerstattungen Sobald wir Ihre R\u00fccksendung erhalten und gepr\u00fcft haben, wird der Kaufbetrag auf die urspr\u00fcngliche Zahlungsmethode zur\u00fcckerstattet. Dieser Prozess kann bis zu 14 Tagen dauern. 7. Ausnahmen Personalisierte Produkte und ma\u00dfgeschneiderte Artikel sind von der R\u00fcckgabe oder R\u00fcckerstattung ausgeschlossen. Produkte, die besch\u00e4digt oder benutzt sind, werden nicht akzeptiert. 8. Kontakt F\u00fcr Fragen oder weitere Informationen zu unseren R\u00fcckgabe- und Versandrichtlinien k\u00f6nnen Sie uns unter info@hydro-dipper.com kontaktieren. \u00a0 \u00a0","og_url":"https:\/\/hydro-dipper.com\/de-de\/refund-and-returns\/","og_site_name":"hydro-dipper.com - DE","article_modified_time":"2025-10-20T16:14:03+00:00","twitter_card":"summary_large_image","twitter_misc":{"Gesch\u00e4tzte Lesezeit":"2\u00a0Minuten"},"schema":{"@context":"https:\/\/schema.org","@graph":[{"@type":"WebPage","@id":"https:\/\/hydro-dipper.com\/de-de\/refund-and-returns\/","url":"https:\/\/hydro-dipper.com\/de-de\/refund-and-returns\/","name":"Refund and Returns Policy - hydro-dipper.com - DE","isPartOf":{"@id":"https:\/\/hydro-dipper.com\/de-de\/#website"},"datePublished":"2025-01-02T16:57:10+00:00","dateModified":"2025-10-20T16:14:03+00:00","breadcrumb":{"@id":"https:\/\/hydro-dipper.com\/de-de\/refund-and-returns\/#breadcrumb"},"inLanguage":"de","potentialAction":[{"@type":"ReadAction","target":["https:\/\/hydro-dipper.com\/de-de\/refund-and-returns\/"]}]},{"@type":"BreadcrumbList","@id":"https:\/\/hydro-dipper.com\/de-de\/refund-and-returns\/#breadcrumb","itemListElement":[{"@type":"ListItem","position":1,"name":"Home","item":"https:\/\/hydro-dipper.com\/de-de\/"},{"@type":"ListItem","position":2,"name":"Refund and Returns Policy"}]},{"@type":"WebSite","@id":"https:\/\/hydro-dipper.com\/de-de\/#website","url":"https:\/\/hydro-dipper.com\/de-de\/","name":"hydro-dipper.com - DE","description":"Ihr Online-Shop f\u00fcr Wassertransferdruck-Material","publisher":{"@id":"https:\/\/hydro-dipper.com\/de-de\/#organization"},"potentialAction":[{"@type":"SearchAction","target":{"@type":"EntryPoint","urlTemplate":"https:\/\/hydro-dipper.com\/de-de\/?s={search_term_string}"},"query-input":{"@type":"PropertyValueSpecification","valueRequired":true,"valueName":"search_term_string"}}],"inLanguage":"de"},{"@type":"Organization","@id":"https:\/\/hydro-dipper.com\/de-de\/#organization","name":"hydro-dipper.com - DE","url":"https:\/\/hydro-dipper.com\/de-de\/","logo":{"@type":"ImageObject","inLanguage":"de","@id":"https:\/\/hydro-dipper.com\/de-de\/#\/schema\/logo\/image\/","url":"https:\/\/hydro-dipper.com\/de-de\/wp-content\/uploads\/sites\/4\/2025\/01\/hydro-dipper.com-logo-favicon.jpg","contentUrl":"https:\/\/hydro-dipper.com\/de-de\/wp-content\/uploads\/sites\/4\/2025\/01\/hydro-dipper.com-logo-favicon.jpg","width":500,"height":500,"caption":"hydro-dipper.com - DE"},"image":{"@id":"https:\/\/hydro-dipper.com\/de-de\/#\/schema\/logo\/image\/"}}]}},"_links":{"self":[{"href":"https:\/\/hydro-dipper.com\/de-de\/wp-json\/wp\/v2\/pages\/15","targetHints":{"allow":["GET"]}}],"collection":[{"href":"https:\/\/hydro-dipper.com\/de-de\/wp-json\/wp\/v2\/pages"}],"about":[{"href":"https:\/\/hydro-dipper.com\/de-de\/wp-json\/wp\/v2\/types\/page"}],"author":[{"embeddable":true,"href":"https:\/\/hydro-dipper.com\/de-de\/wp-json\/wp\/v2\/users\/1"}],"replies":[{"embeddable":true,"href":"https:\/\/hydro-dipper.com\/de-de\/wp-json\/wp\/v2\/comments?post=15"}],"version-history":[{"count":21,"href":"https:\/\/hydro-dipper.com\/de-de\/wp-json\/wp\/v2\/pages\/15\/revisions"}],"predecessor-version":[{"id":6441,"href":"https:\/\/hydro-dipper.com\/de-de\/wp-json\/wp\/v2\/pages\/15\/revisions\/6441"}],"wp:attachment":[{"href":"https:\/\/hydro-dipper.com\/de-de\/wp-json\/wp\/v2\/media?parent=15"}],"curies":[{"name":"wp","href":"https:\/\/api.w.org\/{rel}","templated":true}]}}