{"id":16,"date":"2025-01-02T18:57:58","date_gmt":"2025-01-02T18:57:58","guid":{"rendered":"https:\/\/hydro-dipper.com\/de-de\/?page_id=16"},"modified":"2025-01-14T20:06:53","modified_gmt":"2025-01-14T19:06:53","slug":"hydro-dipper-com","status":"publish","type":"page","link":"https:\/\/hydro-dipper.com\/de-de\/","title":{"rendered":"hydro-dipper.com &#8211; DE &#8211; Home"},"content":{"rendered":"\t\t<div data-elementor-type=\"wp-page\" data-elementor-id=\"16\" class=\"elementor elementor-16\" data-elementor-post-type=\"page\">\n\t\t\t\t<div class=\"elementor-element elementor-element-b693a18 e-flex e-con-boxed wpr-particle-no wpr-jarallax-no wpr-parallax-no wpr-sticky-section-no wpr-equal-height-no e-con e-parent\" data-id=\"b693a18\" data-element_type=\"container\" data-e-type=\"container\">\n\t\t\t\t\t<div class=\"e-con-inner\">\n\t\t\t\t<div class=\"elementor-element elementor-element-534a025 elementor-widget elementor-widget-spacer\" data-id=\"534a025\" data-element_type=\"widget\" data-e-type=\"widget\" data-widget_type=\"spacer.default\">\n\t\t\t\t<div class=\"elementor-widget-container\">\n\t\t\t\t\t\t\t<div class=\"elementor-spacer\">\n\t\t\t<div class=\"elementor-spacer-inner\"><\/div>\n\t\t<\/div>\n\t\t\t\t\t\t<\/div>\n\t\t\t\t<\/div>\n\t\t\t\t\t<\/div>\n\t\t\t\t<\/div>\n\t\t\t\t<section class=\"elementor-section elementor-top-section elementor-element elementor-element-5aa9f9b6 elementor-section-full_width elementor-section-height-default elementor-section-height-default wpr-particle-no wpr-jarallax-no wpr-parallax-no wpr-sticky-section-no wpr-equal-height-no\" data-id=\"5aa9f9b6\" data-element_type=\"section\" data-e-type=\"section\" id=\"hero_section\" data-settings=\"{&quot;background_background&quot;:&quot;classic&quot;}\">\n\t\t\t\t\t\t<div class=\"elementor-container elementor-column-gap-no\">\n\t\t\t\t\t<div class=\"elementor-column elementor-col-50 elementor-top-column elementor-element elementor-element-5e772d05\" data-id=\"5e772d05\" data-element_type=\"column\" data-e-type=\"column\" data-settings=\"{&quot;background_background&quot;:&quot;classic&quot;}\">\n\t\t\t<div class=\"elementor-widget-wrap elementor-element-populated\">\n\t\t\t\t\t\t<div class=\"elementor-element elementor-element-41cc4475 elementor-widget__width-initial elementor-widget-tablet__width-inherit elementor-widget elementor-widget-heading\" data-id=\"41cc4475\" data-element_type=\"widget\" data-e-type=\"widget\" data-widget_type=\"heading.default\">\n\t\t\t\t<div class=\"elementor-widget-container\">\n\t\t\t\t\t<h2 class=\"elementor-heading-title elementor-size-default\">Willkommen bei Hydro Dipper! Der beste Shop f\u00fcr Ihr Wassertransferdruck-Material.<\/h2>\t\t\t\t<\/div>\n\t\t\t\t<\/div>\n\t\t\t\t<div class=\"elementor-element elementor-element-b04f0b9 elementor-widget elementor-widget-text-editor\" data-id=\"b04f0b9\" data-element_type=\"widget\" data-e-type=\"widget\" data-widget_type=\"text-editor.default\">\n\t\t\t\t<div class=\"elementor-widget-container\">\n\t\t\t\t\t\t\t\t\t<p>Der beste Hydro-Dip-Aktivator und die besten Wassertransferdruck-Folien.<\/p><p>F\u00fcr Projekte zu Hause gibt es unseren Aktivator jetzt auch in einer praktischen 400ml-Spr\u00fchdose!<\/p>\t\t\t\t\t\t\t\t<\/div>\n\t\t\t\t<\/div>\n\t\t\t\t<div class=\"elementor-element elementor-element-60c1b699 elementor-widget__width-auto elementor-widget elementor-widget-button\" data-id=\"60c1b699\" data-element_type=\"widget\" data-e-type=\"widget\" data-widget_type=\"button.default\">\n\t\t\t\t<div class=\"elementor-widget-container\">\n\t\t\t\t\t\t\t\t\t<div class=\"elementor-button-wrapper\">\n\t\t\t\t\t<a class=\"elementor-button elementor-button-link elementor-size-sm\" href=\"https:\/\/hydro-dipper.com\/de-de\/product-category\/ez-activator\/\">\n\t\t\t\t\t\t<span class=\"elementor-button-content-wrapper\">\n\t\t\t\t\t\t\t\t\t<span class=\"elementor-button-text\">Aktivator kaufen<\/span>\n\t\t\t\t\t<\/span>\n\t\t\t\t\t<\/a>\n\t\t\t\t<\/div>\n\t\t\t\t\t\t\t\t<\/div>\n\t\t\t\t<\/div>\n\t\t\t\t\t<\/div>\n\t\t<\/div>\n\t\t\t\t<div class=\"elementor-column elementor-col-50 elementor-top-column elementor-element elementor-element-3869c58f elementor-hidden-mobile\" data-id=\"3869c58f\" data-element_type=\"column\" data-e-type=\"column\" data-settings=\"{&quot;background_background&quot;:&quot;classic&quot;}\">\n\t\t\t<div class=\"elementor-widget-wrap elementor-element-populated\">\n\t\t\t\t\t\t<div class=\"elementor-element elementor-element-4b52bdf elementor-widget elementor-widget-image\" data-id=\"4b52bdf\" data-element_type=\"widget\" data-e-type=\"widget\" data-widget_type=\"image.default\">\n\t\t\t\t<div class=\"elementor-widget-container\">\n\t\t\t\t\t\t\t\t\t\t\t\t\t\t\t\t<a href=\"https:\/\/hydro-dipper.com\/de-de\/product-category\/ez-activator\/\">\n\t\t\t\t\t\t\t<img fetchpriority=\"high\" decoding=\"async\" width=\"500\" height=\"500\" src=\"https:\/\/hydro-dipper.com\/de-de\/wp-content\/uploads\/sites\/4\/2025\/01\/hydro-dipper.com-Activator-400ml.png\" class=\"attachment-large size-large wp-image-4976\" alt=\"\" srcset=\"https:\/\/hydro-dipper.com\/de-de\/wp-content\/uploads\/sites\/4\/2025\/01\/hydro-dipper.com-Activator-400ml.png 500w, https:\/\/hydro-dipper.com\/de-de\/wp-content\/uploads\/sites\/4\/2025\/01\/hydro-dipper.com-Activator-400ml-300x300.png 300w, https:\/\/hydro-dipper.com\/de-de\/wp-content\/uploads\/sites\/4\/2025\/01\/hydro-dipper.com-Activator-400ml-150x150.png 150w, https:\/\/hydro-dipper.com\/de-de\/wp-content\/uploads\/sites\/4\/2025\/01\/hydro-dipper.com-Activator-400ml-100x100.png 100w\" sizes=\"(max-width: 500px) 100vw, 500px\" \/>\t\t\t\t\t\t\t\t<\/a>\n\t\t\t\t\t\t\t\t\t\t\t\t\t\t\t<\/div>\n\t\t\t\t<\/div>\n\t\t\t\t\t<\/div>\n\t\t<\/div>\n\t\t\t\t\t<\/div>\n\t\t<\/section>\n\t\t<div class=\"elementor-element elementor-element-0fe7835 e-flex e-con-boxed wpr-particle-no wpr-jarallax-no wpr-parallax-no wpr-sticky-section-no wpr-equal-height-no e-con e-parent\" data-id=\"0fe7835\" data-element_type=\"container\" data-e-type=\"container\">\n\t\t\t\t\t<div class=\"e-con-inner\">\n\t\t\t\t<div class=\"elementor-element elementor-element-08502cd elementor-widget elementor-widget-spacer\" data-id=\"08502cd\" data-element_type=\"widget\" data-e-type=\"widget\" data-widget_type=\"spacer.default\">\n\t\t\t\t<div class=\"elementor-widget-container\">\n\t\t\t\t\t\t\t<div class=\"elementor-spacer\">\n\t\t\t<div class=\"elementor-spacer-inner\"><\/div>\n\t\t<\/div>\n\t\t\t\t\t\t<\/div>\n\t\t\t\t<\/div>\n\t\t\t\t\t<\/div>\n\t\t\t\t<\/div>\n\t\t\t\t<section class=\"elementor-section elementor-top-section elementor-element elementor-element-19add108 elementor-section-boxed elementor-section-height-default elementor-section-height-default wpr-particle-no wpr-jarallax-no wpr-parallax-no wpr-sticky-section-no wpr-equal-height-no\" data-id=\"19add108\" data-element_type=\"section\" data-e-type=\"section\" id=\"info_section\">\n\t\t\t\t\t\t<div class=\"elementor-container elementor-column-gap-default\">\n\t\t\t\t\t<div class=\"elementor-column elementor-col-50 elementor-top-column elementor-element elementor-element-4e0dcc22\" data-id=\"4e0dcc22\" data-element_type=\"column\" data-e-type=\"column\" data-settings=\"{&quot;background_background&quot;:&quot;slideshow&quot;,&quot;background_slideshow_gallery&quot;:[],&quot;background_slideshow_loop&quot;:&quot;yes&quot;,&quot;background_slideshow_slide_duration&quot;:5000,&quot;background_slideshow_slide_transition&quot;:&quot;fade&quot;,&quot;background_slideshow_transition_duration&quot;:500}\">\n\t\t\t<div class=\"elementor-widget-wrap elementor-element-populated\">\n\t\t\t\t\t\t<div class=\"elementor-element elementor-element-386e7c0a animated-slow elementor-widget elementor-widget-image\" data-id=\"386e7c0a\" data-element_type=\"widget\" data-e-type=\"widget\" data-settings=\"{&quot;_animation&quot;:&quot;none&quot;,&quot;_animation_delay&quot;:400}\" data-widget_type=\"image.default\">\n\t\t\t\t<div class=\"elementor-widget-container\">\n\t\t\t\t\t\t\t\t\t\t\t\t\t\t\t<img decoding=\"async\" width=\"750\" height=\"750\" src=\"https:\/\/hydro-dipper.com\/de-de\/wp-content\/uploads\/sites\/4\/2025\/01\/middle-banner-tiny.jpg\" class=\"attachment-full size-full wp-image-5095\" alt=\"\" srcset=\"https:\/\/hydro-dipper.com\/de-de\/wp-content\/uploads\/sites\/4\/2025\/01\/middle-banner-tiny.jpg 750w, https:\/\/hydro-dipper.com\/de-de\/wp-content\/uploads\/sites\/4\/2025\/01\/middle-banner-tiny-300x300.jpg 300w, https:\/\/hydro-dipper.com\/de-de\/wp-content\/uploads\/sites\/4\/2025\/01\/middle-banner-tiny-150x150.jpg 150w, https:\/\/hydro-dipper.com\/de-de\/wp-content\/uploads\/sites\/4\/2025\/01\/middle-banner-tiny-600x600.jpg 600w, https:\/\/hydro-dipper.com\/de-de\/wp-content\/uploads\/sites\/4\/2025\/01\/middle-banner-tiny-100x100.jpg 100w\" sizes=\"(max-width: 750px) 100vw, 750px\" \/>\t\t\t\t\t\t\t\t\t\t\t\t\t\t\t<\/div>\n\t\t\t\t<\/div>\n\t\t\t\t\t<\/div>\n\t\t<\/div>\n\t\t\t\t<div class=\"elementor-column elementor-col-50 elementor-top-column elementor-element elementor-element-13231517\" data-id=\"13231517\" data-element_type=\"column\" data-e-type=\"column\">\n\t\t\t<div class=\"elementor-widget-wrap elementor-element-populated\">\n\t\t\t\t\t\t<div class=\"elementor-element elementor-element-fec2585 elementor-widget elementor-widget-heading\" data-id=\"fec2585\" data-element_type=\"widget\" data-e-type=\"widget\" data-widget_type=\"heading.default\">\n\t\t\t\t<div class=\"elementor-widget-container\">\n\t\t\t\t\t<h5 class=\"elementor-heading-title elementor-size-default\">Wer sind wir?<\/h5>\t\t\t\t<\/div>\n\t\t\t\t<\/div>\n\t\t\t\t<div class=\"elementor-element elementor-element-73f871c8 elementor-widget-tablet__width-initial elementor-widget-mobile__width-initial elementor-widget elementor-widget-heading\" data-id=\"73f871c8\" data-element_type=\"widget\" data-e-type=\"widget\" data-widget_type=\"heading.default\">\n\t\t\t\t<div class=\"elementor-widget-container\">\n\t\t\t\t\t<h2 class=\"elementor-heading-title elementor-size-default\">Mehr als 10 Jahre Erfahrung<\/h2>\t\t\t\t<\/div>\n\t\t\t\t<\/div>\n\t\t\t\t<div class=\"elementor-element elementor-element-3a4513f1 eael-dual-header-content-align-left elementor-widget elementor-widget-eael-dual-color-header\" data-id=\"3a4513f1\" data-element_type=\"widget\" data-e-type=\"widget\" data-widget_type=\"eael-dual-color-header.default\">\n\t\t\t\t<div class=\"elementor-widget-container\">\n\t\t\t\t\t\t\t\t<div class=\"eael-dual-header\">\n\t\t\t\t<h2 class=\"title eael-dch-title\"><span class=\"eael-dch-title-text eael-dch-title-lead lead solid-color\"><\/span> <span class=\"eael-dch-title-text\">Wir sind Hydro-Dipper. Aktivator, Folie, Farben, Vorbereitung, Endbearbeitung, wir wissen besser als jeder andere, wie man am besten arbeitet! F\u00fcr Fragen stehen wir Ihnen gerne per WhatsApp zur Verf\u00fcgung. Mit ein wenig Hilfe kann JEDER ein Hydro-Dipper werden!<\/span><\/h2>\t\t\t<\/div>\n\n\t\t\t\t\t\t<\/div>\n\t\t\t\t<\/div>\n\t\t\t\t\t<\/div>\n\t\t<\/div>\n\t\t\t\t\t<\/div>\n\t\t<\/section>\n\t\t\t\t<\/div>\n\t\t","protected":false},"excerpt":{"rendered":"<p>Willkommen bei Hydro Dipper! Der beste Shop f\u00fcr Ihr Wassertransferdruck-Material. Der beste Hydro-Dip-Aktivator und die besten Wassertransferdruck-Folien. F\u00fcr Projekte zu Hause gibt es unseren Aktivator jetzt auch in einer praktischen 400ml-Spr\u00fchdose! Aktivator kaufen Wer sind wir? Mehr als 10 Jahre Erfahrung Wir sind Hydro-Dipper. Aktivator, Folie, Farben, Vorbereitung, Endbearbeitung, wir wissen besser als jeder andere, wie man am besten arbeitet! F\u00fcr Fragen stehen wir Ihnen gerne per WhatsApp zur Verf\u00fcgung. Mit ein wenig Hilfe kann JEDER ein Hydro-Dipper werden!<\/p>\n","protected":false},"author":1,"featured_media":0,"parent":0,"menu_order":0,"comment_status":"closed","ping_status":"closed","template":"elementor_header_footer","meta":{"footnotes":""},"class_list":["post-16","page","type-page","status-publish","hentry"],"yoast_head":"<!-- This site is optimized with the Yoast SEO plugin v24.1 - https:\/\/yoast.com\/wordpress\/plugins\/seo\/ -->\n<title>hydro-dipper.com - DE - Home - hydro-dipper.com - DE<\/title>\n<meta name=\"robots\" content=\"index, follow, max-snippet:-1, max-image-preview:large, max-video-preview:-1\" \/>\n<link rel=\"canonical\" href=\"https:\/\/hydro-dipper.com\/de-de\/\" \/>\n<meta property=\"og:locale\" content=\"de_DE\" \/>\n<meta property=\"og:type\" content=\"article\" \/>\n<meta property=\"og:title\" content=\"hydro-dipper.com - DE - Home - hydro-dipper.com - DE\" \/>\n<meta property=\"og:description\" content=\"Willkommen bei Hydro Dipper! Der beste Shop f\u00fcr Ihr Wassertransferdruck-Material. Der beste Hydro-Dip-Aktivator und die besten Wassertransferdruck-Folien. F\u00fcr Projekte zu Hause gibt es unseren Aktivator jetzt auch in einer praktischen 400ml-Spr\u00fchdose! Aktivator kaufen Wer sind wir? Mehr als 10 Jahre Erfahrung Wir sind Hydro-Dipper. Aktivator, Folie, Farben, Vorbereitung, Endbearbeitung, wir wissen besser als jeder andere, wie man am besten arbeitet! F\u00fcr Fragen stehen wir Ihnen gerne per WhatsApp zur Verf\u00fcgung. Mit ein wenig Hilfe kann JEDER ein Hydro-Dipper werden!\" \/>\n<meta property=\"og:url\" content=\"https:\/\/hydro-dipper.com\/de-de\/\" \/>\n<meta property=\"og:site_name\" content=\"hydro-dipper.com - DE\" \/>\n<meta property=\"article:modified_time\" content=\"2025-01-14T19:06:53+00:00\" \/>\n<meta property=\"og:image\" content=\"https:\/\/hydro-dipper.com\/de-de\/wp-content\/uploads\/sites\/4\/2025\/01\/hydro-dipper.com-Activator-400ml.png\" \/>\n\t<meta property=\"og:image:width\" content=\"500\" \/>\n\t<meta property=\"og:image:height\" content=\"500\" \/>\n\t<meta property=\"og:image:type\" content=\"image\/png\" \/>\n<meta name=\"twitter:card\" content=\"summary_large_image\" \/>\n<script type=\"application\/ld+json\" class=\"yoast-schema-graph\">{\"@context\":\"https:\/\/schema.org\",\"@graph\":[{\"@type\":\"WebPage\",\"@id\":\"https:\/\/hydro-dipper.com\/de-de\/\",\"url\":\"https:\/\/hydro-dipper.com\/de-de\/\",\"name\":\"hydro-dipper.com - DE - Home - hydro-dipper.com - DE\",\"isPartOf\":{\"@id\":\"https:\/\/hydro-dipper.com\/de-de\/#website\"},\"primaryImageOfPage\":{\"@id\":\"https:\/\/hydro-dipper.com\/de-de\/#primaryimage\"},\"image\":{\"@id\":\"https:\/\/hydro-dipper.com\/de-de\/#primaryimage\"},\"thumbnailUrl\":\"https:\/\/hydro-dipper.com\/de-de\/wp-content\/uploads\/sites\/4\/2025\/01\/hydro-dipper.com-Activator-400ml.png\",\"datePublished\":\"2025-01-02T18:57:58+00:00\",\"dateModified\":\"2025-01-14T19:06:53+00:00\",\"breadcrumb\":{\"@id\":\"https:\/\/hydro-dipper.com\/de-de\/#breadcrumb\"},\"inLanguage\":\"de\",\"potentialAction\":[{\"@type\":\"ReadAction\",\"target\":[\"https:\/\/hydro-dipper.com\/de-de\/\"]}]},{\"@type\":\"ImageObject\",\"inLanguage\":\"de\",\"@id\":\"https:\/\/hydro-dipper.com\/de-de\/#primaryimage\",\"url\":\"https:\/\/hydro-dipper.com\/de-de\/wp-content\/uploads\/sites\/4\/2025\/01\/hydro-dipper.com-Activator-400ml.png\",\"contentUrl\":\"https:\/\/hydro-dipper.com\/de-de\/wp-content\/uploads\/sites\/4\/2025\/01\/hydro-dipper.com-Activator-400ml.png\",\"width\":500,\"height\":500},{\"@type\":\"BreadcrumbList\",\"@id\":\"https:\/\/hydro-dipper.com\/de-de\/#breadcrumb\",\"itemListElement\":[{\"@type\":\"ListItem\",\"position\":1,\"name\":\"Home\",\"item\":\"https:\/\/hydro-dipper.com\/de-de\/\"},{\"@type\":\"ListItem\",\"position\":2,\"name\":\"hydro-dipper.com &#8211; DE &#8211; Home\"}]},{\"@type\":\"WebSite\",\"@id\":\"https:\/\/hydro-dipper.com\/de-de\/#website\",\"url\":\"https:\/\/hydro-dipper.com\/de-de\/\",\"name\":\"hydro-dipper.com - DE\",\"description\":\"Ihr Online-Shop f\u00fcr Wassertransferdruck-Material\",\"publisher\":{\"@id\":\"https:\/\/hydro-dipper.com\/de-de\/#organization\"},\"potentialAction\":[{\"@type\":\"SearchAction\",\"target\":{\"@type\":\"EntryPoint\",\"urlTemplate\":\"https:\/\/hydro-dipper.com\/de-de\/?s={search_term_string}\"},\"query-input\":{\"@type\":\"PropertyValueSpecification\",\"valueRequired\":true,\"valueName\":\"search_term_string\"}}],\"inLanguage\":\"de\"},{\"@type\":\"Organization\",\"@id\":\"https:\/\/hydro-dipper.com\/de-de\/#organization\",\"name\":\"hydro-dipper.com - DE\",\"url\":\"https:\/\/hydro-dipper.com\/de-de\/\",\"logo\":{\"@type\":\"ImageObject\",\"inLanguage\":\"de\",\"@id\":\"https:\/\/hydro-dipper.com\/de-de\/#\/schema\/logo\/image\/\",\"url\":\"https:\/\/hydro-dipper.com\/de-de\/wp-content\/uploads\/sites\/4\/2025\/01\/hydro-dipper.com-logo-favicon.jpg\",\"contentUrl\":\"https:\/\/hydro-dipper.com\/de-de\/wp-content\/uploads\/sites\/4\/2025\/01\/hydro-dipper.com-logo-favicon.jpg\",\"width\":500,\"height\":500,\"caption\":\"hydro-dipper.com - DE\"},\"image\":{\"@id\":\"https:\/\/hydro-dipper.com\/de-de\/#\/schema\/logo\/image\/\"}}]}<\/script>\n<!-- \/ Yoast SEO plugin. -->","yoast_head_json":{"title":"hydro-dipper.com - DE - Home - hydro-dipper.com - DE","robots":{"index":"index","follow":"follow","max-snippet":"max-snippet:-1","max-image-preview":"max-image-preview:large","max-video-preview":"max-video-preview:-1"},"canonical":"https:\/\/hydro-dipper.com\/de-de\/","og_locale":"de_DE","og_type":"article","og_title":"hydro-dipper.com - DE - Home - hydro-dipper.com - DE","og_description":"Willkommen bei Hydro Dipper! Der beste Shop f\u00fcr Ihr Wassertransferdruck-Material. Der beste Hydro-Dip-Aktivator und die besten Wassertransferdruck-Folien. F\u00fcr Projekte zu Hause gibt es unseren Aktivator jetzt auch in einer praktischen 400ml-Spr\u00fchdose! Aktivator kaufen Wer sind wir? Mehr als 10 Jahre Erfahrung Wir sind Hydro-Dipper. Aktivator, Folie, Farben, Vorbereitung, Endbearbeitung, wir wissen besser als jeder andere, wie man am besten arbeitet! F\u00fcr Fragen stehen wir Ihnen gerne per WhatsApp zur Verf\u00fcgung. Mit ein wenig Hilfe kann JEDER ein Hydro-Dipper werden!","og_url":"https:\/\/hydro-dipper.com\/de-de\/","og_site_name":"hydro-dipper.com - DE","article_modified_time":"2025-01-14T19:06:53+00:00","og_image":[{"width":500,"height":500,"url":"https:\/\/hydro-dipper.com\/de-de\/wp-content\/uploads\/sites\/4\/2025\/01\/hydro-dipper.com-Activator-400ml.png","type":"image\/png"}],"twitter_card":"summary_large_image","schema":{"@context":"https:\/\/schema.org","@graph":[{"@type":"WebPage","@id":"https:\/\/hydro-dipper.com\/de-de\/","url":"https:\/\/hydro-dipper.com\/de-de\/","name":"hydro-dipper.com - DE - Home - hydro-dipper.com - DE","isPartOf":{"@id":"https:\/\/hydro-dipper.com\/de-de\/#website"},"primaryImageOfPage":{"@id":"https:\/\/hydro-dipper.com\/de-de\/#primaryimage"},"image":{"@id":"https:\/\/hydro-dipper.com\/de-de\/#primaryimage"},"thumbnailUrl":"https:\/\/hydro-dipper.com\/de-de\/wp-content\/uploads\/sites\/4\/2025\/01\/hydro-dipper.com-Activator-400ml.png","datePublished":"2025-01-02T18:57:58+00:00","dateModified":"2025-01-14T19:06:53+00:00","breadcrumb":{"@id":"https:\/\/hydro-dipper.com\/de-de\/#breadcrumb"},"inLanguage":"de","potentialAction":[{"@type":"ReadAction","target":["https:\/\/hydro-dipper.com\/de-de\/"]}]},{"@type":"ImageObject","inLanguage":"de","@id":"https:\/\/hydro-dipper.com\/de-de\/#primaryimage","url":"https:\/\/hydro-dipper.com\/de-de\/wp-content\/uploads\/sites\/4\/2025\/01\/hydro-dipper.com-Activator-400ml.png","contentUrl":"https:\/\/hydro-dipper.com\/de-de\/wp-content\/uploads\/sites\/4\/2025\/01\/hydro-dipper.com-Activator-400ml.png","width":500,"height":500},{"@type":"BreadcrumbList","@id":"https:\/\/hydro-dipper.com\/de-de\/#breadcrumb","itemListElement":[{"@type":"ListItem","position":1,"name":"Home","item":"https:\/\/hydro-dipper.com\/de-de\/"},{"@type":"ListItem","position":2,"name":"hydro-dipper.com &#8211; DE &#8211; Home"}]},{"@type":"WebSite","@id":"https:\/\/hydro-dipper.com\/de-de\/#website","url":"https:\/\/hydro-dipper.com\/de-de\/","name":"hydro-dipper.com - DE","description":"Ihr Online-Shop f\u00fcr Wassertransferdruck-Material","publisher":{"@id":"https:\/\/hydro-dipper.com\/de-de\/#organization"},"potentialAction":[{"@type":"SearchAction","target":{"@type":"EntryPoint","urlTemplate":"https:\/\/hydro-dipper.com\/de-de\/?s={search_term_string}"},"query-input":{"@type":"PropertyValueSpecification","valueRequired":true,"valueName":"search_term_string"}}],"inLanguage":"de"},{"@type":"Organization","@id":"https:\/\/hydro-dipper.com\/de-de\/#organization","name":"hydro-dipper.com - DE","url":"https:\/\/hydro-dipper.com\/de-de\/","logo":{"@type":"ImageObject","inLanguage":"de","@id":"https:\/\/hydro-dipper.com\/de-de\/#\/schema\/logo\/image\/","url":"https:\/\/hydro-dipper.com\/de-de\/wp-content\/uploads\/sites\/4\/2025\/01\/hydro-dipper.com-logo-favicon.jpg","contentUrl":"https:\/\/hydro-dipper.com\/de-de\/wp-content\/uploads\/sites\/4\/2025\/01\/hydro-dipper.com-logo-favicon.jpg","width":500,"height":500,"caption":"hydro-dipper.com - DE"},"image":{"@id":"https:\/\/hydro-dipper.com\/de-de\/#\/schema\/logo\/image\/"}}]}},"_links":{"self":[{"href":"https:\/\/hydro-dipper.com\/de-de\/wp-json\/wp\/v2\/pages\/16","targetHints":{"allow":["GET"]}}],"collection":[{"href":"https:\/\/hydro-dipper.com\/de-de\/wp-json\/wp\/v2\/pages"}],"about":[{"href":"https:\/\/hydro-dipper.com\/de-de\/wp-json\/wp\/v2\/types\/page"}],"author":[{"embeddable":true,"href":"https:\/\/hydro-dipper.com\/de-de\/wp-json\/wp\/v2\/users\/1"}],"replies":[{"embeddable":true,"href":"https:\/\/hydro-dipper.com\/de-de\/wp-json\/wp\/v2\/comments?post=16"}],"version-history":[{"count":100,"href":"https:\/\/hydro-dipper.com\/de-de\/wp-json\/wp\/v2\/pages\/16\/revisions"}],"predecessor-version":[{"id":6282,"href":"https:\/\/hydro-dipper.com\/de-de\/wp-json\/wp\/v2\/pages\/16\/revisions\/6282"}],"wp:attachment":[{"href":"https:\/\/hydro-dipper.com\/de-de\/wp-json\/wp\/v2\/media?parent=16"}],"curies":[{"name":"wp","href":"https:\/\/api.w.org\/{rel}","templated":true}]}}