{"id":3,"date":"2025-01-02T15:42:46","date_gmt":"2025-01-02T15:42:46","guid":{"rendered":"http:\/\/hydro-dipper.com\/de-de\/?page_id=3"},"modified":"2025-10-20T17:13:57","modified_gmt":"2025-10-20T16:13:57","slug":"privacy-policy","status":"publish","type":"page","link":"https:\/\/hydro-dipper.com\/de-de\/privacy-policy\/","title":{"rendered":"Privacy Policy"},"content":{"rendered":"<style>.elementor-3 .elementor-element.elementor-element-47b01c60{--display:flex;--padding-top:20px;--padding-bottom:20px;--padding-left:10px;--padding-right:10px;}.elementor-widget-text-editor{font-family:var( --e-global-typography-text-font-family ), Sans-serif;font-weight:var( --e-global-typography-text-font-weight );color:var( --e-global-color-text );}.elementor-widget-text-editor.elementor-drop-cap-view-stacked .elementor-drop-cap{background-color:var( --e-global-color-primary );}.elementor-widget-text-editor.elementor-drop-cap-view-framed .elementor-drop-cap, .elementor-widget-text-editor.elementor-drop-cap-view-default .elementor-drop-cap{color:var( --e-global-color-primary );border-color:var( --e-global-color-primary );}.elementor-3 .elementor-element.elementor-element-4f5d57c0{font-family:\"Roboto\", Sans-serif;font-size:18px;font-weight:400;}<\/style>\t\t<div data-elementor-type=\"wp-page\" data-elementor-id=\"3\" class=\"elementor elementor-3\" data-elementor-post-type=\"page\">\n\t\t\t\t<div class=\"elementor-element elementor-element-47b01c60 e-flex e-con-boxed wpr-particle-no wpr-jarallax-no wpr-parallax-no wpr-sticky-section-no e-con e-parent\" data-id=\"47b01c60\" data-element_type=\"container\">\n\t\t\t\t\t<div class=\"e-con-inner\">\n\t\t\t\t<div class=\"elementor-element elementor-element-4f5d57c0 elementor-widget elementor-widget-text-editor\" data-id=\"4f5d57c0\" data-element_type=\"widget\" data-widget_type=\"text-editor.default\">\n\t\t\t\t<div class=\"elementor-widget-container\">\n\t\t\t\t\t\t\t\t\t<p><strong>Datenschutzrichtlinie<\/strong><\/p><p>Bei Hydro Dipper nehmen wir den Schutz Ihrer pers\u00f6nlichen Daten sehr ernst. In dieser Datenschutzrichtlinie informieren wir Sie dar\u00fcber, wie wir Ihre Daten sammeln, verwenden und sch\u00fctzen.<\/p><p><strong><span class=\"section-title\">1. Daten, die wir sammeln<\/span><\/strong><\/p><p>Pers\u00f6nliche Daten wie Ihr Name, Adresse, E-Mail-Adresse und Telefonnummer, die Sie bei der Bestellung oder Erstellung eines Kontos angeben.<\/p><p>Zahlungsinformationen wie Kreditkartendaten oder Bankdaten, die f\u00fcr die Verarbeitung Ihrer Zahlung erforderlich sind.<\/p><p>Technische Daten wie Ihre IP-Adresse, Browserinformationen und Cookies, die wir zur Verbesserung unserer Website verwenden.<\/p><p><strong><span class=\"section-title\">2. Wie wir Ihre Daten verwenden<\/span><\/strong><\/p><p>Um Ihre Bestellungen zu bearbeiten und zu versenden.<\/p><p>Um Kundenservice zu bieten und auf Ihre Anfragen zu reagieren.<\/p><p>Um unsere Website zu analysieren und zu verbessern.<\/p><p>Um Sie \u00fcber Angebote und Produkte zu informieren, sofern Sie Ihre Zustimmung dazu gegeben haben.<\/p><p><strong><span class=\"section-title\">3. Weitergabe von Daten<\/span><\/strong><\/p><p>Wir geben Ihre Daten nur an Dritte weiter, wenn dies zur Verarbeitung Ihrer Bestellung notwendig ist, wie zum Beispiel an:<\/p><ul><li>Versandpartner wie DHL und DPD.<\/li><li>Zahlungsanbieter zur Bearbeitung der Zahlungen.<\/li><\/ul><p>Wir werden Ihre Daten niemals an Dritte verkaufen.<\/p><p><span class=\"section-title\">4. <strong>Aufbewahrungsfrist<\/strong><\/span><\/p><p>Wir bewahren Ihre Daten nicht l\u00e4nger auf, als es f\u00fcr die Zwecke, f\u00fcr die sie gesammelt wurden, erforderlich ist, es sei denn, wir sind gesetzlich verpflichtet, die Daten l\u00e4nger aufzubewahren.<\/p><p><strong><span class=\"section-title\">5. Ihre Rechte<\/span><\/strong><\/p><ul><li>Sie haben das Recht, Ihre Daten einzusehen, zu korrigieren oder l\u00f6schen zu lassen.<\/li><li>Sie k\u00f6nnen der Nutzung Ihrer Daten zu Marketingzwecken widersprechen.<\/li><li>Sie k\u00f6nnen eine Kopie Ihrer Daten in einem strukturierten, g\u00e4ngigen Format anfordern.<\/li><\/ul><p>F\u00fcr alle diese Anfragen k\u00f6nnen Sie sich an uns wenden unter <span class=\"important\">info@hydro-dipper.com<\/span>.<\/p><p><strong><span class=\"section-title\">6. Sicherheit<\/span><\/strong><\/p><p>Wir treffen angemessene technische und organisatorische Ma\u00dfnahmen, um Ihre Daten vor Verlust, Diebstahl oder unbefugtem Zugriff zu sch\u00fctzen.<\/p><p><strong><span class=\"section-title\">7. Cookies<\/span><\/strong><\/p><p>Unsere Website verwendet Cookies, um die Benutzererfahrung zu verbessern. Weitere Informationen zu unserer Cookie-Richtlinie finden Sie auf unserer separaten Cookie-Richtlinien-Seite.<\/p><p><strong><span class=\"section-title\">8. Kontakt<\/span><\/strong><\/p><p>Bei Fragen oder Beschwerden zu unserer Datenschutzrichtlinie k\u00f6nnen Sie sich unter folgender E-Mail-Adresse an uns wenden:<\/p><p><span class=\"important\">E-Mail:<\/span> <span class=\"important\">info@hydro-dipper.com<\/span><\/p><p>\u00a0<\/p>\t\t\t\t\t\t\t\t<\/div>\n\t\t\t\t<\/div>\n\t\t\t\t\t<\/div>\n\t\t\t\t<\/div>\n\t\t\t\t<\/div>\n\t\t","protected":false},"excerpt":{"rendered":"<p>Datenschutzrichtlinie Bei Hydro Dipper nehmen wir den Schutz Ihrer pers\u00f6nlichen Daten sehr ernst. In dieser Datenschutzrichtlinie informieren wir Sie dar\u00fcber, wie wir Ihre Daten sammeln, verwenden und sch\u00fctzen. 1. Daten, die wir sammeln Pers\u00f6nliche Daten wie Ihr Name, Adresse, E-Mail-Adresse und Telefonnummer, die Sie bei der Bestellung oder Erstellung eines Kontos angeben. Zahlungsinformationen wie Kreditkartendaten oder Bankdaten, die f\u00fcr die Verarbeitung Ihrer Zahlung erforderlich sind. Technische Daten wie Ihre IP-Adresse, Browserinformationen und Cookies, die wir zur Verbesserung unserer Website verwenden. 2. Wie wir Ihre Daten verwenden Um Ihre Bestellungen zu bearbeiten und zu versenden. Um Kundenservice zu bieten und auf Ihre Anfragen zu reagieren. Um unsere Website zu analysieren und zu verbessern. Um Sie \u00fcber Angebote und Produkte zu informieren, sofern Sie Ihre Zustimmung dazu gegeben haben. 3. Weitergabe von Daten Wir geben Ihre Daten nur an Dritte weiter, wenn dies zur Verarbeitung Ihrer Bestellung notwendig ist, wie zum Beispiel an: Versandpartner wie DHL und DPD. Zahlungsanbieter zur Bearbeitung der Zahlungen. Wir werden Ihre Daten niemals an Dritte verkaufen. 4. Aufbewahrungsfrist Wir bewahren Ihre Daten nicht l\u00e4nger auf, als es f\u00fcr die Zwecke, f\u00fcr die sie gesammelt wurden, erforderlich ist, es sei denn, wir sind gesetzlich verpflichtet, die Daten l\u00e4nger aufzubewahren. 5. Ihre Rechte Sie haben das Recht, Ihre Daten einzusehen, zu korrigieren oder l\u00f6schen zu lassen. Sie k\u00f6nnen der Nutzung Ihrer Daten zu Marketingzwecken widersprechen. Sie k\u00f6nnen eine Kopie Ihrer Daten in einem strukturierten, g\u00e4ngigen Format anfordern. F\u00fcr alle diese Anfragen k\u00f6nnen Sie sich an uns wenden unter info@hydro-dipper.com. 6. Sicherheit Wir treffen angemessene technische und organisatorische Ma\u00dfnahmen, um Ihre Daten vor Verlust, Diebstahl oder unbefugtem Zugriff zu sch\u00fctzen. 7. Cookies Unsere Website verwendet Cookies, um die Benutzererfahrung zu verbessern. Weitere Informationen zu unserer Cookie-Richtlinie finden Sie auf unserer separaten Cookie-Richtlinien-Seite. 8. Kontakt Bei Fragen oder Beschwerden zu unserer Datenschutzrichtlinie k\u00f6nnen Sie sich unter folgender E-Mail-Adresse an uns wenden: E-Mail: info@hydro-dipper.com \u00a0<\/p>\n","protected":false},"author":1,"featured_media":0,"parent":0,"menu_order":0,"comment_status":"closed","ping_status":"open","template":"","meta":{"footnotes":""},"class_list":["post-3","page","type-page","status-publish","hentry"],"yoast_head":"<!-- This site is optimized with the Yoast SEO plugin v24.1 - https:\/\/yoast.com\/wordpress\/plugins\/seo\/ -->\n<title>Privacy Policy - hydro-dipper.com - DE<\/title>\n<meta name=\"robots\" content=\"index, follow, max-snippet:-1, max-image-preview:large, max-video-preview:-1\" \/>\n<link rel=\"canonical\" href=\"https:\/\/hydro-dipper.com\/de-de\/privacy-policy\/\" \/>\n<meta property=\"og:locale\" content=\"de_DE\" \/>\n<meta property=\"og:type\" content=\"article\" \/>\n<meta property=\"og:title\" content=\"Privacy Policy - hydro-dipper.com - DE\" \/>\n<meta property=\"og:description\" content=\"Datenschutzrichtlinie Bei Hydro Dipper nehmen wir den Schutz Ihrer pers\u00f6nlichen Daten sehr ernst. In dieser Datenschutzrichtlinie informieren wir Sie dar\u00fcber, wie wir Ihre Daten sammeln, verwenden und sch\u00fctzen. 1. Daten, die wir sammeln Pers\u00f6nliche Daten wie Ihr Name, Adresse, E-Mail-Adresse und Telefonnummer, die Sie bei der Bestellung oder Erstellung eines Kontos angeben. Zahlungsinformationen wie Kreditkartendaten oder Bankdaten, die f\u00fcr die Verarbeitung Ihrer Zahlung erforderlich sind. Technische Daten wie Ihre IP-Adresse, Browserinformationen und Cookies, die wir zur Verbesserung unserer Website verwenden. 2. Wie wir Ihre Daten verwenden Um Ihre Bestellungen zu bearbeiten und zu versenden. Um Kundenservice zu bieten und auf Ihre Anfragen zu reagieren. Um unsere Website zu analysieren und zu verbessern. Um Sie \u00fcber Angebote und Produkte zu informieren, sofern Sie Ihre Zustimmung dazu gegeben haben. 3. Weitergabe von Daten Wir geben Ihre Daten nur an Dritte weiter, wenn dies zur Verarbeitung Ihrer Bestellung notwendig ist, wie zum Beispiel an: Versandpartner wie DHL und DPD. Zahlungsanbieter zur Bearbeitung der Zahlungen. Wir werden Ihre Daten niemals an Dritte verkaufen. 4. Aufbewahrungsfrist Wir bewahren Ihre Daten nicht l\u00e4nger auf, als es f\u00fcr die Zwecke, f\u00fcr die sie gesammelt wurden, erforderlich ist, es sei denn, wir sind gesetzlich verpflichtet, die Daten l\u00e4nger aufzubewahren. 5. Ihre Rechte Sie haben das Recht, Ihre Daten einzusehen, zu korrigieren oder l\u00f6schen zu lassen. Sie k\u00f6nnen der Nutzung Ihrer Daten zu Marketingzwecken widersprechen. Sie k\u00f6nnen eine Kopie Ihrer Daten in einem strukturierten, g\u00e4ngigen Format anfordern. F\u00fcr alle diese Anfragen k\u00f6nnen Sie sich an uns wenden unter info@hydro-dipper.com. 6. Sicherheit Wir treffen angemessene technische und organisatorische Ma\u00dfnahmen, um Ihre Daten vor Verlust, Diebstahl oder unbefugtem Zugriff zu sch\u00fctzen. 7. Cookies Unsere Website verwendet Cookies, um die Benutzererfahrung zu verbessern. Weitere Informationen zu unserer Cookie-Richtlinie finden Sie auf unserer separaten Cookie-Richtlinien-Seite. 8. Kontakt Bei Fragen oder Beschwerden zu unserer Datenschutzrichtlinie k\u00f6nnen Sie sich unter folgender E-Mail-Adresse an uns wenden: E-Mail: info@hydro-dipper.com \u00a0\" \/>\n<meta property=\"og:url\" content=\"https:\/\/hydro-dipper.com\/de-de\/privacy-policy\/\" \/>\n<meta property=\"og:site_name\" content=\"hydro-dipper.com - DE\" \/>\n<meta property=\"article:modified_time\" content=\"2025-10-20T16:13:57+00:00\" \/>\n<meta name=\"twitter:card\" content=\"summary_large_image\" \/>\n<meta name=\"twitter:label1\" content=\"Gesch\u00e4tzte Lesezeit\" \/>\n\t<meta name=\"twitter:data1\" content=\"2\u00a0Minuten\" \/>\n<script type=\"application\/ld+json\" class=\"yoast-schema-graph\">{\"@context\":\"https:\/\/schema.org\",\"@graph\":[{\"@type\":\"WebPage\",\"@id\":\"https:\/\/hydro-dipper.com\/de-de\/privacy-policy\/\",\"url\":\"https:\/\/hydro-dipper.com\/de-de\/privacy-policy\/\",\"name\":\"Privacy Policy - hydro-dipper.com - DE\",\"isPartOf\":{\"@id\":\"https:\/\/hydro-dipper.com\/de-de\/#website\"},\"datePublished\":\"2025-01-02T15:42:46+00:00\",\"dateModified\":\"2025-10-20T16:13:57+00:00\",\"breadcrumb\":{\"@id\":\"https:\/\/hydro-dipper.com\/de-de\/privacy-policy\/#breadcrumb\"},\"inLanguage\":\"de\",\"potentialAction\":[{\"@type\":\"ReadAction\",\"target\":[\"https:\/\/hydro-dipper.com\/de-de\/privacy-policy\/\"]}]},{\"@type\":\"BreadcrumbList\",\"@id\":\"https:\/\/hydro-dipper.com\/de-de\/privacy-policy\/#breadcrumb\",\"itemListElement\":[{\"@type\":\"ListItem\",\"position\":1,\"name\":\"Home\",\"item\":\"https:\/\/hydro-dipper.com\/de-de\/\"},{\"@type\":\"ListItem\",\"position\":2,\"name\":\"Privacy Policy\"}]},{\"@type\":\"WebSite\",\"@id\":\"https:\/\/hydro-dipper.com\/de-de\/#website\",\"url\":\"https:\/\/hydro-dipper.com\/de-de\/\",\"name\":\"hydro-dipper.com - DE\",\"description\":\"Ihr Online-Shop f\u00fcr Wassertransferdruck-Material\",\"publisher\":{\"@id\":\"https:\/\/hydro-dipper.com\/de-de\/#organization\"},\"potentialAction\":[{\"@type\":\"SearchAction\",\"target\":{\"@type\":\"EntryPoint\",\"urlTemplate\":\"https:\/\/hydro-dipper.com\/de-de\/?s={search_term_string}\"},\"query-input\":{\"@type\":\"PropertyValueSpecification\",\"valueRequired\":true,\"valueName\":\"search_term_string\"}}],\"inLanguage\":\"de\"},{\"@type\":\"Organization\",\"@id\":\"https:\/\/hydro-dipper.com\/de-de\/#organization\",\"name\":\"hydro-dipper.com - DE\",\"url\":\"https:\/\/hydro-dipper.com\/de-de\/\",\"logo\":{\"@type\":\"ImageObject\",\"inLanguage\":\"de\",\"@id\":\"https:\/\/hydro-dipper.com\/de-de\/#\/schema\/logo\/image\/\",\"url\":\"https:\/\/hydro-dipper.com\/de-de\/wp-content\/uploads\/sites\/4\/2025\/01\/hydro-dipper.com-logo-favicon.jpg\",\"contentUrl\":\"https:\/\/hydro-dipper.com\/de-de\/wp-content\/uploads\/sites\/4\/2025\/01\/hydro-dipper.com-logo-favicon.jpg\",\"width\":500,\"height\":500,\"caption\":\"hydro-dipper.com - DE\"},\"image\":{\"@id\":\"https:\/\/hydro-dipper.com\/de-de\/#\/schema\/logo\/image\/\"}}]}<\/script>\n<!-- \/ Yoast SEO plugin. -->","yoast_head_json":{"title":"Privacy Policy - hydro-dipper.com - DE","robots":{"index":"index","follow":"follow","max-snippet":"max-snippet:-1","max-image-preview":"max-image-preview:large","max-video-preview":"max-video-preview:-1"},"canonical":"https:\/\/hydro-dipper.com\/de-de\/privacy-policy\/","og_locale":"de_DE","og_type":"article","og_title":"Privacy Policy - hydro-dipper.com - DE","og_description":"Datenschutzrichtlinie Bei Hydro Dipper nehmen wir den Schutz Ihrer pers\u00f6nlichen Daten sehr ernst. In dieser Datenschutzrichtlinie informieren wir Sie dar\u00fcber, wie wir Ihre Daten sammeln, verwenden und sch\u00fctzen. 1. Daten, die wir sammeln Pers\u00f6nliche Daten wie Ihr Name, Adresse, E-Mail-Adresse und Telefonnummer, die Sie bei der Bestellung oder Erstellung eines Kontos angeben. Zahlungsinformationen wie Kreditkartendaten oder Bankdaten, die f\u00fcr die Verarbeitung Ihrer Zahlung erforderlich sind. Technische Daten wie Ihre IP-Adresse, Browserinformationen und Cookies, die wir zur Verbesserung unserer Website verwenden. 2. Wie wir Ihre Daten verwenden Um Ihre Bestellungen zu bearbeiten und zu versenden. Um Kundenservice zu bieten und auf Ihre Anfragen zu reagieren. Um unsere Website zu analysieren und zu verbessern. Um Sie \u00fcber Angebote und Produkte zu informieren, sofern Sie Ihre Zustimmung dazu gegeben haben. 3. Weitergabe von Daten Wir geben Ihre Daten nur an Dritte weiter, wenn dies zur Verarbeitung Ihrer Bestellung notwendig ist, wie zum Beispiel an: Versandpartner wie DHL und DPD. Zahlungsanbieter zur Bearbeitung der Zahlungen. Wir werden Ihre Daten niemals an Dritte verkaufen. 4. Aufbewahrungsfrist Wir bewahren Ihre Daten nicht l\u00e4nger auf, als es f\u00fcr die Zwecke, f\u00fcr die sie gesammelt wurden, erforderlich ist, es sei denn, wir sind gesetzlich verpflichtet, die Daten l\u00e4nger aufzubewahren. 5. Ihre Rechte Sie haben das Recht, Ihre Daten einzusehen, zu korrigieren oder l\u00f6schen zu lassen. Sie k\u00f6nnen der Nutzung Ihrer Daten zu Marketingzwecken widersprechen. Sie k\u00f6nnen eine Kopie Ihrer Daten in einem strukturierten, g\u00e4ngigen Format anfordern. F\u00fcr alle diese Anfragen k\u00f6nnen Sie sich an uns wenden unter info@hydro-dipper.com. 6. Sicherheit Wir treffen angemessene technische und organisatorische Ma\u00dfnahmen, um Ihre Daten vor Verlust, Diebstahl oder unbefugtem Zugriff zu sch\u00fctzen. 7. Cookies Unsere Website verwendet Cookies, um die Benutzererfahrung zu verbessern. Weitere Informationen zu unserer Cookie-Richtlinie finden Sie auf unserer separaten Cookie-Richtlinien-Seite. 8. Kontakt Bei Fragen oder Beschwerden zu unserer Datenschutzrichtlinie k\u00f6nnen Sie sich unter folgender E-Mail-Adresse an uns wenden: E-Mail: info@hydro-dipper.com \u00a0","og_url":"https:\/\/hydro-dipper.com\/de-de\/privacy-policy\/","og_site_name":"hydro-dipper.com - DE","article_modified_time":"2025-10-20T16:13:57+00:00","twitter_card":"summary_large_image","twitter_misc":{"Gesch\u00e4tzte Lesezeit":"2\u00a0Minuten"},"schema":{"@context":"https:\/\/schema.org","@graph":[{"@type":"WebPage","@id":"https:\/\/hydro-dipper.com\/de-de\/privacy-policy\/","url":"https:\/\/hydro-dipper.com\/de-de\/privacy-policy\/","name":"Privacy Policy - hydro-dipper.com - DE","isPartOf":{"@id":"https:\/\/hydro-dipper.com\/de-de\/#website"},"datePublished":"2025-01-02T15:42:46+00:00","dateModified":"2025-10-20T16:13:57+00:00","breadcrumb":{"@id":"https:\/\/hydro-dipper.com\/de-de\/privacy-policy\/#breadcrumb"},"inLanguage":"de","potentialAction":[{"@type":"ReadAction","target":["https:\/\/hydro-dipper.com\/de-de\/privacy-policy\/"]}]},{"@type":"BreadcrumbList","@id":"https:\/\/hydro-dipper.com\/de-de\/privacy-policy\/#breadcrumb","itemListElement":[{"@type":"ListItem","position":1,"name":"Home","item":"https:\/\/hydro-dipper.com\/de-de\/"},{"@type":"ListItem","position":2,"name":"Privacy Policy"}]},{"@type":"WebSite","@id":"https:\/\/hydro-dipper.com\/de-de\/#website","url":"https:\/\/hydro-dipper.com\/de-de\/","name":"hydro-dipper.com - DE","description":"Ihr Online-Shop f\u00fcr Wassertransferdruck-Material","publisher":{"@id":"https:\/\/hydro-dipper.com\/de-de\/#organization"},"potentialAction":[{"@type":"SearchAction","target":{"@type":"EntryPoint","urlTemplate":"https:\/\/hydro-dipper.com\/de-de\/?s={search_term_string}"},"query-input":{"@type":"PropertyValueSpecification","valueRequired":true,"valueName":"search_term_string"}}],"inLanguage":"de"},{"@type":"Organization","@id":"https:\/\/hydro-dipper.com\/de-de\/#organization","name":"hydro-dipper.com - DE","url":"https:\/\/hydro-dipper.com\/de-de\/","logo":{"@type":"ImageObject","inLanguage":"de","@id":"https:\/\/hydro-dipper.com\/de-de\/#\/schema\/logo\/image\/","url":"https:\/\/hydro-dipper.com\/de-de\/wp-content\/uploads\/sites\/4\/2025\/01\/hydro-dipper.com-logo-favicon.jpg","contentUrl":"https:\/\/hydro-dipper.com\/de-de\/wp-content\/uploads\/sites\/4\/2025\/01\/hydro-dipper.com-logo-favicon.jpg","width":500,"height":500,"caption":"hydro-dipper.com - DE"},"image":{"@id":"https:\/\/hydro-dipper.com\/de-de\/#\/schema\/logo\/image\/"}}]}},"_links":{"self":[{"href":"https:\/\/hydro-dipper.com\/de-de\/wp-json\/wp\/v2\/pages\/3","targetHints":{"allow":["GET"]}}],"collection":[{"href":"https:\/\/hydro-dipper.com\/de-de\/wp-json\/wp\/v2\/pages"}],"about":[{"href":"https:\/\/hydro-dipper.com\/de-de\/wp-json\/wp\/v2\/types\/page"}],"author":[{"embeddable":true,"href":"https:\/\/hydro-dipper.com\/de-de\/wp-json\/wp\/v2\/users\/1"}],"replies":[{"embeddable":true,"href":"https:\/\/hydro-dipper.com\/de-de\/wp-json\/wp\/v2\/comments?post=3"}],"version-history":[{"count":9,"href":"https:\/\/hydro-dipper.com\/de-de\/wp-json\/wp\/v2\/pages\/3\/revisions"}],"predecessor-version":[{"id":6438,"href":"https:\/\/hydro-dipper.com\/de-de\/wp-json\/wp\/v2\/pages\/3\/revisions\/6438"}],"wp:attachment":[{"href":"https:\/\/hydro-dipper.com\/de-de\/wp-json\/wp\/v2\/media?parent=3"}],"curies":[{"name":"wp","href":"https:\/\/api.w.org\/{rel}","templated":true}]}}