{"id":5768,"date":"2022-07-05T16:25:49","date_gmt":"2022-07-05T15:25:49","guid":{"rendered":"https:\/\/hydro-dipper.com\/de-de\/?post_type=product&#038;p=5768"},"modified":"2025-05-22T07:52:19","modified_gmt":"2025-05-22T06:52:19","slug":"carbon-silver-iii-pva-folie","status":"publish","type":"product","link":"https:\/\/hydro-dipper.com\/de-de\/product\/carbon-silver-iii-pva-folie\/","title":{"rendered":"Carbon 6 Wassertransferdruck-Folie"},"content":{"rendered":"<h2>Carbon 6 Wassertransferdruck-Folie<\/h2>\n<p>Mit der Carbon 6 Wassertransferdruck-Folie k\u00f6nnen Sie m\u00fchelos eine stilvolle Carbon-Optik auf verschiedenen Oberfl\u00e4chen erzeugen. Hergestellt aus den hochwertigsten Materialien bietet diese Folie eine hervorragende Druckqualit\u00e4t und eine einfache Anwendung. Die Wassertransferdruck-Technik, auch als Hydro Dipping bekannt, erm\u00f6glicht eine Vielzahl von Anwendungsm\u00f6glichkeiten f\u00fcr die Carbon 6 Wassertransferdruck-Folie.<\/p>\n<p><strong>Hier sind drei Beispiele, wie Sie die Carbon 6 Folie verwenden k\u00f6nnen:<\/strong><\/p>\n<ul>\n<li>Heimwerkerprojekte: Wenn Sie gerne DIY-Projekte durchf\u00fchren, dann ist die Carbon 6 Folie eine ausgezeichnete Wahl. Sie k\u00f6nnen die Folie auf M\u00f6beln, Schmuckk\u00e4stchen, Lampen oder anderen Gegenst\u00e4nden anbringen, um ihnen eine luxuri\u00f6se Carbon-Optik zu verleihen. Das Ergebnis ist eine atemberaubende Optik, die Ihre Freunde und Familie beeindrucken wird.<\/li>\n<li>Elektronikger\u00e4te: Die Carbon 6 Folie eignet sich auch hervorragend f\u00fcr die Veredelung von elektronischen Ger\u00e4ten wie Laptops, Handys und Tablets. Mit der Folie k\u00f6nnen Sie Ihren Ger\u00e4ten eine einzigartige und moderne Optik verleihen und sie von anderen Ger\u00e4ten abheben.<\/li>\n<li>Industrielle Anwendungen: Die Carbon 6 Folie wird auch h\u00e4ufig in der Industrie eingesetzt, um Maschinen, Werkzeuge und andere Gegenst\u00e4nde zu veredeln. Durch das Anbringen der Folie auf diesen Gegenst\u00e4nden k\u00f6nnen Sie sie vor Abnutzung sch\u00fctzen und ihnen eine einzigartige Optik verleihen.<\/li>\n<\/ul>\n<p>&nbsp;<\/p>\n<p>Die Carbon 6 Wassertransferdruck-Folie ist eine hervorragende Wahl f\u00fcr alle, die ihre Kreativit\u00e4t ausleben m\u00f6chten. Ob f\u00fcr DIY-Projekte oder industrielle Anwendungen, die hochwertigen Materialien und die einfache Anwendung machen die Carbon 6 Folie zu einer ausgezeichneten Wahl. Mit der Wassertransferdruck-Technik k\u00f6nnen Sie m\u00fchelos eine beeindruckende Carbon-Optik erzielen, die alle begeistern wird.<\/p>\n","protected":false},"excerpt":{"rendered":"<p>Wassertransferdruck-Folie in Premium-Qualit\u00e4t. <\/p>\n<p>Der Preis versteht sich immer pro m\u00b2 (Quadratmeter) <\/p>\n<p>Bei Bestellung mehrerer Einheiten des gleichen Design schneiden wir die Gesamtl\u00e4nge an einem St\u00fcck zu. <\/p>\n<p>Diese Wassertransferdruck-Folie ist 50cm breit (der Preis gilt also f\u00fcr 200cm x 50cm)<\/p>\n","protected":false},"featured_media":5769,"comment_status":"open","ping_status":"closed","template":"","meta":[],"product_brand":[],"product_cat":[88],"product_tag":[],"class_list":{"0":"post-5768","1":"product","2":"type-product","3":"status-publish","4":"has-post-thumbnail","6":"product_cat-carbon-fibre-wassertransferdruck-pva","8":"first","9":"instock","10":"taxable","11":"shipping-taxable","12":"purchasable","13":"product-type-simple"},"yoast_head":"<!-- This site is optimized with the Yoast SEO plugin v24.1 - https:\/\/yoast.com\/wordpress\/plugins\/seo\/ -->\n<title>Carbon 6 Wassertransferdruck-Folie - hydro-dipper.com - DE<\/title>\n<meta name=\"description\" content=\"Carbon 6 Wassertransferdruck-Folie bietet robuste und langlebige Designs f\u00fcr kreative Anwendungen. Ideal f\u00fcr DIY-Projekte!\" \/>\n<meta name=\"robots\" content=\"index, follow, max-snippet:-1, max-image-preview:large, max-video-preview:-1\" \/>\n<link rel=\"canonical\" href=\"https:\/\/hydro-dipper.com\/de-de\/product\/carbon-silver-iii-pva-folie\/\" \/>\n<meta property=\"og:locale\" content=\"de_DE\" \/>\n<meta property=\"og:type\" content=\"article\" \/>\n<meta property=\"og:title\" content=\"Carbon 6 Wassertransferdruck-Folie - hydro-dipper.com - DE\" \/>\n<meta property=\"og:description\" content=\"Carbon 6 Wassertransferdruck-Folie bietet robuste und langlebige Designs f\u00fcr kreative Anwendungen. Ideal f\u00fcr DIY-Projekte!\" \/>\n<meta property=\"og:url\" content=\"https:\/\/hydro-dipper.com\/de-de\/product\/carbon-silver-iii-pva-folie\/\" \/>\n<meta property=\"og:site_name\" content=\"hydro-dipper.com - DE\" \/>\n<meta property=\"article:modified_time\" content=\"2025-05-22T06:52:19+00:00\" \/>\n<meta property=\"og:image\" content=\"https:\/\/hydro-dipper.com\/de-de\/wp-content\/uploads\/sites\/4\/2025\/01\/Carbon-6-2.jpg\" \/>\n\t<meta property=\"og:image:width\" content=\"800\" \/>\n\t<meta property=\"og:image:height\" content=\"800\" \/>\n\t<meta property=\"og:image:type\" content=\"image\/jpeg\" \/>\n<meta name=\"twitter:card\" content=\"summary_large_image\" \/>\n<meta name=\"twitter:label1\" content=\"Gesch\u00e4tzte Lesezeit\" \/>\n\t<meta name=\"twitter:data1\" content=\"1\u00a0Minute\" \/>\n<script type=\"application\/ld+json\" class=\"yoast-schema-graph\">{\"@context\":\"https:\/\/schema.org\",\"@graph\":[{\"@type\":\"WebPage\",\"@id\":\"https:\/\/hydro-dipper.com\/de-de\/product\/carbon-silver-iii-pva-folie\/\",\"url\":\"https:\/\/hydro-dipper.com\/de-de\/product\/carbon-silver-iii-pva-folie\/\",\"name\":\"Carbon 6 Wassertransferdruck-Folie - hydro-dipper.com - DE\",\"isPartOf\":{\"@id\":\"https:\/\/hydro-dipper.com\/de-de\/#website\"},\"primaryImageOfPage\":{\"@id\":\"https:\/\/hydro-dipper.com\/de-de\/product\/carbon-silver-iii-pva-folie\/#primaryimage\"},\"image\":{\"@id\":\"https:\/\/hydro-dipper.com\/de-de\/product\/carbon-silver-iii-pva-folie\/#primaryimage\"},\"thumbnailUrl\":\"https:\/\/hydro-dipper.com\/de-de\/wp-content\/uploads\/sites\/4\/2025\/01\/Carbon-6-2.jpg\",\"datePublished\":\"2022-07-05T15:25:49+00:00\",\"dateModified\":\"2025-05-22T06:52:19+00:00\",\"description\":\"Carbon 6 Wassertransferdruck-Folie bietet robuste und langlebige Designs f\u00fcr kreative Anwendungen. Ideal f\u00fcr DIY-Projekte!\",\"breadcrumb\":{\"@id\":\"https:\/\/hydro-dipper.com\/de-de\/product\/carbon-silver-iii-pva-folie\/#breadcrumb\"},\"inLanguage\":\"de\",\"potentialAction\":[{\"@type\":\"ReadAction\",\"target\":[\"https:\/\/hydro-dipper.com\/de-de\/product\/carbon-silver-iii-pva-folie\/\"]}]},{\"@type\":\"ImageObject\",\"inLanguage\":\"de\",\"@id\":\"https:\/\/hydro-dipper.com\/de-de\/product\/carbon-silver-iii-pva-folie\/#primaryimage\",\"url\":\"https:\/\/hydro-dipper.com\/de-de\/wp-content\/uploads\/sites\/4\/2025\/01\/Carbon-6-2.jpg\",\"contentUrl\":\"https:\/\/hydro-dipper.com\/de-de\/wp-content\/uploads\/sites\/4\/2025\/01\/Carbon-6-2.jpg\",\"width\":800,\"height\":800},{\"@type\":\"BreadcrumbList\",\"@id\":\"https:\/\/hydro-dipper.com\/de-de\/product\/carbon-silver-iii-pva-folie\/#breadcrumb\",\"itemListElement\":[{\"@type\":\"ListItem\",\"position\":1,\"name\":\"Home\",\"item\":\"https:\/\/hydro-dipper.com\/de-de\/\"},{\"@type\":\"ListItem\",\"position\":2,\"name\":\"Shop\",\"item\":\"https:\/\/hydro-dipper.com\/de-de\/shop\/\"},{\"@type\":\"ListItem\",\"position\":3,\"name\":\"Carbon 6 Wassertransferdruck-Folie\"}]},{\"@type\":\"WebSite\",\"@id\":\"https:\/\/hydro-dipper.com\/de-de\/#website\",\"url\":\"https:\/\/hydro-dipper.com\/de-de\/\",\"name\":\"hydro-dipper.com - DE\",\"description\":\"Ihr Online-Shop f\u00fcr Wassertransferdruck-Material\",\"publisher\":{\"@id\":\"https:\/\/hydro-dipper.com\/de-de\/#organization\"},\"potentialAction\":[{\"@type\":\"SearchAction\",\"target\":{\"@type\":\"EntryPoint\",\"urlTemplate\":\"https:\/\/hydro-dipper.com\/de-de\/?s={search_term_string}\"},\"query-input\":{\"@type\":\"PropertyValueSpecification\",\"valueRequired\":true,\"valueName\":\"search_term_string\"}}],\"inLanguage\":\"de\"},{\"@type\":\"Organization\",\"@id\":\"https:\/\/hydro-dipper.com\/de-de\/#organization\",\"name\":\"hydro-dipper.com - DE\",\"url\":\"https:\/\/hydro-dipper.com\/de-de\/\",\"logo\":{\"@type\":\"ImageObject\",\"inLanguage\":\"de\",\"@id\":\"https:\/\/hydro-dipper.com\/de-de\/#\/schema\/logo\/image\/\",\"url\":\"https:\/\/hydro-dipper.com\/de-de\/wp-content\/uploads\/sites\/4\/2025\/01\/hydro-dipper.com-logo-favicon.jpg\",\"contentUrl\":\"https:\/\/hydro-dipper.com\/de-de\/wp-content\/uploads\/sites\/4\/2025\/01\/hydro-dipper.com-logo-favicon.jpg\",\"width\":500,\"height\":500,\"caption\":\"hydro-dipper.com - DE\"},\"image\":{\"@id\":\"https:\/\/hydro-dipper.com\/de-de\/#\/schema\/logo\/image\/\"}}]}<\/script>\n<!-- \/ Yoast SEO plugin. -->","yoast_head_json":{"title":"Carbon 6 Wassertransferdruck-Folie - hydro-dipper.com - DE","description":"Carbon 6 Wassertransferdruck-Folie bietet robuste und langlebige Designs f\u00fcr kreative Anwendungen. Ideal f\u00fcr DIY-Projekte!","robots":{"index":"index","follow":"follow","max-snippet":"max-snippet:-1","max-image-preview":"max-image-preview:large","max-video-preview":"max-video-preview:-1"},"canonical":"https:\/\/hydro-dipper.com\/de-de\/product\/carbon-silver-iii-pva-folie\/","og_locale":"de_DE","og_type":"article","og_title":"Carbon 6 Wassertransferdruck-Folie - hydro-dipper.com - DE","og_description":"Carbon 6 Wassertransferdruck-Folie bietet robuste und langlebige Designs f\u00fcr kreative Anwendungen. Ideal f\u00fcr DIY-Projekte!","og_url":"https:\/\/hydro-dipper.com\/de-de\/product\/carbon-silver-iii-pva-folie\/","og_site_name":"hydro-dipper.com - DE","article_modified_time":"2025-05-22T06:52:19+00:00","og_image":[{"width":800,"height":800,"url":"https:\/\/hydro-dipper.com\/de-de\/wp-content\/uploads\/sites\/4\/2025\/01\/Carbon-6-2.jpg","type":"image\/jpeg"}],"twitter_card":"summary_large_image","twitter_misc":{"Gesch\u00e4tzte Lesezeit":"1\u00a0Minute"},"schema":{"@context":"https:\/\/schema.org","@graph":[{"@type":"WebPage","@id":"https:\/\/hydro-dipper.com\/de-de\/product\/carbon-silver-iii-pva-folie\/","url":"https:\/\/hydro-dipper.com\/de-de\/product\/carbon-silver-iii-pva-folie\/","name":"Carbon 6 Wassertransferdruck-Folie - hydro-dipper.com - DE","isPartOf":{"@id":"https:\/\/hydro-dipper.com\/de-de\/#website"},"primaryImageOfPage":{"@id":"https:\/\/hydro-dipper.com\/de-de\/product\/carbon-silver-iii-pva-folie\/#primaryimage"},"image":{"@id":"https:\/\/hydro-dipper.com\/de-de\/product\/carbon-silver-iii-pva-folie\/#primaryimage"},"thumbnailUrl":"https:\/\/hydro-dipper.com\/de-de\/wp-content\/uploads\/sites\/4\/2025\/01\/Carbon-6-2.jpg","datePublished":"2022-07-05T15:25:49+00:00","dateModified":"2025-05-22T06:52:19+00:00","description":"Carbon 6 Wassertransferdruck-Folie bietet robuste und langlebige Designs f\u00fcr kreative Anwendungen. Ideal f\u00fcr DIY-Projekte!","breadcrumb":{"@id":"https:\/\/hydro-dipper.com\/de-de\/product\/carbon-silver-iii-pva-folie\/#breadcrumb"},"inLanguage":"de","potentialAction":[{"@type":"ReadAction","target":["https:\/\/hydro-dipper.com\/de-de\/product\/carbon-silver-iii-pva-folie\/"]}]},{"@type":"ImageObject","inLanguage":"de","@id":"https:\/\/hydro-dipper.com\/de-de\/product\/carbon-silver-iii-pva-folie\/#primaryimage","url":"https:\/\/hydro-dipper.com\/de-de\/wp-content\/uploads\/sites\/4\/2025\/01\/Carbon-6-2.jpg","contentUrl":"https:\/\/hydro-dipper.com\/de-de\/wp-content\/uploads\/sites\/4\/2025\/01\/Carbon-6-2.jpg","width":800,"height":800},{"@type":"BreadcrumbList","@id":"https:\/\/hydro-dipper.com\/de-de\/product\/carbon-silver-iii-pva-folie\/#breadcrumb","itemListElement":[{"@type":"ListItem","position":1,"name":"Home","item":"https:\/\/hydro-dipper.com\/de-de\/"},{"@type":"ListItem","position":2,"name":"Shop","item":"https:\/\/hydro-dipper.com\/de-de\/shop\/"},{"@type":"ListItem","position":3,"name":"Carbon 6 Wassertransferdruck-Folie"}]},{"@type":"WebSite","@id":"https:\/\/hydro-dipper.com\/de-de\/#website","url":"https:\/\/hydro-dipper.com\/de-de\/","name":"hydro-dipper.com - DE","description":"Ihr Online-Shop f\u00fcr Wassertransferdruck-Material","publisher":{"@id":"https:\/\/hydro-dipper.com\/de-de\/#organization"},"potentialAction":[{"@type":"SearchAction","target":{"@type":"EntryPoint","urlTemplate":"https:\/\/hydro-dipper.com\/de-de\/?s={search_term_string}"},"query-input":{"@type":"PropertyValueSpecification","valueRequired":true,"valueName":"search_term_string"}}],"inLanguage":"de"},{"@type":"Organization","@id":"https:\/\/hydro-dipper.com\/de-de\/#organization","name":"hydro-dipper.com - DE","url":"https:\/\/hydro-dipper.com\/de-de\/","logo":{"@type":"ImageObject","inLanguage":"de","@id":"https:\/\/hydro-dipper.com\/de-de\/#\/schema\/logo\/image\/","url":"https:\/\/hydro-dipper.com\/de-de\/wp-content\/uploads\/sites\/4\/2025\/01\/hydro-dipper.com-logo-favicon.jpg","contentUrl":"https:\/\/hydro-dipper.com\/de-de\/wp-content\/uploads\/sites\/4\/2025\/01\/hydro-dipper.com-logo-favicon.jpg","width":500,"height":500,"caption":"hydro-dipper.com - DE"},"image":{"@id":"https:\/\/hydro-dipper.com\/de-de\/#\/schema\/logo\/image\/"}}]}},"_links":{"self":[{"href":"https:\/\/hydro-dipper.com\/de-de\/wp-json\/wp\/v2\/product\/5768","targetHints":{"allow":["GET"]}}],"collection":[{"href":"https:\/\/hydro-dipper.com\/de-de\/wp-json\/wp\/v2\/product"}],"about":[{"href":"https:\/\/hydro-dipper.com\/de-de\/wp-json\/wp\/v2\/types\/product"}],"replies":[{"embeddable":true,"href":"https:\/\/hydro-dipper.com\/de-de\/wp-json\/wp\/v2\/comments?post=5768"}],"wp:featuredmedia":[{"embeddable":true,"href":"https:\/\/hydro-dipper.com\/de-de\/wp-json\/wp\/v2\/media\/5769"}],"wp:attachment":[{"href":"https:\/\/hydro-dipper.com\/de-de\/wp-json\/wp\/v2\/media?parent=5768"}],"wp:term":[{"taxonomy":"product_brand","embeddable":true,"href":"https:\/\/hydro-dipper.com\/de-de\/wp-json\/wp\/v2\/product_brand?post=5768"},{"taxonomy":"product_cat","embeddable":true,"href":"https:\/\/hydro-dipper.com\/de-de\/wp-json\/wp\/v2\/product_cat?post=5768"},{"taxonomy":"product_tag","embeddable":true,"href":"https:\/\/hydro-dipper.com\/de-de\/wp-json\/wp\/v2\/product_tag?post=5768"}],"curies":[{"name":"wp","href":"https:\/\/api.w.org\/{rel}","templated":true}]}}