{"id":5968,"date":"2022-09-26T17:18:07","date_gmt":"2022-09-26T16:18:07","guid":{"rendered":"https:\/\/hydro-dipper.com\/de-de\/?post_type=product&#038;p=5968"},"modified":"2025-07-15T21:40:33","modified_gmt":"2025-07-15T20:40:33","slug":"photobomb-3-pva-folie","status":"publish","type":"product","link":"https:\/\/hydro-dipper.com\/de-de\/product\/photobomb-3-pva-folie\/","title":{"rendered":"Stickerbomb 3 Wassertransferdruck-Folie"},"content":{"rendered":"<p>Wassertransferdruck, auch bekannt als Hydro Dipping, ist einfacher als man denkt, mit den besten Materialien und Anleitungen kann jeder leicht lernen, wie man es zu Hause selbst macht.<\/p>\n<p>Wir senden mit jeder Bestellung eine ausf\u00fchrliche Bedienungsanleitung zu und unser Team steht Ihnen zur Verf\u00fcgung! Wir sind 7 Tage die Woche auf Whatsapp erreichbar, wir geben uns M\u00fche und versuchen auch am Wochenende erreichbar zu sein!<\/p>\n<p>Vergessen Sie nicht auch Wassertransferdruck-Aktivator zu bestellen, ohne Aktivator k\u00f6nnen Sie Ihre Wassertransferdruck-Projekte nicht durchf\u00fchren!<\/p>\n","protected":false},"excerpt":{"rendered":"<p>Stickerbomb 3 Wassertransferdruck-Folie<\/p>\n<ul>\n<li>Wassertransferdruck-Folie in Premium-Qualit\u00e4t.\n<li>Der Preis versteht sich immer pro m\u00b2 (Quadratmeter)\n<li>Bei Bestellung mehrerer Einheiten des gleichen Design schneiden wir die Gesamtl\u00e4nge an einem St\u00fcck zu.\n<li>Diese Wassertransferdruck-Folie ist 50cm breit (der Preis gilt also f\u00fcr 200cm x 50cm)<br \/>\n","protected":false},"featured_media":5969,"comment_status":"open","ping_status":"closed","template":"","meta":[],"product_brand":[],"product_cat":[91,94,87],"product_tag":[],"class_list":{"0":"post-5968","1":"product","2":"type-product","3":"status-publish","4":"has-post-thumbnail","6":"product_cat-design-wassertransferdruck-pva","7":"product_cat-stickerbomb-wassertransferdruck-folien","8":"product_cat-wassertransferdruck-pva","10":"first","11":"instock","12":"taxable","13":"shipping-taxable","14":"purchasable","15":"product-type-simple"},"yoast_head":"<!-- This site is optimized with the Yoast SEO plugin v24.1 - https:\/\/yoast.com\/wordpress\/plugins\/seo\/ -->\n<title>Stickerbomb 3 Wassertransferdruck-Folie - hydro-dipper.com - DE<\/title>\n<meta name=\"description\" content=\"Stickerbomb 3 Wassertransferdruck-Folie bringt kreative, auff\u00e4llige Designs f\u00fcr Skateboards und Gaming-Setups. Ideal f\u00fcr pers\u00f6nliche Projekte!\" \/>\n<meta name=\"robots\" content=\"index, follow, max-snippet:-1, max-image-preview:large, max-video-preview:-1\" \/>\n<link rel=\"canonical\" href=\"https:\/\/hydro-dipper.com\/de-de\/product\/photobomb-3-pva-folie\/\" \/>\n<meta property=\"og:locale\" content=\"de_DE\" \/>\n<meta property=\"og:type\" content=\"article\" \/>\n<meta property=\"og:title\" content=\"Stickerbomb 3 Wassertransferdruck-Folie - hydro-dipper.com - DE\" \/>\n<meta property=\"og:description\" content=\"Stickerbomb 3 Wassertransferdruck-Folie bringt kreative, auff\u00e4llige Designs f\u00fcr Skateboards und Gaming-Setups. Ideal f\u00fcr pers\u00f6nliche Projekte!\" \/>\n<meta property=\"og:url\" content=\"https:\/\/hydro-dipper.com\/de-de\/product\/photobomb-3-pva-folie\/\" \/>\n<meta property=\"og:site_name\" content=\"hydro-dipper.com - DE\" \/>\n<meta property=\"article:modified_time\" content=\"2025-07-15T20:40:33+00:00\" \/>\n<meta property=\"og:image\" content=\"https:\/\/hydro-dipper.com\/de-de\/wp-content\/uploads\/sites\/4\/2025\/01\/Photobomb-3-1.jpg\" \/>\n\t<meta property=\"og:image:width\" content=\"800\" \/>\n\t<meta property=\"og:image:height\" content=\"800\" \/>\n\t<meta property=\"og:image:type\" content=\"image\/jpeg\" \/>\n<meta name=\"twitter:card\" content=\"summary_large_image\" \/>\n<script type=\"application\/ld+json\" class=\"yoast-schema-graph\">{\"@context\":\"https:\/\/schema.org\",\"@graph\":[{\"@type\":\"WebPage\",\"@id\":\"https:\/\/hydro-dipper.com\/de-de\/product\/photobomb-3-pva-folie\/\",\"url\":\"https:\/\/hydro-dipper.com\/de-de\/product\/photobomb-3-pva-folie\/\",\"name\":\"Stickerbomb 3 Wassertransferdruck-Folie - hydro-dipper.com - DE\",\"isPartOf\":{\"@id\":\"https:\/\/hydro-dipper.com\/de-de\/#website\"},\"primaryImageOfPage\":{\"@id\":\"https:\/\/hydro-dipper.com\/de-de\/product\/photobomb-3-pva-folie\/#primaryimage\"},\"image\":{\"@id\":\"https:\/\/hydro-dipper.com\/de-de\/product\/photobomb-3-pva-folie\/#primaryimage\"},\"thumbnailUrl\":\"https:\/\/hydro-dipper.com\/de-de\/wp-content\/uploads\/sites\/4\/2025\/01\/Photobomb-3-1.jpg\",\"datePublished\":\"2022-09-26T16:18:07+00:00\",\"dateModified\":\"2025-07-15T20:40:33+00:00\",\"description\":\"Stickerbomb 3 Wassertransferdruck-Folie bringt kreative, auff\u00e4llige Designs f\u00fcr Skateboards und Gaming-Setups. Ideal f\u00fcr pers\u00f6nliche Projekte!\",\"breadcrumb\":{\"@id\":\"https:\/\/hydro-dipper.com\/de-de\/product\/photobomb-3-pva-folie\/#breadcrumb\"},\"inLanguage\":\"de\",\"potentialAction\":[{\"@type\":\"ReadAction\",\"target\":[\"https:\/\/hydro-dipper.com\/de-de\/product\/photobomb-3-pva-folie\/\"]}]},{\"@type\":\"ImageObject\",\"inLanguage\":\"de\",\"@id\":\"https:\/\/hydro-dipper.com\/de-de\/product\/photobomb-3-pva-folie\/#primaryimage\",\"url\":\"https:\/\/hydro-dipper.com\/de-de\/wp-content\/uploads\/sites\/4\/2025\/01\/Photobomb-3-1.jpg\",\"contentUrl\":\"https:\/\/hydro-dipper.com\/de-de\/wp-content\/uploads\/sites\/4\/2025\/01\/Photobomb-3-1.jpg\",\"width\":800,\"height\":800},{\"@type\":\"BreadcrumbList\",\"@id\":\"https:\/\/hydro-dipper.com\/de-de\/product\/photobomb-3-pva-folie\/#breadcrumb\",\"itemListElement\":[{\"@type\":\"ListItem\",\"position\":1,\"name\":\"Home\",\"item\":\"https:\/\/hydro-dipper.com\/de-de\/\"},{\"@type\":\"ListItem\",\"position\":2,\"name\":\"Shop\",\"item\":\"https:\/\/hydro-dipper.com\/de-de\/shop\/\"},{\"@type\":\"ListItem\",\"position\":3,\"name\":\"Stickerbomb 3 Wassertransferdruck-Folie\"}]},{\"@type\":\"WebSite\",\"@id\":\"https:\/\/hydro-dipper.com\/de-de\/#website\",\"url\":\"https:\/\/hydro-dipper.com\/de-de\/\",\"name\":\"hydro-dipper.com - DE\",\"description\":\"Ihr Online-Shop f\u00fcr Wassertransferdruck-Material\",\"publisher\":{\"@id\":\"https:\/\/hydro-dipper.com\/de-de\/#organization\"},\"potentialAction\":[{\"@type\":\"SearchAction\",\"target\":{\"@type\":\"EntryPoint\",\"urlTemplate\":\"https:\/\/hydro-dipper.com\/de-de\/?s={search_term_string}\"},\"query-input\":{\"@type\":\"PropertyValueSpecification\",\"valueRequired\":true,\"valueName\":\"search_term_string\"}}],\"inLanguage\":\"de\"},{\"@type\":\"Organization\",\"@id\":\"https:\/\/hydro-dipper.com\/de-de\/#organization\",\"name\":\"hydro-dipper.com - DE\",\"url\":\"https:\/\/hydro-dipper.com\/de-de\/\",\"logo\":{\"@type\":\"ImageObject\",\"inLanguage\":\"de\",\"@id\":\"https:\/\/hydro-dipper.com\/de-de\/#\/schema\/logo\/image\/\",\"url\":\"https:\/\/hydro-dipper.com\/de-de\/wp-content\/uploads\/sites\/4\/2025\/01\/hydro-dipper.com-logo-favicon.jpg\",\"contentUrl\":\"https:\/\/hydro-dipper.com\/de-de\/wp-content\/uploads\/sites\/4\/2025\/01\/hydro-dipper.com-logo-favicon.jpg\",\"width\":500,\"height\":500,\"caption\":\"hydro-dipper.com - DE\"},\"image\":{\"@id\":\"https:\/\/hydro-dipper.com\/de-de\/#\/schema\/logo\/image\/\"}}]}<\/script>\n<!-- \/ Yoast SEO plugin. -->","yoast_head_json":{"title":"Stickerbomb 3 Wassertransferdruck-Folie - hydro-dipper.com - DE","description":"Stickerbomb 3 Wassertransferdruck-Folie bringt kreative, auff\u00e4llige Designs f\u00fcr Skateboards und Gaming-Setups. Ideal f\u00fcr pers\u00f6nliche Projekte!","robots":{"index":"index","follow":"follow","max-snippet":"max-snippet:-1","max-image-preview":"max-image-preview:large","max-video-preview":"max-video-preview:-1"},"canonical":"https:\/\/hydro-dipper.com\/de-de\/product\/photobomb-3-pva-folie\/","og_locale":"de_DE","og_type":"article","og_title":"Stickerbomb 3 Wassertransferdruck-Folie - hydro-dipper.com - DE","og_description":"Stickerbomb 3 Wassertransferdruck-Folie bringt kreative, auff\u00e4llige Designs f\u00fcr Skateboards und Gaming-Setups. Ideal f\u00fcr pers\u00f6nliche Projekte!","og_url":"https:\/\/hydro-dipper.com\/de-de\/product\/photobomb-3-pva-folie\/","og_site_name":"hydro-dipper.com - DE","article_modified_time":"2025-07-15T20:40:33+00:00","og_image":[{"width":800,"height":800,"url":"https:\/\/hydro-dipper.com\/de-de\/wp-content\/uploads\/sites\/4\/2025\/01\/Photobomb-3-1.jpg","type":"image\/jpeg"}],"twitter_card":"summary_large_image","schema":{"@context":"https:\/\/schema.org","@graph":[{"@type":"WebPage","@id":"https:\/\/hydro-dipper.com\/de-de\/product\/photobomb-3-pva-folie\/","url":"https:\/\/hydro-dipper.com\/de-de\/product\/photobomb-3-pva-folie\/","name":"Stickerbomb 3 Wassertransferdruck-Folie - hydro-dipper.com - DE","isPartOf":{"@id":"https:\/\/hydro-dipper.com\/de-de\/#website"},"primaryImageOfPage":{"@id":"https:\/\/hydro-dipper.com\/de-de\/product\/photobomb-3-pva-folie\/#primaryimage"},"image":{"@id":"https:\/\/hydro-dipper.com\/de-de\/product\/photobomb-3-pva-folie\/#primaryimage"},"thumbnailUrl":"https:\/\/hydro-dipper.com\/de-de\/wp-content\/uploads\/sites\/4\/2025\/01\/Photobomb-3-1.jpg","datePublished":"2022-09-26T16:18:07+00:00","dateModified":"2025-07-15T20:40:33+00:00","description":"Stickerbomb 3 Wassertransferdruck-Folie bringt kreative, auff\u00e4llige Designs f\u00fcr Skateboards und Gaming-Setups. Ideal f\u00fcr pers\u00f6nliche Projekte!","breadcrumb":{"@id":"https:\/\/hydro-dipper.com\/de-de\/product\/photobomb-3-pva-folie\/#breadcrumb"},"inLanguage":"de","potentialAction":[{"@type":"ReadAction","target":["https:\/\/hydro-dipper.com\/de-de\/product\/photobomb-3-pva-folie\/"]}]},{"@type":"ImageObject","inLanguage":"de","@id":"https:\/\/hydro-dipper.com\/de-de\/product\/photobomb-3-pva-folie\/#primaryimage","url":"https:\/\/hydro-dipper.com\/de-de\/wp-content\/uploads\/sites\/4\/2025\/01\/Photobomb-3-1.jpg","contentUrl":"https:\/\/hydro-dipper.com\/de-de\/wp-content\/uploads\/sites\/4\/2025\/01\/Photobomb-3-1.jpg","width":800,"height":800},{"@type":"BreadcrumbList","@id":"https:\/\/hydro-dipper.com\/de-de\/product\/photobomb-3-pva-folie\/#breadcrumb","itemListElement":[{"@type":"ListItem","position":1,"name":"Home","item":"https:\/\/hydro-dipper.com\/de-de\/"},{"@type":"ListItem","position":2,"name":"Shop","item":"https:\/\/hydro-dipper.com\/de-de\/shop\/"},{"@type":"ListItem","position":3,"name":"Stickerbomb 3 Wassertransferdruck-Folie"}]},{"@type":"WebSite","@id":"https:\/\/hydro-dipper.com\/de-de\/#website","url":"https:\/\/hydro-dipper.com\/de-de\/","name":"hydro-dipper.com - DE","description":"Ihr Online-Shop f\u00fcr Wassertransferdruck-Material","publisher":{"@id":"https:\/\/hydro-dipper.com\/de-de\/#organization"},"potentialAction":[{"@type":"SearchAction","target":{"@type":"EntryPoint","urlTemplate":"https:\/\/hydro-dipper.com\/de-de\/?s={search_term_string}"},"query-input":{"@type":"PropertyValueSpecification","valueRequired":true,"valueName":"search_term_string"}}],"inLanguage":"de"},{"@type":"Organization","@id":"https:\/\/hydro-dipper.com\/de-de\/#organization","name":"hydro-dipper.com - DE","url":"https:\/\/hydro-dipper.com\/de-de\/","logo":{"@type":"ImageObject","inLanguage":"de","@id":"https:\/\/hydro-dipper.com\/de-de\/#\/schema\/logo\/image\/","url":"https:\/\/hydro-dipper.com\/de-de\/wp-content\/uploads\/sites\/4\/2025\/01\/hydro-dipper.com-logo-favicon.jpg","contentUrl":"https:\/\/hydro-dipper.com\/de-de\/wp-content\/uploads\/sites\/4\/2025\/01\/hydro-dipper.com-logo-favicon.jpg","width":500,"height":500,"caption":"hydro-dipper.com - DE"},"image":{"@id":"https:\/\/hydro-dipper.com\/de-de\/#\/schema\/logo\/image\/"}}]}},"_links":{"self":[{"href":"https:\/\/hydro-dipper.com\/de-de\/wp-json\/wp\/v2\/product\/5968","targetHints":{"allow":["GET"]}}],"collection":[{"href":"https:\/\/hydro-dipper.com\/de-de\/wp-json\/wp\/v2\/product"}],"about":[{"href":"https:\/\/hydro-dipper.com\/de-de\/wp-json\/wp\/v2\/types\/product"}],"replies":[{"embeddable":true,"href":"https:\/\/hydro-dipper.com\/de-de\/wp-json\/wp\/v2\/comments?post=5968"}],"wp:featuredmedia":[{"embeddable":true,"href":"https:\/\/hydro-dipper.com\/de-de\/wp-json\/wp\/v2\/media\/5969"}],"wp:attachment":[{"href":"https:\/\/hydro-dipper.com\/de-de\/wp-json\/wp\/v2\/media?parent=5968"}],"wp:term":[{"taxonomy":"product_brand","embeddable":true,"href":"https:\/\/hydro-dipper.com\/de-de\/wp-json\/wp\/v2\/product_brand?post=5968"},{"taxonomy":"product_cat","embeddable":true,"href":"https:\/\/hydro-dipper.com\/de-de\/wp-json\/wp\/v2\/product_cat?post=5968"},{"taxonomy":"product_tag","embeddable":true,"href":"https:\/\/hydro-dipper.com\/de-de\/wp-json\/wp\/v2\/product_tag?post=5968"}],"curies":[{"name":"wp","href":"https:\/\/api.w.org\/{rel}","templated":true}]}}