{"id":6122,"date":"2023-03-15T22:01:32","date_gmt":"2023-03-15T21:01:32","guid":{"rendered":"https:\/\/hydro-dipper.com\/de-de\/?post_type=product&#038;p=6122"},"modified":"2025-07-29T08:45:40","modified_gmt":"2025-07-29T07:45:40","slug":"abc-spruehdose-paket-400ml-3er-pack","status":"publish","type":"product","link":"https:\/\/hydro-dipper.com\/de-de\/product\/abc-spruehdose-paket-400ml-3er-pack\/","title":{"rendered":"ABC-Spr\u00fchdose-Paket &#8211; 400ml &#8211; 3er-Pack"},"content":{"rendered":"<h3>Kundenerlebnis ist uns sehr wichtig!<\/h3>\n<p>Wir garantieren (farmfrische) PVA-Folien von bester Qualit\u00e4t und den benutzerfreundlichsten Hydro Dipping Activator.<\/p>\n<p>Der Prozess sollte Schritt f\u00fcr Schritt und mit Ruhe angegangen werden, und mit unserer Aktivatorformel haben wir den Prozess so einfach wie m\u00f6glich gemacht!<\/p>\n<p>Einige Kommentare unserer Kunden, auf die wir stolz sind: \u201eWir wollen nie wieder etwas anderes\u201c, \u201edas goldene Ei!\u201c, \u201eWie schwierig war das fr\u00fcher mit dem anderen Zeug\u201c.<\/p>\n<p>Jeder kann zu Hause Hydro Dip machen, das erste Mal kann aufregend sein, aber keine Angst, unser Team steht mit Erkl\u00e4rungen und Hilfe f\u00fcr jeden bereit!<\/p>\n<p><a href=\"https:\/\/api.whatsapp.com\/send?phone=31617136820&amp;text=Hallo hydro-dipper.com ich habe eine Frage:\" target=\"_blank\" rel=\"noopener\"><strong>hat Wenn Sie Fragen zur Technik, zur Farbe, zu den verschiedenen Arten von Designs oder andere Fragen vor der Bestellung haben, k\u00f6nnen Sie uns jederzeit eine Nachricht \u00fcber Whatsapp senden!<\/strong><\/a><\/p>\n<p class=\"p1\">\n","protected":false},"excerpt":{"rendered":"<p>Unser All-in-One-Spr\u00fchdose-Paket.<\/p>\n<ul>\n<li>Wassertransferdruck-Aktivator &#8211; 400ml<\/li>\n<li>Grundierung &#8211; 400ml<\/li>\n<li>Klarlack &#8211; 400ml<\/li>\n<\/ul>\n<p>&nbsp;<\/p>\n<p>Wir sorgen daf\u00fcr, dass die Farbe perfekt zu den gew\u00e4hlten Wassertransferdruck-Folie passt.<\/p>\n<p>M\u00f6chten Sie die Farben lieber selbst ausw\u00e4hlen oder haben Sie Fragen zu den am besten passenden Farben<strong>, <a href=\"https:\/\/api.whatsapp.com\/send?phone=31617136820&amp;text=Hallo hydro-dipper.com Ich habe eine Frage:\">Klicken Sie hier, um uns \u00fcber Whatsapp zu kontaktieren.<\/a><\/strong><\/p>\n<p><strong>*Sie k\u00f6nnen Ihre Bestellung einfach aufgeben, auch wenn Sie noch keine Antwort haben (z. B. au\u00dferhalb der B\u00fcrozeiten)<\/strong><\/p>\n<p><strong>Wir werden Nachrichten immer pr\u00fcfen und beantworten, bevor wir die Bestellung absenden. (<\/strong><strong>Nicht konventionell, aber wir denken, der beste Weg, um sicherzustellen, dass Sie die richtige Farbe w\u00e4hlen!)<\/strong><\/p>\n","protected":false},"featured_media":6123,"comment_status":"closed","ping_status":"closed","template":"","meta":[],"product_brand":[],"product_cat":[96],"product_tag":[],"class_list":{"0":"post-6122","1":"product","2":"type-product","3":"status-publish","4":"has-post-thumbnail","6":"product_cat-wassertransferdruck-zubehor","8":"first","9":"instock","10":"taxable","11":"shipping-taxable","12":"purchasable","13":"product-type-simple"},"yoast_head":"<!-- This site is optimized with the Yoast SEO plugin v24.1 - https:\/\/yoast.com\/wordpress\/plugins\/seo\/ -->\n<title>ABC-Spr\u00fchdose-Paket - 400ml - 3er-Pack - hydro-dipper.com - DE<\/title>\n<meta name=\"description\" content=\"Das ABC-Spr\u00fchdose-Paket \u2013 400ml \u2013 3er-Pack bietet kreative Anwendungen und robuste Designs f\u00fcr Ihre Projekte. Perfekt f\u00fcr DIY-Enthusiasten!\" \/>\n<meta name=\"robots\" content=\"index, follow, max-snippet:-1, max-image-preview:large, max-video-preview:-1\" \/>\n<link rel=\"canonical\" href=\"https:\/\/hydro-dipper.com\/de-de\/product\/abc-spruehdose-paket-400ml-3er-pack\/\" \/>\n<meta property=\"og:locale\" content=\"de_DE\" \/>\n<meta property=\"og:type\" content=\"article\" \/>\n<meta property=\"og:title\" content=\"ABC-Spr\u00fchdose-Paket - 400ml - 3er-Pack - hydro-dipper.com - DE\" \/>\n<meta property=\"og:description\" content=\"Das ABC-Spr\u00fchdose-Paket \u2013 400ml \u2013 3er-Pack bietet kreative Anwendungen und robuste Designs f\u00fcr Ihre Projekte. Perfekt f\u00fcr DIY-Enthusiasten!\" \/>\n<meta property=\"og:url\" content=\"https:\/\/hydro-dipper.com\/de-de\/product\/abc-spruehdose-paket-400ml-3er-pack\/\" \/>\n<meta property=\"og:site_name\" content=\"hydro-dipper.com - DE\" \/>\n<meta property=\"article:modified_time\" content=\"2025-07-29T07:45:40+00:00\" \/>\n<meta property=\"og:image\" content=\"https:\/\/hydro-dipper.com\/de-de\/wp-content\/uploads\/sites\/4\/2025\/01\/Hydro-Dipping-Activator-Varnish-and-Base-Paint-Package-of-3x-400ml-1-1.jpg\" \/>\n\t<meta property=\"og:image:width\" content=\"1000\" \/>\n\t<meta property=\"og:image:height\" content=\"1000\" \/>\n\t<meta property=\"og:image:type\" content=\"image\/jpeg\" \/>\n<meta name=\"twitter:card\" content=\"summary_large_image\" \/>\n<meta name=\"twitter:label1\" content=\"Gesch\u00e4tzte Lesezeit\" \/>\n\t<meta name=\"twitter:data1\" content=\"1\u00a0Minute\" \/>\n<script type=\"application\/ld+json\" class=\"yoast-schema-graph\">{\"@context\":\"https:\/\/schema.org\",\"@graph\":[{\"@type\":\"WebPage\",\"@id\":\"https:\/\/hydro-dipper.com\/de-de\/product\/abc-spruehdose-paket-400ml-3er-pack\/\",\"url\":\"https:\/\/hydro-dipper.com\/de-de\/product\/abc-spruehdose-paket-400ml-3er-pack\/\",\"name\":\"ABC-Spr\u00fchdose-Paket - 400ml - 3er-Pack - hydro-dipper.com - DE\",\"isPartOf\":{\"@id\":\"https:\/\/hydro-dipper.com\/de-de\/#website\"},\"primaryImageOfPage\":{\"@id\":\"https:\/\/hydro-dipper.com\/de-de\/product\/abc-spruehdose-paket-400ml-3er-pack\/#primaryimage\"},\"image\":{\"@id\":\"https:\/\/hydro-dipper.com\/de-de\/product\/abc-spruehdose-paket-400ml-3er-pack\/#primaryimage\"},\"thumbnailUrl\":\"https:\/\/hydro-dipper.com\/de-de\/wp-content\/uploads\/sites\/4\/2025\/01\/Hydro-Dipping-Activator-Varnish-and-Base-Paint-Package-of-3x-400ml-1-1.jpg\",\"datePublished\":\"2023-03-15T21:01:32+00:00\",\"dateModified\":\"2025-07-29T07:45:40+00:00\",\"description\":\"Das ABC-Spr\u00fchdose-Paket \u2013 400ml \u2013 3er-Pack bietet kreative Anwendungen und robuste Designs f\u00fcr Ihre Projekte. Perfekt f\u00fcr DIY-Enthusiasten!\",\"breadcrumb\":{\"@id\":\"https:\/\/hydro-dipper.com\/de-de\/product\/abc-spruehdose-paket-400ml-3er-pack\/#breadcrumb\"},\"inLanguage\":\"de\",\"potentialAction\":[{\"@type\":\"ReadAction\",\"target\":[\"https:\/\/hydro-dipper.com\/de-de\/product\/abc-spruehdose-paket-400ml-3er-pack\/\"]}]},{\"@type\":\"ImageObject\",\"inLanguage\":\"de\",\"@id\":\"https:\/\/hydro-dipper.com\/de-de\/product\/abc-spruehdose-paket-400ml-3er-pack\/#primaryimage\",\"url\":\"https:\/\/hydro-dipper.com\/de-de\/wp-content\/uploads\/sites\/4\/2025\/01\/Hydro-Dipping-Activator-Varnish-and-Base-Paint-Package-of-3x-400ml-1-1.jpg\",\"contentUrl\":\"https:\/\/hydro-dipper.com\/de-de\/wp-content\/uploads\/sites\/4\/2025\/01\/Hydro-Dipping-Activator-Varnish-and-Base-Paint-Package-of-3x-400ml-1-1.jpg\",\"width\":1000,\"height\":1000,\"caption\":\"Hydro Dipping Activator\"},{\"@type\":\"BreadcrumbList\",\"@id\":\"https:\/\/hydro-dipper.com\/de-de\/product\/abc-spruehdose-paket-400ml-3er-pack\/#breadcrumb\",\"itemListElement\":[{\"@type\":\"ListItem\",\"position\":1,\"name\":\"Home\",\"item\":\"https:\/\/hydro-dipper.com\/de-de\/\"},{\"@type\":\"ListItem\",\"position\":2,\"name\":\"Shop\",\"item\":\"https:\/\/hydro-dipper.com\/de-de\/shop\/\"},{\"@type\":\"ListItem\",\"position\":3,\"name\":\"ABC-Spr\u00fchdose-Paket &#8211; 400ml &#8211; 3er-Pack\"}]},{\"@type\":\"WebSite\",\"@id\":\"https:\/\/hydro-dipper.com\/de-de\/#website\",\"url\":\"https:\/\/hydro-dipper.com\/de-de\/\",\"name\":\"hydro-dipper.com - DE\",\"description\":\"Ihr Online-Shop f\u00fcr Wassertransferdruck-Material\",\"publisher\":{\"@id\":\"https:\/\/hydro-dipper.com\/de-de\/#organization\"},\"potentialAction\":[{\"@type\":\"SearchAction\",\"target\":{\"@type\":\"EntryPoint\",\"urlTemplate\":\"https:\/\/hydro-dipper.com\/de-de\/?s={search_term_string}\"},\"query-input\":{\"@type\":\"PropertyValueSpecification\",\"valueRequired\":true,\"valueName\":\"search_term_string\"}}],\"inLanguage\":\"de\"},{\"@type\":\"Organization\",\"@id\":\"https:\/\/hydro-dipper.com\/de-de\/#organization\",\"name\":\"hydro-dipper.com - DE\",\"url\":\"https:\/\/hydro-dipper.com\/de-de\/\",\"logo\":{\"@type\":\"ImageObject\",\"inLanguage\":\"de\",\"@id\":\"https:\/\/hydro-dipper.com\/de-de\/#\/schema\/logo\/image\/\",\"url\":\"https:\/\/hydro-dipper.com\/de-de\/wp-content\/uploads\/sites\/4\/2025\/01\/hydro-dipper.com-logo-favicon.jpg\",\"contentUrl\":\"https:\/\/hydro-dipper.com\/de-de\/wp-content\/uploads\/sites\/4\/2025\/01\/hydro-dipper.com-logo-favicon.jpg\",\"width\":500,\"height\":500,\"caption\":\"hydro-dipper.com - DE\"},\"image\":{\"@id\":\"https:\/\/hydro-dipper.com\/de-de\/#\/schema\/logo\/image\/\"}}]}<\/script>\n<!-- \/ Yoast SEO plugin. -->","yoast_head_json":{"title":"ABC-Spr\u00fchdose-Paket - 400ml - 3er-Pack - hydro-dipper.com - DE","description":"Das ABC-Spr\u00fchdose-Paket \u2013 400ml \u2013 3er-Pack bietet kreative Anwendungen und robuste Designs f\u00fcr Ihre Projekte. Perfekt f\u00fcr DIY-Enthusiasten!","robots":{"index":"index","follow":"follow","max-snippet":"max-snippet:-1","max-image-preview":"max-image-preview:large","max-video-preview":"max-video-preview:-1"},"canonical":"https:\/\/hydro-dipper.com\/de-de\/product\/abc-spruehdose-paket-400ml-3er-pack\/","og_locale":"de_DE","og_type":"article","og_title":"ABC-Spr\u00fchdose-Paket - 400ml - 3er-Pack - hydro-dipper.com - DE","og_description":"Das ABC-Spr\u00fchdose-Paket \u2013 400ml \u2013 3er-Pack bietet kreative Anwendungen und robuste Designs f\u00fcr Ihre Projekte. Perfekt f\u00fcr DIY-Enthusiasten!","og_url":"https:\/\/hydro-dipper.com\/de-de\/product\/abc-spruehdose-paket-400ml-3er-pack\/","og_site_name":"hydro-dipper.com - DE","article_modified_time":"2025-07-29T07:45:40+00:00","og_image":[{"width":1000,"height":1000,"url":"https:\/\/hydro-dipper.com\/de-de\/wp-content\/uploads\/sites\/4\/2025\/01\/Hydro-Dipping-Activator-Varnish-and-Base-Paint-Package-of-3x-400ml-1-1.jpg","type":"image\/jpeg"}],"twitter_card":"summary_large_image","twitter_misc":{"Gesch\u00e4tzte Lesezeit":"1\u00a0Minute"},"schema":{"@context":"https:\/\/schema.org","@graph":[{"@type":"WebPage","@id":"https:\/\/hydro-dipper.com\/de-de\/product\/abc-spruehdose-paket-400ml-3er-pack\/","url":"https:\/\/hydro-dipper.com\/de-de\/product\/abc-spruehdose-paket-400ml-3er-pack\/","name":"ABC-Spr\u00fchdose-Paket - 400ml - 3er-Pack - hydro-dipper.com - DE","isPartOf":{"@id":"https:\/\/hydro-dipper.com\/de-de\/#website"},"primaryImageOfPage":{"@id":"https:\/\/hydro-dipper.com\/de-de\/product\/abc-spruehdose-paket-400ml-3er-pack\/#primaryimage"},"image":{"@id":"https:\/\/hydro-dipper.com\/de-de\/product\/abc-spruehdose-paket-400ml-3er-pack\/#primaryimage"},"thumbnailUrl":"https:\/\/hydro-dipper.com\/de-de\/wp-content\/uploads\/sites\/4\/2025\/01\/Hydro-Dipping-Activator-Varnish-and-Base-Paint-Package-of-3x-400ml-1-1.jpg","datePublished":"2023-03-15T21:01:32+00:00","dateModified":"2025-07-29T07:45:40+00:00","description":"Das ABC-Spr\u00fchdose-Paket \u2013 400ml \u2013 3er-Pack bietet kreative Anwendungen und robuste Designs f\u00fcr Ihre Projekte. Perfekt f\u00fcr DIY-Enthusiasten!","breadcrumb":{"@id":"https:\/\/hydro-dipper.com\/de-de\/product\/abc-spruehdose-paket-400ml-3er-pack\/#breadcrumb"},"inLanguage":"de","potentialAction":[{"@type":"ReadAction","target":["https:\/\/hydro-dipper.com\/de-de\/product\/abc-spruehdose-paket-400ml-3er-pack\/"]}]},{"@type":"ImageObject","inLanguage":"de","@id":"https:\/\/hydro-dipper.com\/de-de\/product\/abc-spruehdose-paket-400ml-3er-pack\/#primaryimage","url":"https:\/\/hydro-dipper.com\/de-de\/wp-content\/uploads\/sites\/4\/2025\/01\/Hydro-Dipping-Activator-Varnish-and-Base-Paint-Package-of-3x-400ml-1-1.jpg","contentUrl":"https:\/\/hydro-dipper.com\/de-de\/wp-content\/uploads\/sites\/4\/2025\/01\/Hydro-Dipping-Activator-Varnish-and-Base-Paint-Package-of-3x-400ml-1-1.jpg","width":1000,"height":1000,"caption":"Hydro Dipping Activator"},{"@type":"BreadcrumbList","@id":"https:\/\/hydro-dipper.com\/de-de\/product\/abc-spruehdose-paket-400ml-3er-pack\/#breadcrumb","itemListElement":[{"@type":"ListItem","position":1,"name":"Home","item":"https:\/\/hydro-dipper.com\/de-de\/"},{"@type":"ListItem","position":2,"name":"Shop","item":"https:\/\/hydro-dipper.com\/de-de\/shop\/"},{"@type":"ListItem","position":3,"name":"ABC-Spr\u00fchdose-Paket &#8211; 400ml &#8211; 3er-Pack"}]},{"@type":"WebSite","@id":"https:\/\/hydro-dipper.com\/de-de\/#website","url":"https:\/\/hydro-dipper.com\/de-de\/","name":"hydro-dipper.com - DE","description":"Ihr Online-Shop f\u00fcr Wassertransferdruck-Material","publisher":{"@id":"https:\/\/hydro-dipper.com\/de-de\/#organization"},"potentialAction":[{"@type":"SearchAction","target":{"@type":"EntryPoint","urlTemplate":"https:\/\/hydro-dipper.com\/de-de\/?s={search_term_string}"},"query-input":{"@type":"PropertyValueSpecification","valueRequired":true,"valueName":"search_term_string"}}],"inLanguage":"de"},{"@type":"Organization","@id":"https:\/\/hydro-dipper.com\/de-de\/#organization","name":"hydro-dipper.com - DE","url":"https:\/\/hydro-dipper.com\/de-de\/","logo":{"@type":"ImageObject","inLanguage":"de","@id":"https:\/\/hydro-dipper.com\/de-de\/#\/schema\/logo\/image\/","url":"https:\/\/hydro-dipper.com\/de-de\/wp-content\/uploads\/sites\/4\/2025\/01\/hydro-dipper.com-logo-favicon.jpg","contentUrl":"https:\/\/hydro-dipper.com\/de-de\/wp-content\/uploads\/sites\/4\/2025\/01\/hydro-dipper.com-logo-favicon.jpg","width":500,"height":500,"caption":"hydro-dipper.com - DE"},"image":{"@id":"https:\/\/hydro-dipper.com\/de-de\/#\/schema\/logo\/image\/"}}]}},"_links":{"self":[{"href":"https:\/\/hydro-dipper.com\/de-de\/wp-json\/wp\/v2\/product\/6122","targetHints":{"allow":["GET"]}}],"collection":[{"href":"https:\/\/hydro-dipper.com\/de-de\/wp-json\/wp\/v2\/product"}],"about":[{"href":"https:\/\/hydro-dipper.com\/de-de\/wp-json\/wp\/v2\/types\/product"}],"replies":[{"embeddable":true,"href":"https:\/\/hydro-dipper.com\/de-de\/wp-json\/wp\/v2\/comments?post=6122"}],"wp:featuredmedia":[{"embeddable":true,"href":"https:\/\/hydro-dipper.com\/de-de\/wp-json\/wp\/v2\/media\/6123"}],"wp:attachment":[{"href":"https:\/\/hydro-dipper.com\/de-de\/wp-json\/wp\/v2\/media?parent=6122"}],"wp:term":[{"taxonomy":"product_brand","embeddable":true,"href":"https:\/\/hydro-dipper.com\/de-de\/wp-json\/wp\/v2\/product_brand?post=6122"},{"taxonomy":"product_cat","embeddable":true,"href":"https:\/\/hydro-dipper.com\/de-de\/wp-json\/wp\/v2\/product_cat?post=6122"},{"taxonomy":"product_tag","embeddable":true,"href":"https:\/\/hydro-dipper.com\/de-de\/wp-json\/wp\/v2\/product_tag?post=6122"}],"curies":[{"name":"wp","href":"https:\/\/api.w.org\/{rel}","templated":true}]}}