{"id":5829,"date":"2022-09-09T02:36:32","date_gmt":"2022-09-09T01:36:32","guid":{"rendered":"https:\/\/hydro-dipper.com\/it-it\/?post_type=product&#038;p=5829"},"modified":"2025-11-05T14:37:24","modified_gmt":"2025-11-05T13:37:24","slug":"attivatore-1000ml","status":"publish","type":"product","link":"https:\/\/hydro-dipper.com\/it-it\/product\/attivatore-1000ml\/","title":{"rendered":"Attivatore per la Cubicatura \u2013 1000ML"},"content":{"rendered":"<p><strong>A cosa serve l&#8217;Attivatore di Cubicatura?<\/strong><\/p>\n<p>Il film PVA viene posizionato sull&#8217;acqua, dopodich\u00e9 assorbe l&#8217;acqua per un po&#8217; di tempo e si &#8220;dissolve&#8221;.<\/p>\n<p>Il film viene posizionato sull&#8217;acqua con il &#8220;lato PVA&#8221; rivolto verso il basso, dopodich\u00e9 la stampa rimane &#8220;su&#8221; sull&#8217;altro lato.<\/p>\n<p>La stampa non si dissolve in acqua, \u00e8 qui che entra in gioco l&#8217;Attivatore! Dopo aver applicato l&#8217;Attivatore alla stampa che galleggia sull&#8217;acqua, &#8220;attiva&#8221; l&#8217;inchiostro.<\/p>\n<p><strong>Cosa rende unico HGWTP Media Activator?<\/strong><\/p>\n<p>Il nostro attivatore \u00e8 il risultato di anni di test e sviluppo.<\/p>\n<p>Decine di aziende chimiche in diversi paesi ci hanno supportato nel percorso verso il risultato finale negli ultimi anni.<\/p>\n<p>Il nostro Attivatore attiva i fogli di Cubicatura in pochi secondi e doppo offre una comoda finestra di tempo per l&#8217;immersione.<\/p>\n<p>L&#8217;Attivatore HGWTP garantisce inoltre un&#8217;adesione ottimale ed \u00e8 sempre incolore, in modo che la stampa sia in buone mani.<\/p>\n<p>Abbiamo perfezionato l&#8217;equilibrio tra volatilit\u00e0 e adesione, il Dip difficilmente pu\u00f2 andare storto!<\/p>\n<p><strong>L&#8217;esperienza del cliente \u00e8 molto importante per noi!<\/strong><\/p>\n<p>Oltre alla qualit\u00e0 dell&#8217;attivatore \u00e8 importante anche la quantit\u00e0 applicata, con la nostra formula l&#8217;abbiamo resa il pi\u00f9 semplice possibile per te! Alcuni commenti dei nostri clienti di cui siamo orgogliosi: &#8220;Non vorremo mai pi\u00f9 nient&#8217;altro&#8221;, &#8220;L&#8217;uovo d&#8217;oro!&#8221;, &#8220;Una volta era difficile con le altre cose&#8221;.<\/p>\n<p>Chiunque pu\u00f2 fare Cubicatura, la prima volta pu\u00f2 essere difficile, ma noi siamo pronti per tutti con spiegazioni e aiuto via WhatsApp! Se hai domande su tecnologia, colore, design o altre domande prima di ordinare, inviaci una rapida Whatsapp!<\/p>\n","protected":false},"excerpt":{"rendered":"<p>Il risultato di anni di test e sviluppo. Attiva il film PVA per la Cubicatura in pochi secondi, fornendo una comoda finestra di tempo per l&#8217;immersione.<\/p>\n<p>Perfetto equilibrio tra usabilit\u00e0 e adesione!<\/p>\n<p>*Da utilizzare con pistola a spruzzo.<\/p>\n","protected":false},"featured_media":5830,"comment_status":"open","ping_status":"closed","template":"","meta":[],"product_brand":[],"product_cat":[70],"product_tag":[],"class_list":{"0":"post-5829","1":"product","2":"type-product","3":"status-publish","4":"has-post-thumbnail","6":"product_cat-ez-activator","8":"first","9":"instock","10":"taxable","11":"shipping-taxable","12":"purchasable","13":"product-type-simple"},"yoast_head":"<!-- This site is optimized with the Yoast SEO plugin v24.1 - https:\/\/yoast.com\/wordpress\/plugins\/seo\/ -->\n<title>Attivatore per la Cubicatura \u2013 1000ML - hydro-dipper.com - IT<\/title>\n<meta name=\"description\" content=\"Attivatore per la Cubicatura 1000ML, professionale e versatile, ideale per progetti di alta qualit\u00e0. Provalo oggi per risultati sorprendenti!\" \/>\n<meta name=\"robots\" content=\"index, follow, max-snippet:-1, max-image-preview:large, max-video-preview:-1\" \/>\n<link rel=\"canonical\" href=\"https:\/\/hydro-dipper.com\/it-it\/product\/attivatore-1000ml\/\" \/>\n<meta property=\"og:locale\" content=\"it_IT\" \/>\n<meta property=\"og:type\" content=\"article\" \/>\n<meta property=\"og:title\" content=\"Attivatore per la Cubicatura \u2013 1000ML - hydro-dipper.com - IT\" \/>\n<meta property=\"og:description\" content=\"Attivatore per la Cubicatura 1000ML, professionale e versatile, ideale per progetti di alta qualit\u00e0. Provalo oggi per risultati sorprendenti!\" \/>\n<meta property=\"og:url\" content=\"https:\/\/hydro-dipper.com\/it-it\/product\/attivatore-1000ml\/\" \/>\n<meta property=\"og:site_name\" content=\"hydro-dipper.com - IT\" \/>\n<meta property=\"article:modified_time\" content=\"2025-11-05T13:37:24+00:00\" \/>\n<meta property=\"og:image\" content=\"https:\/\/hydro-dipper.com\/it-it\/wp-content\/uploads\/sites\/7\/2025\/01\/Hydro-Dip-Activator-1000ml-tiny-1.jpg\" \/>\n\t<meta property=\"og:image:width\" content=\"1000\" \/>\n\t<meta property=\"og:image:height\" content=\"1000\" \/>\n\t<meta property=\"og:image:type\" content=\"image\/jpeg\" \/>\n<meta name=\"twitter:card\" content=\"summary_large_image\" \/>\n<meta name=\"twitter:label1\" content=\"Tempo di lettura stimato\" \/>\n\t<meta name=\"twitter:data1\" content=\"1 minuto\" \/>\n<script type=\"application\/ld+json\" class=\"yoast-schema-graph\">{\"@context\":\"https:\/\/schema.org\",\"@graph\":[{\"@type\":\"WebPage\",\"@id\":\"https:\/\/hydro-dipper.com\/it-it\/product\/attivatore-1000ml\/\",\"url\":\"https:\/\/hydro-dipper.com\/it-it\/product\/attivatore-1000ml\/\",\"name\":\"Attivatore per la Cubicatura \u2013 1000ML - hydro-dipper.com - IT\",\"isPartOf\":{\"@id\":\"https:\/\/hydro-dipper.com\/it-it\/#website\"},\"primaryImageOfPage\":{\"@id\":\"https:\/\/hydro-dipper.com\/it-it\/product\/attivatore-1000ml\/#primaryimage\"},\"image\":{\"@id\":\"https:\/\/hydro-dipper.com\/it-it\/product\/attivatore-1000ml\/#primaryimage\"},\"thumbnailUrl\":\"https:\/\/hydro-dipper.com\/it-it\/wp-content\/uploads\/sites\/7\/2025\/01\/Hydro-Dip-Activator-1000ml-tiny-1.jpg\",\"datePublished\":\"2022-09-09T01:36:32+00:00\",\"dateModified\":\"2025-11-05T13:37:24+00:00\",\"description\":\"Attivatore per la Cubicatura 1000ML, professionale e versatile, ideale per progetti di alta qualit\u00e0. Provalo oggi per risultati sorprendenti!\",\"breadcrumb\":{\"@id\":\"https:\/\/hydro-dipper.com\/it-it\/product\/attivatore-1000ml\/#breadcrumb\"},\"inLanguage\":\"it-IT\",\"potentialAction\":[{\"@type\":\"ReadAction\",\"target\":[\"https:\/\/hydro-dipper.com\/it-it\/product\/attivatore-1000ml\/\"]}]},{\"@type\":\"ImageObject\",\"inLanguage\":\"it-IT\",\"@id\":\"https:\/\/hydro-dipper.com\/it-it\/product\/attivatore-1000ml\/#primaryimage\",\"url\":\"https:\/\/hydro-dipper.com\/it-it\/wp-content\/uploads\/sites\/7\/2025\/01\/Hydro-Dip-Activator-1000ml-tiny-1.jpg\",\"contentUrl\":\"https:\/\/hydro-dipper.com\/it-it\/wp-content\/uploads\/sites\/7\/2025\/01\/Hydro-Dip-Activator-1000ml-tiny-1.jpg\",\"width\":1000,\"height\":1000,\"caption\":\"Hydro Dip Activator 1000ml\"},{\"@type\":\"BreadcrumbList\",\"@id\":\"https:\/\/hydro-dipper.com\/it-it\/product\/attivatore-1000ml\/#breadcrumb\",\"itemListElement\":[{\"@type\":\"ListItem\",\"position\":1,\"name\":\"Home\",\"item\":\"https:\/\/hydro-dipper.com\/it-it\/\"},{\"@type\":\"ListItem\",\"position\":2,\"name\":\"Shop\",\"item\":\"https:\/\/hydro-dipper.com\/it-it\/shop\/\"},{\"@type\":\"ListItem\",\"position\":3,\"name\":\"Attivatore per la Cubicatura \u2013 1000ML\"}]},{\"@type\":\"WebSite\",\"@id\":\"https:\/\/hydro-dipper.com\/it-it\/#website\",\"url\":\"https:\/\/hydro-dipper.com\/it-it\/\",\"name\":\"hydro-dipper.com - IT\",\"description\":\"Il tuo negozio online per tutto il tuo materiale per Cubicatura\",\"publisher\":{\"@id\":\"https:\/\/hydro-dipper.com\/it-it\/#organization\"},\"potentialAction\":[{\"@type\":\"SearchAction\",\"target\":{\"@type\":\"EntryPoint\",\"urlTemplate\":\"https:\/\/hydro-dipper.com\/it-it\/?s={search_term_string}\"},\"query-input\":{\"@type\":\"PropertyValueSpecification\",\"valueRequired\":true,\"valueName\":\"search_term_string\"}}],\"inLanguage\":\"it-IT\"},{\"@type\":\"Organization\",\"@id\":\"https:\/\/hydro-dipper.com\/it-it\/#organization\",\"name\":\"hydro-dipper.com - IT\",\"url\":\"https:\/\/hydro-dipper.com\/it-it\/\",\"logo\":{\"@type\":\"ImageObject\",\"inLanguage\":\"it-IT\",\"@id\":\"https:\/\/hydro-dipper.com\/it-it\/#\/schema\/logo\/image\/\",\"url\":\"https:\/\/hydro-dipper.com\/it-it\/wp-content\/uploads\/sites\/7\/2025\/01\/hydro-dipper.com-logo-favicon.jpg\",\"contentUrl\":\"https:\/\/hydro-dipper.com\/it-it\/wp-content\/uploads\/sites\/7\/2025\/01\/hydro-dipper.com-logo-favicon.jpg\",\"width\":500,\"height\":500,\"caption\":\"hydro-dipper.com - IT\"},\"image\":{\"@id\":\"https:\/\/hydro-dipper.com\/it-it\/#\/schema\/logo\/image\/\"}}]}<\/script>\n<!-- \/ Yoast SEO plugin. -->","yoast_head_json":{"title":"Attivatore per la Cubicatura \u2013 1000ML - hydro-dipper.com - IT","description":"Attivatore per la Cubicatura 1000ML, professionale e versatile, ideale per progetti di alta qualit\u00e0. Provalo oggi per risultati sorprendenti!","robots":{"index":"index","follow":"follow","max-snippet":"max-snippet:-1","max-image-preview":"max-image-preview:large","max-video-preview":"max-video-preview:-1"},"canonical":"https:\/\/hydro-dipper.com\/it-it\/product\/attivatore-1000ml\/","og_locale":"it_IT","og_type":"article","og_title":"Attivatore per la Cubicatura \u2013 1000ML - hydro-dipper.com - IT","og_description":"Attivatore per la Cubicatura 1000ML, professionale e versatile, ideale per progetti di alta qualit\u00e0. Provalo oggi per risultati sorprendenti!","og_url":"https:\/\/hydro-dipper.com\/it-it\/product\/attivatore-1000ml\/","og_site_name":"hydro-dipper.com - IT","article_modified_time":"2025-11-05T13:37:24+00:00","og_image":[{"width":1000,"height":1000,"url":"https:\/\/hydro-dipper.com\/it-it\/wp-content\/uploads\/sites\/7\/2025\/01\/Hydro-Dip-Activator-1000ml-tiny-1.jpg","type":"image\/jpeg"}],"twitter_card":"summary_large_image","twitter_misc":{"Tempo di lettura stimato":"1 minuto"},"schema":{"@context":"https:\/\/schema.org","@graph":[{"@type":"WebPage","@id":"https:\/\/hydro-dipper.com\/it-it\/product\/attivatore-1000ml\/","url":"https:\/\/hydro-dipper.com\/it-it\/product\/attivatore-1000ml\/","name":"Attivatore per la Cubicatura \u2013 1000ML - hydro-dipper.com - IT","isPartOf":{"@id":"https:\/\/hydro-dipper.com\/it-it\/#website"},"primaryImageOfPage":{"@id":"https:\/\/hydro-dipper.com\/it-it\/product\/attivatore-1000ml\/#primaryimage"},"image":{"@id":"https:\/\/hydro-dipper.com\/it-it\/product\/attivatore-1000ml\/#primaryimage"},"thumbnailUrl":"https:\/\/hydro-dipper.com\/it-it\/wp-content\/uploads\/sites\/7\/2025\/01\/Hydro-Dip-Activator-1000ml-tiny-1.jpg","datePublished":"2022-09-09T01:36:32+00:00","dateModified":"2025-11-05T13:37:24+00:00","description":"Attivatore per la Cubicatura 1000ML, professionale e versatile, ideale per progetti di alta qualit\u00e0. Provalo oggi per risultati sorprendenti!","breadcrumb":{"@id":"https:\/\/hydro-dipper.com\/it-it\/product\/attivatore-1000ml\/#breadcrumb"},"inLanguage":"it-IT","potentialAction":[{"@type":"ReadAction","target":["https:\/\/hydro-dipper.com\/it-it\/product\/attivatore-1000ml\/"]}]},{"@type":"ImageObject","inLanguage":"it-IT","@id":"https:\/\/hydro-dipper.com\/it-it\/product\/attivatore-1000ml\/#primaryimage","url":"https:\/\/hydro-dipper.com\/it-it\/wp-content\/uploads\/sites\/7\/2025\/01\/Hydro-Dip-Activator-1000ml-tiny-1.jpg","contentUrl":"https:\/\/hydro-dipper.com\/it-it\/wp-content\/uploads\/sites\/7\/2025\/01\/Hydro-Dip-Activator-1000ml-tiny-1.jpg","width":1000,"height":1000,"caption":"Hydro Dip Activator 1000ml"},{"@type":"BreadcrumbList","@id":"https:\/\/hydro-dipper.com\/it-it\/product\/attivatore-1000ml\/#breadcrumb","itemListElement":[{"@type":"ListItem","position":1,"name":"Home","item":"https:\/\/hydro-dipper.com\/it-it\/"},{"@type":"ListItem","position":2,"name":"Shop","item":"https:\/\/hydro-dipper.com\/it-it\/shop\/"},{"@type":"ListItem","position":3,"name":"Attivatore per la Cubicatura \u2013 1000ML"}]},{"@type":"WebSite","@id":"https:\/\/hydro-dipper.com\/it-it\/#website","url":"https:\/\/hydro-dipper.com\/it-it\/","name":"hydro-dipper.com - IT","description":"Il tuo negozio online per tutto il tuo materiale per Cubicatura","publisher":{"@id":"https:\/\/hydro-dipper.com\/it-it\/#organization"},"potentialAction":[{"@type":"SearchAction","target":{"@type":"EntryPoint","urlTemplate":"https:\/\/hydro-dipper.com\/it-it\/?s={search_term_string}"},"query-input":{"@type":"PropertyValueSpecification","valueRequired":true,"valueName":"search_term_string"}}],"inLanguage":"it-IT"},{"@type":"Organization","@id":"https:\/\/hydro-dipper.com\/it-it\/#organization","name":"hydro-dipper.com - IT","url":"https:\/\/hydro-dipper.com\/it-it\/","logo":{"@type":"ImageObject","inLanguage":"it-IT","@id":"https:\/\/hydro-dipper.com\/it-it\/#\/schema\/logo\/image\/","url":"https:\/\/hydro-dipper.com\/it-it\/wp-content\/uploads\/sites\/7\/2025\/01\/hydro-dipper.com-logo-favicon.jpg","contentUrl":"https:\/\/hydro-dipper.com\/it-it\/wp-content\/uploads\/sites\/7\/2025\/01\/hydro-dipper.com-logo-favicon.jpg","width":500,"height":500,"caption":"hydro-dipper.com - IT"},"image":{"@id":"https:\/\/hydro-dipper.com\/it-it\/#\/schema\/logo\/image\/"}}]}},"_links":{"self":[{"href":"https:\/\/hydro-dipper.com\/it-it\/wp-json\/wp\/v2\/product\/5829","targetHints":{"allow":["GET"]}}],"collection":[{"href":"https:\/\/hydro-dipper.com\/it-it\/wp-json\/wp\/v2\/product"}],"about":[{"href":"https:\/\/hydro-dipper.com\/it-it\/wp-json\/wp\/v2\/types\/product"}],"replies":[{"embeddable":true,"href":"https:\/\/hydro-dipper.com\/it-it\/wp-json\/wp\/v2\/comments?post=5829"}],"wp:featuredmedia":[{"embeddable":true,"href":"https:\/\/hydro-dipper.com\/it-it\/wp-json\/wp\/v2\/media\/5830"}],"wp:attachment":[{"href":"https:\/\/hydro-dipper.com\/it-it\/wp-json\/wp\/v2\/media?parent=5829"}],"wp:term":[{"taxonomy":"product_brand","embeddable":true,"href":"https:\/\/hydro-dipper.com\/it-it\/wp-json\/wp\/v2\/product_brand?post=5829"},{"taxonomy":"product_cat","embeddable":true,"href":"https:\/\/hydro-dipper.com\/it-it\/wp-json\/wp\/v2\/product_cat?post=5829"},{"taxonomy":"product_tag","embeddable":true,"href":"https:\/\/hydro-dipper.com\/it-it\/wp-json\/wp\/v2\/product_tag?post=5829"}],"curies":[{"name":"wp","href":"https:\/\/api.w.org\/{rel}","templated":true}]}}