{"id":6047,"date":"2023-03-16T00:12:48","date_gmt":"2023-03-15T23:12:48","guid":{"rendered":"https:\/\/hydro-dipper.com\/it-it\/?post_type=product&#038;p=6047"},"modified":"2025-09-12T10:08:07","modified_gmt":"2025-09-12T09:08:07","slug":"vernice-trasparente-bomboletta-spray-400-ml","status":"publish","type":"product","link":"https:\/\/hydro-dipper.com\/it-it\/product\/vernice-trasparente-bomboletta-spray-400-ml\/","title":{"rendered":"Vernice trasparente &#8211; Bomboletta spray 400 ml"},"content":{"rendered":"<h3>L&#8217;esperienza del cliente \u00e8 molto importante per noi!<\/h3>\n<p>Garantiamo lamine PVA della migliore qualit\u00e0 (freschi di fattoria) e l&#8217;Attivatore per Cubicatura pi\u00f9 facile da usare.<\/p>\n<p>Il processo dovrebbe essere seguito passo dopo passo e con calma, e con la nostra formula di attivatore abbiamo reso il processo il pi\u00f9 semplice possibile!<\/p>\n<p>Alcuni commenti dei nostri clienti di cui andiamo fieri: &#8220;Non vorremo mai pi\u00f9 nient&#8217;altro&#8221;, &#8220;L&#8217;uovo d&#8217;oro!&#8221;, &#8220;Com&#8217;era difficile una volta con le altre cose&#8221;.<\/p>\n<p>Chiunque pu\u00f2 fareCubicatura a casa, la prima volta pu\u00f2 essere entusiasmante, ma niente paura, il nostro team \u00e8 pronto con spiegazioni e aiuti per tutti!<\/p>\n<p><a href=\"https:\/\/api.whatsapp.com\/send?phone=31617136820&amp;text=Ciao hydro-dipper.com ho una domanda:\" target=\"_blank\" rel=\"noopener\"><strong>Se hai domande sulla tecnica, sul colore, sui diversi tipi di disegni o qualsiasi altra domanda prima di ordinare, puoi sempre inviarci un messaggio tramite Whatsapp!<\/strong><\/a><\/p>\n<p class=\"p1\">\n","protected":false},"excerpt":{"rendered":"<p>Vernice spray trasparente per proteggere l&#8217;oggetto dopo la Cubicatura.<\/p>\n<p>La vernice di altissima qualit\u00e0, appositamente miscelata per progetti di Cubicatura, \u00e8 completamente neutra dal punto di vista cromatico e non dannegger\u00e0 l&#8217;immagine.<\/p>\n<p><strong>Confezionato sotto forma comoda di bomboletta spray, ideale per progetti di Cubicatura fai-da-te.<\/strong><\/p>\n","protected":false},"featured_media":6048,"comment_status":"closed","ping_status":"closed","template":"","meta":[],"product_brand":[],"product_cat":[83],"product_tag":[],"class_list":{"0":"post-6047","1":"product","2":"type-product","3":"status-publish","4":"has-post-thumbnail","6":"product_cat-cubicatura-forniture","8":"first","9":"instock","10":"taxable","11":"shipping-taxable","12":"purchasable","13":"product-type-simple"},"yoast_head":"<!-- This site is optimized with the Yoast SEO plugin v24.1 - https:\/\/yoast.com\/wordpress\/plugins\/seo\/ -->\n<title>Vernice trasparente - Bomboletta spray 400 ml - hydro-dipper.com - IT<\/title>\n<meta name=\"description\" content=\"Vernice trasparente 400 ml in bomboletta spray, durevole e versatile, ideale per personalizzare progetti di alta qualit\u00e0. Provalo oggi!\" \/>\n<meta name=\"robots\" content=\"index, follow, max-snippet:-1, max-image-preview:large, max-video-preview:-1\" \/>\n<link rel=\"canonical\" href=\"https:\/\/hydro-dipper.com\/it-it\/product\/vernice-trasparente-bomboletta-spray-400-ml\/\" \/>\n<meta property=\"og:locale\" content=\"it_IT\" \/>\n<meta property=\"og:type\" content=\"article\" \/>\n<meta property=\"og:title\" content=\"Vernice trasparente - Bomboletta spray 400 ml - hydro-dipper.com - IT\" \/>\n<meta property=\"og:description\" content=\"Vernice trasparente 400 ml in bomboletta spray, durevole e versatile, ideale per personalizzare progetti di alta qualit\u00e0. Provalo oggi!\" \/>\n<meta property=\"og:url\" content=\"https:\/\/hydro-dipper.com\/it-it\/product\/vernice-trasparente-bomboletta-spray-400-ml\/\" \/>\n<meta property=\"og:site_name\" content=\"hydro-dipper.com - IT\" \/>\n<meta property=\"article:modified_time\" content=\"2025-09-12T09:08:07+00:00\" \/>\n<meta property=\"og:image\" content=\"https:\/\/hydro-dipper.com\/it-it\/wp-content\/uploads\/sites\/7\/2025\/01\/Hydro-Dipping-Varnish-Spray-Aerosol-400ml-1.jpg\" \/>\n\t<meta property=\"og:image:width\" content=\"1000\" \/>\n\t<meta property=\"og:image:height\" content=\"1000\" \/>\n\t<meta property=\"og:image:type\" content=\"image\/jpeg\" \/>\n<meta name=\"twitter:card\" content=\"summary_large_image\" \/>\n<meta name=\"twitter:label1\" content=\"Tempo di lettura stimato\" \/>\n\t<meta name=\"twitter:data1\" content=\"1 minuto\" \/>\n<script type=\"application\/ld+json\" class=\"yoast-schema-graph\">{\"@context\":\"https:\/\/schema.org\",\"@graph\":[{\"@type\":\"WebPage\",\"@id\":\"https:\/\/hydro-dipper.com\/it-it\/product\/vernice-trasparente-bomboletta-spray-400-ml\/\",\"url\":\"https:\/\/hydro-dipper.com\/it-it\/product\/vernice-trasparente-bomboletta-spray-400-ml\/\",\"name\":\"Vernice trasparente - Bomboletta spray 400 ml - hydro-dipper.com - IT\",\"isPartOf\":{\"@id\":\"https:\/\/hydro-dipper.com\/it-it\/#website\"},\"primaryImageOfPage\":{\"@id\":\"https:\/\/hydro-dipper.com\/it-it\/product\/vernice-trasparente-bomboletta-spray-400-ml\/#primaryimage\"},\"image\":{\"@id\":\"https:\/\/hydro-dipper.com\/it-it\/product\/vernice-trasparente-bomboletta-spray-400-ml\/#primaryimage\"},\"thumbnailUrl\":\"https:\/\/hydro-dipper.com\/it-it\/wp-content\/uploads\/sites\/7\/2025\/01\/Hydro-Dipping-Varnish-Spray-Aerosol-400ml-1.jpg\",\"datePublished\":\"2023-03-15T23:12:48+00:00\",\"dateModified\":\"2025-09-12T09:08:07+00:00\",\"description\":\"Vernice trasparente 400 ml in bomboletta spray, durevole e versatile, ideale per personalizzare progetti di alta qualit\u00e0. Provalo oggi!\",\"breadcrumb\":{\"@id\":\"https:\/\/hydro-dipper.com\/it-it\/product\/vernice-trasparente-bomboletta-spray-400-ml\/#breadcrumb\"},\"inLanguage\":\"it-IT\",\"potentialAction\":[{\"@type\":\"ReadAction\",\"target\":[\"https:\/\/hydro-dipper.com\/it-it\/product\/vernice-trasparente-bomboletta-spray-400-ml\/\"]}]},{\"@type\":\"ImageObject\",\"inLanguage\":\"it-IT\",\"@id\":\"https:\/\/hydro-dipper.com\/it-it\/product\/vernice-trasparente-bomboletta-spray-400-ml\/#primaryimage\",\"url\":\"https:\/\/hydro-dipper.com\/it-it\/wp-content\/uploads\/sites\/7\/2025\/01\/Hydro-Dipping-Varnish-Spray-Aerosol-400ml-1.jpg\",\"contentUrl\":\"https:\/\/hydro-dipper.com\/it-it\/wp-content\/uploads\/sites\/7\/2025\/01\/Hydro-Dipping-Varnish-Spray-Aerosol-400ml-1.jpg\",\"width\":1000,\"height\":1000,\"caption\":\"Hydro Dipping Varnish Spray Aerosol 400ml\"},{\"@type\":\"BreadcrumbList\",\"@id\":\"https:\/\/hydro-dipper.com\/it-it\/product\/vernice-trasparente-bomboletta-spray-400-ml\/#breadcrumb\",\"itemListElement\":[{\"@type\":\"ListItem\",\"position\":1,\"name\":\"Home\",\"item\":\"https:\/\/hydro-dipper.com\/it-it\/\"},{\"@type\":\"ListItem\",\"position\":2,\"name\":\"Shop\",\"item\":\"https:\/\/hydro-dipper.com\/it-it\/shop\/\"},{\"@type\":\"ListItem\",\"position\":3,\"name\":\"Vernice trasparente &#8211; Bomboletta spray 400 ml\"}]},{\"@type\":\"WebSite\",\"@id\":\"https:\/\/hydro-dipper.com\/it-it\/#website\",\"url\":\"https:\/\/hydro-dipper.com\/it-it\/\",\"name\":\"hydro-dipper.com - IT\",\"description\":\"Il tuo negozio online per tutto il tuo materiale per Cubicatura\",\"publisher\":{\"@id\":\"https:\/\/hydro-dipper.com\/it-it\/#organization\"},\"potentialAction\":[{\"@type\":\"SearchAction\",\"target\":{\"@type\":\"EntryPoint\",\"urlTemplate\":\"https:\/\/hydro-dipper.com\/it-it\/?s={search_term_string}\"},\"query-input\":{\"@type\":\"PropertyValueSpecification\",\"valueRequired\":true,\"valueName\":\"search_term_string\"}}],\"inLanguage\":\"it-IT\"},{\"@type\":\"Organization\",\"@id\":\"https:\/\/hydro-dipper.com\/it-it\/#organization\",\"name\":\"hydro-dipper.com - IT\",\"url\":\"https:\/\/hydro-dipper.com\/it-it\/\",\"logo\":{\"@type\":\"ImageObject\",\"inLanguage\":\"it-IT\",\"@id\":\"https:\/\/hydro-dipper.com\/it-it\/#\/schema\/logo\/image\/\",\"url\":\"https:\/\/hydro-dipper.com\/it-it\/wp-content\/uploads\/sites\/7\/2025\/01\/hydro-dipper.com-logo-favicon.jpg\",\"contentUrl\":\"https:\/\/hydro-dipper.com\/it-it\/wp-content\/uploads\/sites\/7\/2025\/01\/hydro-dipper.com-logo-favicon.jpg\",\"width\":500,\"height\":500,\"caption\":\"hydro-dipper.com - IT\"},\"image\":{\"@id\":\"https:\/\/hydro-dipper.com\/it-it\/#\/schema\/logo\/image\/\"}}]}<\/script>\n<!-- \/ Yoast SEO plugin. -->","yoast_head_json":{"title":"Vernice trasparente - Bomboletta spray 400 ml - hydro-dipper.com - IT","description":"Vernice trasparente 400 ml in bomboletta spray, durevole e versatile, ideale per personalizzare progetti di alta qualit\u00e0. Provalo oggi!","robots":{"index":"index","follow":"follow","max-snippet":"max-snippet:-1","max-image-preview":"max-image-preview:large","max-video-preview":"max-video-preview:-1"},"canonical":"https:\/\/hydro-dipper.com\/it-it\/product\/vernice-trasparente-bomboletta-spray-400-ml\/","og_locale":"it_IT","og_type":"article","og_title":"Vernice trasparente - Bomboletta spray 400 ml - hydro-dipper.com - IT","og_description":"Vernice trasparente 400 ml in bomboletta spray, durevole e versatile, ideale per personalizzare progetti di alta qualit\u00e0. Provalo oggi!","og_url":"https:\/\/hydro-dipper.com\/it-it\/product\/vernice-trasparente-bomboletta-spray-400-ml\/","og_site_name":"hydro-dipper.com - IT","article_modified_time":"2025-09-12T09:08:07+00:00","og_image":[{"width":1000,"height":1000,"url":"https:\/\/hydro-dipper.com\/it-it\/wp-content\/uploads\/sites\/7\/2025\/01\/Hydro-Dipping-Varnish-Spray-Aerosol-400ml-1.jpg","type":"image\/jpeg"}],"twitter_card":"summary_large_image","twitter_misc":{"Tempo di lettura stimato":"1 minuto"},"schema":{"@context":"https:\/\/schema.org","@graph":[{"@type":"WebPage","@id":"https:\/\/hydro-dipper.com\/it-it\/product\/vernice-trasparente-bomboletta-spray-400-ml\/","url":"https:\/\/hydro-dipper.com\/it-it\/product\/vernice-trasparente-bomboletta-spray-400-ml\/","name":"Vernice trasparente - Bomboletta spray 400 ml - hydro-dipper.com - IT","isPartOf":{"@id":"https:\/\/hydro-dipper.com\/it-it\/#website"},"primaryImageOfPage":{"@id":"https:\/\/hydro-dipper.com\/it-it\/product\/vernice-trasparente-bomboletta-spray-400-ml\/#primaryimage"},"image":{"@id":"https:\/\/hydro-dipper.com\/it-it\/product\/vernice-trasparente-bomboletta-spray-400-ml\/#primaryimage"},"thumbnailUrl":"https:\/\/hydro-dipper.com\/it-it\/wp-content\/uploads\/sites\/7\/2025\/01\/Hydro-Dipping-Varnish-Spray-Aerosol-400ml-1.jpg","datePublished":"2023-03-15T23:12:48+00:00","dateModified":"2025-09-12T09:08:07+00:00","description":"Vernice trasparente 400 ml in bomboletta spray, durevole e versatile, ideale per personalizzare progetti di alta qualit\u00e0. Provalo oggi!","breadcrumb":{"@id":"https:\/\/hydro-dipper.com\/it-it\/product\/vernice-trasparente-bomboletta-spray-400-ml\/#breadcrumb"},"inLanguage":"it-IT","potentialAction":[{"@type":"ReadAction","target":["https:\/\/hydro-dipper.com\/it-it\/product\/vernice-trasparente-bomboletta-spray-400-ml\/"]}]},{"@type":"ImageObject","inLanguage":"it-IT","@id":"https:\/\/hydro-dipper.com\/it-it\/product\/vernice-trasparente-bomboletta-spray-400-ml\/#primaryimage","url":"https:\/\/hydro-dipper.com\/it-it\/wp-content\/uploads\/sites\/7\/2025\/01\/Hydro-Dipping-Varnish-Spray-Aerosol-400ml-1.jpg","contentUrl":"https:\/\/hydro-dipper.com\/it-it\/wp-content\/uploads\/sites\/7\/2025\/01\/Hydro-Dipping-Varnish-Spray-Aerosol-400ml-1.jpg","width":1000,"height":1000,"caption":"Hydro Dipping Varnish Spray Aerosol 400ml"},{"@type":"BreadcrumbList","@id":"https:\/\/hydro-dipper.com\/it-it\/product\/vernice-trasparente-bomboletta-spray-400-ml\/#breadcrumb","itemListElement":[{"@type":"ListItem","position":1,"name":"Home","item":"https:\/\/hydro-dipper.com\/it-it\/"},{"@type":"ListItem","position":2,"name":"Shop","item":"https:\/\/hydro-dipper.com\/it-it\/shop\/"},{"@type":"ListItem","position":3,"name":"Vernice trasparente &#8211; Bomboletta spray 400 ml"}]},{"@type":"WebSite","@id":"https:\/\/hydro-dipper.com\/it-it\/#website","url":"https:\/\/hydro-dipper.com\/it-it\/","name":"hydro-dipper.com - IT","description":"Il tuo negozio online per tutto il tuo materiale per Cubicatura","publisher":{"@id":"https:\/\/hydro-dipper.com\/it-it\/#organization"},"potentialAction":[{"@type":"SearchAction","target":{"@type":"EntryPoint","urlTemplate":"https:\/\/hydro-dipper.com\/it-it\/?s={search_term_string}"},"query-input":{"@type":"PropertyValueSpecification","valueRequired":true,"valueName":"search_term_string"}}],"inLanguage":"it-IT"},{"@type":"Organization","@id":"https:\/\/hydro-dipper.com\/it-it\/#organization","name":"hydro-dipper.com - IT","url":"https:\/\/hydro-dipper.com\/it-it\/","logo":{"@type":"ImageObject","inLanguage":"it-IT","@id":"https:\/\/hydro-dipper.com\/it-it\/#\/schema\/logo\/image\/","url":"https:\/\/hydro-dipper.com\/it-it\/wp-content\/uploads\/sites\/7\/2025\/01\/hydro-dipper.com-logo-favicon.jpg","contentUrl":"https:\/\/hydro-dipper.com\/it-it\/wp-content\/uploads\/sites\/7\/2025\/01\/hydro-dipper.com-logo-favicon.jpg","width":500,"height":500,"caption":"hydro-dipper.com - IT"},"image":{"@id":"https:\/\/hydro-dipper.com\/it-it\/#\/schema\/logo\/image\/"}}]}},"_links":{"self":[{"href":"https:\/\/hydro-dipper.com\/it-it\/wp-json\/wp\/v2\/product\/6047","targetHints":{"allow":["GET"]}}],"collection":[{"href":"https:\/\/hydro-dipper.com\/it-it\/wp-json\/wp\/v2\/product"}],"about":[{"href":"https:\/\/hydro-dipper.com\/it-it\/wp-json\/wp\/v2\/types\/product"}],"replies":[{"embeddable":true,"href":"https:\/\/hydro-dipper.com\/it-it\/wp-json\/wp\/v2\/comments?post=6047"}],"wp:featuredmedia":[{"embeddable":true,"href":"https:\/\/hydro-dipper.com\/it-it\/wp-json\/wp\/v2\/media\/6048"}],"wp:attachment":[{"href":"https:\/\/hydro-dipper.com\/it-it\/wp-json\/wp\/v2\/media?parent=6047"}],"wp:term":[{"taxonomy":"product_brand","embeddable":true,"href":"https:\/\/hydro-dipper.com\/it-it\/wp-json\/wp\/v2\/product_brand?post=6047"},{"taxonomy":"product_cat","embeddable":true,"href":"https:\/\/hydro-dipper.com\/it-it\/wp-json\/wp\/v2\/product_cat?post=6047"},{"taxonomy":"product_tag","embeddable":true,"href":"https:\/\/hydro-dipper.com\/it-it\/wp-json\/wp\/v2\/product_tag?post=6047"}],"curies":[{"name":"wp","href":"https:\/\/api.w.org\/{rel}","templated":true}]}}