{"id":15,"date":"2025-01-02T17:57:10","date_gmt":"2025-01-02T16:57:10","guid":{"rendered":"https:\/\/hydro-dipper.com\/sv-sv\/?page_id=15"},"modified":"2025-01-05T23:41:15","modified_gmt":"2025-01-05T22:41:15","slug":"refund-and-returns","status":"publish","type":"page","link":"https:\/\/hydro-dipper.com\/sv-sv\/refund-and-returns\/","title":{"rendered":"Refund and Returns Policy"},"content":{"rendered":"<style>.elementor-15 .elementor-element.elementor-element-44bd5aa0{--display:flex;--padding-top:20px;--padding-bottom:20px;--padding-left:10px;--padding-right:10px;}.elementor-widget-text-editor{font-family:var( --e-global-typography-text-font-family ), Sans-serif;font-weight:var( --e-global-typography-text-font-weight );color:var( --e-global-color-text );}.elementor-widget-text-editor.elementor-drop-cap-view-stacked .elementor-drop-cap{background-color:var( --e-global-color-primary );}.elementor-widget-text-editor.elementor-drop-cap-view-framed .elementor-drop-cap, .elementor-widget-text-editor.elementor-drop-cap-view-default .elementor-drop-cap{color:var( --e-global-color-primary );border-color:var( --e-global-color-primary );}<\/style>\t\t<div data-elementor-type=\"wp-page\" data-elementor-id=\"15\" class=\"elementor elementor-15\" data-elementor-post-type=\"page\">\n\t\t\t\t<div class=\"elementor-element elementor-element-44bd5aa0 e-flex e-con-boxed wpr-particle-no wpr-jarallax-no wpr-parallax-no wpr-sticky-section-no e-con e-parent\" data-id=\"44bd5aa0\" data-element_type=\"container\">\n\t\t\t\t\t<div class=\"e-con-inner\">\n\t\t\t\t<div class=\"elementor-element elementor-element-252f858f elementor-widget elementor-widget-text-editor\" data-id=\"252f858f\" data-element_type=\"widget\" data-widget_type=\"text-editor.default\">\n\t\t\t\t<div class=\"elementor-widget-container\">\n\t\t\t\t\t\t\t\t\t<!DOCTYPE html>\n<html lang=\"sv\">\n<head>\n    <meta charset=\"UTF-8\">\n    <meta name=\"viewport\" content=\"width=device-width, initial-scale=1.0\">\n    <title>Frakt- och Returpolicy<\/title>\n    <style>\n        body {\n            font-family: Arial, sans-serif;\n            line-height: 1.6;\n        }\n        h1, h2 {\n            color: #0D5D71;\n        }\n        p {\n            margin-bottom: 15px;\n        }\n        ul {\n            margin: 15px 0;\n            padding-left: 20px;\n        }\n        li {\n            margin-bottom: 10px;\n        }\n    <\/style>\n<\/head>\n<body>\n\n<h1>Frakt- och Returpolicy<\/h1>\n\n<p>P\u00e5 Hydro Dipper v\u00e4rdes\u00e4tter vi kundn\u00f6jdhet. Om du inte \u00e4r n\u00f6jd med ditt k\u00f6p kan du returnera produkten inom 14 dagar enligt f\u00f6ljande villkor:<\/p>\n\n<h2>1. Villkor f\u00f6r Retur<\/h2>\n<ul>\n    <li>Produkten m\u00e5ste vara oanv\u00e4nd och i sin ursprungliga, o\u00f6ppnade f\u00f6rpackning.<\/li>\n    <li>Personligt anpassade eller specialtillverkade produkter kan inte returneras.<\/li>\n    <li>Returer m\u00e5ste beg\u00e4ras inom 14 dagar efter att best\u00e4llningen mottagits.<\/li>\n<\/ul>\n\n<h2>2. Kostnader f\u00f6r Retur<\/h2>\n<p>Kostnaden f\u00f6r att returnera produkten st\u00e5r kunden f\u00f6r. Vi rekommenderar att anv\u00e4nda en sp\u00e5rbar fraktmetod, eftersom kunden ansvarar f\u00f6r f\u00f6rlust eller skador under transporten.<\/p>\n\n<h2>3. Returadress<\/h2>\n<p>Returadressen tillhandah\u00e5lls efter att du kontaktat v\u00e5r kundtj\u00e4nst p\u00e5 <a href=\"mailto:info@hydro-dipper.com\">info@hydro-dipper.com<\/a>.<\/p>\n\n<h2>4. Returf\u00f6rfarande<\/h2>\n<ul>\n    <li>Kontakta v\u00e5r kundtj\u00e4nst p\u00e5 <a href=\"mailto:info@hydro-dipper.com\">info@hydro-dipper.com<\/a> f\u00f6r att registrera din retur.<\/li>\n    <li>Du f\u00e5r instruktioner och returadressen via e-post.<\/li>\n    <li>F\u00f6rpacka produkten ordentligt och se till att den \u00e4r tillr\u00e4ckligt frankerad f\u00f6r postning.<\/li>\n<\/ul>\n\n<h2>5. Frakt till Kunden<\/h2>\n<ul>\n    <li>Alla best\u00e4llningar skickas med DHL eller DPD.<\/li>\n    <li>Den uppskattade leveranstiden \u00e4r 2\u20135 arbetsdagar efter orderhantering.<\/li>\n    <li>Alla f\u00f6rs\u00e4ndelser \u00e4r f\u00f6rs\u00e4krade och inkluderar ett sp\u00e5rningsnummer.<\/li>\n<\/ul>\n\n<h2>6. \u00c5terbetalningar<\/h2>\n<p>N\u00e4r vi har mottagit och inspekterat din returnerade produkt \u00e5terbetalas k\u00f6pesumman via den ursprungliga betalningsmetoden. Denna process kan ta upp till 14 dagar.<\/p>\n\n<h2>7. Undantag<\/h2>\n<ul>\n    <li>Personligt anpassade produkter och specialtillverkade varor \u00e4r inte ber\u00e4ttigade till retur eller \u00e5terbetalning.<\/li>\n    <li>Produkter som \u00e4r skadade eller anv\u00e4nda accepteras inte.<\/li>\n<\/ul>\n\n<h2>8. Kontaktuppgifter<\/h2>\n<p>F\u00f6r fr\u00e5gor eller mer information om v\u00e5r frakt- och returpolicy, v\u00e4nligen kontakta oss p\u00e5:<\/p>\n<p>\n    E-post: <a href=\"mailto:info@hydro-dipper.com\">info@hydro-dipper.com<\/a><br>\n    Adress: Svetsarv\u00e4gen 15, Solna, 171 41, Sverige\n<\/p>\n\n<\/body>\n<\/html>\n\t\t\t\t\t\t\t\t<\/div>\n\t\t\t\t<\/div>\n\t\t\t\t\t<\/div>\n\t\t\t\t<\/div>\n\t\t\t\t<\/div>\n\t\t","protected":false},"excerpt":{"rendered":"<p>Frakt- och Returpolicy Frakt- och Returpolicy P\u00e5 Hydro Dipper v\u00e4rdes\u00e4tter vi kundn\u00f6jdhet. Om du inte \u00e4r n\u00f6jd med ditt k\u00f6p kan du returnera produkten inom 14 dagar enligt f\u00f6ljande villkor: 1. Villkor f\u00f6r Retur Produkten m\u00e5ste vara oanv\u00e4nd och i sin ursprungliga, o\u00f6ppnade f\u00f6rpackning. Personligt anpassade eller specialtillverkade produkter kan inte returneras. Returer m\u00e5ste beg\u00e4ras inom 14 dagar efter att best\u00e4llningen mottagits. 2. Kostnader f\u00f6r Retur Kostnaden f\u00f6r att returnera produkten st\u00e5r kunden f\u00f6r. Vi rekommenderar att anv\u00e4nda en sp\u00e5rbar fraktmetod, eftersom kunden ansvarar f\u00f6r f\u00f6rlust eller skador under transporten. 3. Returadress Returadressen tillhandah\u00e5lls efter att du kontaktat v\u00e5r kundtj\u00e4nst p\u00e5 info@hydro-dipper.com. 4. Returf\u00f6rfarande Kontakta v\u00e5r kundtj\u00e4nst p\u00e5 info@hydro-dipper.com f\u00f6r att registrera din retur. Du f\u00e5r instruktioner och returadressen via e-post. F\u00f6rpacka produkten ordentligt och se till att den \u00e4r tillr\u00e4ckligt frankerad f\u00f6r postning. 5. Frakt till Kunden Alla best\u00e4llningar skickas med DHL eller DPD. Den uppskattade leveranstiden \u00e4r 2\u20135 arbetsdagar efter orderhantering. Alla f\u00f6rs\u00e4ndelser \u00e4r f\u00f6rs\u00e4krade och inkluderar ett sp\u00e5rningsnummer. 6. \u00c5terbetalningar N\u00e4r vi har mottagit och inspekterat din returnerade produkt \u00e5terbetalas k\u00f6pesumman via den ursprungliga betalningsmetoden. Denna process kan ta upp till 14 dagar. 7. Undantag Personligt anpassade produkter och specialtillverkade varor \u00e4r inte ber\u00e4ttigade till retur eller \u00e5terbetalning. Produkter som \u00e4r skadade eller anv\u00e4nda accepteras inte. 8. Kontaktuppgifter F\u00f6r fr\u00e5gor eller mer information om v\u00e5r frakt- och returpolicy, v\u00e4nligen kontakta oss p\u00e5: E-post: info@hydro-dipper.com Adress: Svetsarv\u00e4gen 15, Solna, 171 41, Sverige<\/p>\n","protected":false},"author":1,"featured_media":0,"parent":0,"menu_order":0,"comment_status":"closed","ping_status":"closed","template":"","meta":{"footnotes":""},"class_list":["post-15","page","type-page","status-publish","hentry"],"yoast_head":"<!-- This site is optimized with the Yoast SEO plugin v24.1 - https:\/\/yoast.com\/wordpress\/plugins\/seo\/ -->\n<title>Refund and Returns Policy - hydro-dipper.com - SE<\/title>\n<meta name=\"robots\" content=\"index, follow, max-snippet:-1, max-image-preview:large, max-video-preview:-1\" \/>\n<link rel=\"canonical\" href=\"https:\/\/hydro-dipper.com\/sv-sv\/refund-and-returns\/\" \/>\n<meta property=\"og:locale\" content=\"sv_SE\" \/>\n<meta property=\"og:type\" content=\"article\" \/>\n<meta property=\"og:title\" content=\"Refund and Returns Policy - hydro-dipper.com - SE\" \/>\n<meta property=\"og:description\" content=\"Frakt- och Returpolicy Frakt- och Returpolicy P\u00e5 Hydro Dipper v\u00e4rdes\u00e4tter vi kundn\u00f6jdhet. Om du inte \u00e4r n\u00f6jd med ditt k\u00f6p kan du returnera produkten inom 14 dagar enligt f\u00f6ljande villkor: 1. Villkor f\u00f6r Retur Produkten m\u00e5ste vara oanv\u00e4nd och i sin ursprungliga, o\u00f6ppnade f\u00f6rpackning. Personligt anpassade eller specialtillverkade produkter kan inte returneras. Returer m\u00e5ste beg\u00e4ras inom 14 dagar efter att best\u00e4llningen mottagits. 2. Kostnader f\u00f6r Retur Kostnaden f\u00f6r att returnera produkten st\u00e5r kunden f\u00f6r. Vi rekommenderar att anv\u00e4nda en sp\u00e5rbar fraktmetod, eftersom kunden ansvarar f\u00f6r f\u00f6rlust eller skador under transporten. 3. Returadress Returadressen tillhandah\u00e5lls efter att du kontaktat v\u00e5r kundtj\u00e4nst p\u00e5 info@hydro-dipper.com. 4. Returf\u00f6rfarande Kontakta v\u00e5r kundtj\u00e4nst p\u00e5 info@hydro-dipper.com f\u00f6r att registrera din retur. Du f\u00e5r instruktioner och returadressen via e-post. F\u00f6rpacka produkten ordentligt och se till att den \u00e4r tillr\u00e4ckligt frankerad f\u00f6r postning. 5. Frakt till Kunden Alla best\u00e4llningar skickas med DHL eller DPD. Den uppskattade leveranstiden \u00e4r 2\u20135 arbetsdagar efter orderhantering. Alla f\u00f6rs\u00e4ndelser \u00e4r f\u00f6rs\u00e4krade och inkluderar ett sp\u00e5rningsnummer. 6. \u00c5terbetalningar N\u00e4r vi har mottagit och inspekterat din returnerade produkt \u00e5terbetalas k\u00f6pesumman via den ursprungliga betalningsmetoden. Denna process kan ta upp till 14 dagar. 7. Undantag Personligt anpassade produkter och specialtillverkade varor \u00e4r inte ber\u00e4ttigade till retur eller \u00e5terbetalning. Produkter som \u00e4r skadade eller anv\u00e4nda accepteras inte. 8. Kontaktuppgifter F\u00f6r fr\u00e5gor eller mer information om v\u00e5r frakt- och returpolicy, v\u00e4nligen kontakta oss p\u00e5: E-post: info@hydro-dipper.com Adress: Svetsarv\u00e4gen 15, Solna, 171 41, Sverige\" \/>\n<meta property=\"og:url\" content=\"https:\/\/hydro-dipper.com\/sv-sv\/refund-and-returns\/\" \/>\n<meta property=\"og:site_name\" content=\"hydro-dipper.com - SE\" \/>\n<meta property=\"article:modified_time\" content=\"2025-01-05T22:41:15+00:00\" \/>\n<meta name=\"twitter:card\" content=\"summary_large_image\" \/>\n<meta name=\"twitter:label1\" content=\"Ber\u00e4knad l\u00e4stid\" \/>\n\t<meta name=\"twitter:data1\" content=\"1 minut\" \/>\n<script type=\"application\/ld+json\" class=\"yoast-schema-graph\">{\"@context\":\"https:\/\/schema.org\",\"@graph\":[{\"@type\":\"WebPage\",\"@id\":\"https:\/\/hydro-dipper.com\/sv-sv\/refund-and-returns\/\",\"url\":\"https:\/\/hydro-dipper.com\/sv-sv\/refund-and-returns\/\",\"name\":\"Refund and Returns Policy - hydro-dipper.com - SE\",\"isPartOf\":{\"@id\":\"https:\/\/hydro-dipper.com\/sv-sv\/#website\"},\"datePublished\":\"2025-01-02T16:57:10+00:00\",\"dateModified\":\"2025-01-05T22:41:15+00:00\",\"breadcrumb\":{\"@id\":\"https:\/\/hydro-dipper.com\/sv-sv\/refund-and-returns\/#breadcrumb\"},\"inLanguage\":\"sv-SE\",\"potentialAction\":[{\"@type\":\"ReadAction\",\"target\":[\"https:\/\/hydro-dipper.com\/sv-sv\/refund-and-returns\/\"]}]},{\"@type\":\"BreadcrumbList\",\"@id\":\"https:\/\/hydro-dipper.com\/sv-sv\/refund-and-returns\/#breadcrumb\",\"itemListElement\":[{\"@type\":\"ListItem\",\"position\":1,\"name\":\"Home\",\"item\":\"https:\/\/hydro-dipper.com\/sv-sv\/\"},{\"@type\":\"ListItem\",\"position\":2,\"name\":\"Refund and Returns Policy\"}]},{\"@type\":\"WebSite\",\"@id\":\"https:\/\/hydro-dipper.com\/sv-sv\/#website\",\"url\":\"https:\/\/hydro-dipper.com\/sv-sv\/\",\"name\":\"hydro-dipper.com - SE\",\"description\":\"Din onlinebutik f\u00f6r Hydro Dippings utrustning\",\"publisher\":{\"@id\":\"https:\/\/hydro-dipper.com\/sv-sv\/#organization\"},\"potentialAction\":[{\"@type\":\"SearchAction\",\"target\":{\"@type\":\"EntryPoint\",\"urlTemplate\":\"https:\/\/hydro-dipper.com\/sv-sv\/?s={search_term_string}\"},\"query-input\":{\"@type\":\"PropertyValueSpecification\",\"valueRequired\":true,\"valueName\":\"search_term_string\"}}],\"inLanguage\":\"sv-SE\"},{\"@type\":\"Organization\",\"@id\":\"https:\/\/hydro-dipper.com\/sv-sv\/#organization\",\"name\":\"hydro-dipper.com - SE\",\"url\":\"https:\/\/hydro-dipper.com\/sv-sv\/\",\"logo\":{\"@type\":\"ImageObject\",\"inLanguage\":\"sv-SE\",\"@id\":\"https:\/\/hydro-dipper.com\/sv-sv\/#\/schema\/logo\/image\/\",\"url\":\"https:\/\/hydro-dipper.com\/sv-sv\/wp-content\/uploads\/sites\/6\/2025\/01\/hydro-dipper.com-logo-favicon.jpg\",\"contentUrl\":\"https:\/\/hydro-dipper.com\/sv-sv\/wp-content\/uploads\/sites\/6\/2025\/01\/hydro-dipper.com-logo-favicon.jpg\",\"width\":500,\"height\":500,\"caption\":\"hydro-dipper.com - SE\"},\"image\":{\"@id\":\"https:\/\/hydro-dipper.com\/sv-sv\/#\/schema\/logo\/image\/\"}}]}<\/script>\n<!-- \/ Yoast SEO plugin. -->","yoast_head_json":{"title":"Refund and Returns Policy - hydro-dipper.com - SE","robots":{"index":"index","follow":"follow","max-snippet":"max-snippet:-1","max-image-preview":"max-image-preview:large","max-video-preview":"max-video-preview:-1"},"canonical":"https:\/\/hydro-dipper.com\/sv-sv\/refund-and-returns\/","og_locale":"sv_SE","og_type":"article","og_title":"Refund and Returns Policy - hydro-dipper.com - SE","og_description":"Frakt- och Returpolicy Frakt- och Returpolicy P\u00e5 Hydro Dipper v\u00e4rdes\u00e4tter vi kundn\u00f6jdhet. Om du inte \u00e4r n\u00f6jd med ditt k\u00f6p kan du returnera produkten inom 14 dagar enligt f\u00f6ljande villkor: 1. Villkor f\u00f6r Retur Produkten m\u00e5ste vara oanv\u00e4nd och i sin ursprungliga, o\u00f6ppnade f\u00f6rpackning. Personligt anpassade eller specialtillverkade produkter kan inte returneras. Returer m\u00e5ste beg\u00e4ras inom 14 dagar efter att best\u00e4llningen mottagits. 2. Kostnader f\u00f6r Retur Kostnaden f\u00f6r att returnera produkten st\u00e5r kunden f\u00f6r. Vi rekommenderar att anv\u00e4nda en sp\u00e5rbar fraktmetod, eftersom kunden ansvarar f\u00f6r f\u00f6rlust eller skador under transporten. 3. Returadress Returadressen tillhandah\u00e5lls efter att du kontaktat v\u00e5r kundtj\u00e4nst p\u00e5 info@hydro-dipper.com. 4. Returf\u00f6rfarande Kontakta v\u00e5r kundtj\u00e4nst p\u00e5 info@hydro-dipper.com f\u00f6r att registrera din retur. Du f\u00e5r instruktioner och returadressen via e-post. F\u00f6rpacka produkten ordentligt och se till att den \u00e4r tillr\u00e4ckligt frankerad f\u00f6r postning. 5. Frakt till Kunden Alla best\u00e4llningar skickas med DHL eller DPD. Den uppskattade leveranstiden \u00e4r 2\u20135 arbetsdagar efter orderhantering. Alla f\u00f6rs\u00e4ndelser \u00e4r f\u00f6rs\u00e4krade och inkluderar ett sp\u00e5rningsnummer. 6. \u00c5terbetalningar N\u00e4r vi har mottagit och inspekterat din returnerade produkt \u00e5terbetalas k\u00f6pesumman via den ursprungliga betalningsmetoden. Denna process kan ta upp till 14 dagar. 7. Undantag Personligt anpassade produkter och specialtillverkade varor \u00e4r inte ber\u00e4ttigade till retur eller \u00e5terbetalning. Produkter som \u00e4r skadade eller anv\u00e4nda accepteras inte. 8. Kontaktuppgifter F\u00f6r fr\u00e5gor eller mer information om v\u00e5r frakt- och returpolicy, v\u00e4nligen kontakta oss p\u00e5: E-post: info@hydro-dipper.com Adress: Svetsarv\u00e4gen 15, Solna, 171 41, Sverige","og_url":"https:\/\/hydro-dipper.com\/sv-sv\/refund-and-returns\/","og_site_name":"hydro-dipper.com - SE","article_modified_time":"2025-01-05T22:41:15+00:00","twitter_card":"summary_large_image","twitter_misc":{"Ber\u00e4knad l\u00e4stid":"1 minut"},"schema":{"@context":"https:\/\/schema.org","@graph":[{"@type":"WebPage","@id":"https:\/\/hydro-dipper.com\/sv-sv\/refund-and-returns\/","url":"https:\/\/hydro-dipper.com\/sv-sv\/refund-and-returns\/","name":"Refund and Returns Policy - hydro-dipper.com - SE","isPartOf":{"@id":"https:\/\/hydro-dipper.com\/sv-sv\/#website"},"datePublished":"2025-01-02T16:57:10+00:00","dateModified":"2025-01-05T22:41:15+00:00","breadcrumb":{"@id":"https:\/\/hydro-dipper.com\/sv-sv\/refund-and-returns\/#breadcrumb"},"inLanguage":"sv-SE","potentialAction":[{"@type":"ReadAction","target":["https:\/\/hydro-dipper.com\/sv-sv\/refund-and-returns\/"]}]},{"@type":"BreadcrumbList","@id":"https:\/\/hydro-dipper.com\/sv-sv\/refund-and-returns\/#breadcrumb","itemListElement":[{"@type":"ListItem","position":1,"name":"Home","item":"https:\/\/hydro-dipper.com\/sv-sv\/"},{"@type":"ListItem","position":2,"name":"Refund and Returns Policy"}]},{"@type":"WebSite","@id":"https:\/\/hydro-dipper.com\/sv-sv\/#website","url":"https:\/\/hydro-dipper.com\/sv-sv\/","name":"hydro-dipper.com - SE","description":"Din onlinebutik f\u00f6r Hydro Dippings utrustning","publisher":{"@id":"https:\/\/hydro-dipper.com\/sv-sv\/#organization"},"potentialAction":[{"@type":"SearchAction","target":{"@type":"EntryPoint","urlTemplate":"https:\/\/hydro-dipper.com\/sv-sv\/?s={search_term_string}"},"query-input":{"@type":"PropertyValueSpecification","valueRequired":true,"valueName":"search_term_string"}}],"inLanguage":"sv-SE"},{"@type":"Organization","@id":"https:\/\/hydro-dipper.com\/sv-sv\/#organization","name":"hydro-dipper.com - SE","url":"https:\/\/hydro-dipper.com\/sv-sv\/","logo":{"@type":"ImageObject","inLanguage":"sv-SE","@id":"https:\/\/hydro-dipper.com\/sv-sv\/#\/schema\/logo\/image\/","url":"https:\/\/hydro-dipper.com\/sv-sv\/wp-content\/uploads\/sites\/6\/2025\/01\/hydro-dipper.com-logo-favicon.jpg","contentUrl":"https:\/\/hydro-dipper.com\/sv-sv\/wp-content\/uploads\/sites\/6\/2025\/01\/hydro-dipper.com-logo-favicon.jpg","width":500,"height":500,"caption":"hydro-dipper.com - SE"},"image":{"@id":"https:\/\/hydro-dipper.com\/sv-sv\/#\/schema\/logo\/image\/"}}]}},"_links":{"self":[{"href":"https:\/\/hydro-dipper.com\/sv-sv\/wp-json\/wp\/v2\/pages\/15","targetHints":{"allow":["GET"]}}],"collection":[{"href":"https:\/\/hydro-dipper.com\/sv-sv\/wp-json\/wp\/v2\/pages"}],"about":[{"href":"https:\/\/hydro-dipper.com\/sv-sv\/wp-json\/wp\/v2\/types\/page"}],"author":[{"embeddable":true,"href":"https:\/\/hydro-dipper.com\/sv-sv\/wp-json\/wp\/v2\/users\/1"}],"replies":[{"embeddable":true,"href":"https:\/\/hydro-dipper.com\/sv-sv\/wp-json\/wp\/v2\/comments?post=15"}],"version-history":[{"count":18,"href":"https:\/\/hydro-dipper.com\/sv-sv\/wp-json\/wp\/v2\/pages\/15\/revisions"}],"predecessor-version":[{"id":5691,"href":"https:\/\/hydro-dipper.com\/sv-sv\/wp-json\/wp\/v2\/pages\/15\/revisions\/5691"}],"wp:attachment":[{"href":"https:\/\/hydro-dipper.com\/sv-sv\/wp-json\/wp\/v2\/media?parent=15"}],"curies":[{"name":"wp","href":"https:\/\/api.w.org\/{rel}","templated":true}]}}