{"id":5342,"date":"2023-07-24T01:47:27","date_gmt":"2023-07-24T00:47:27","guid":{"rendered":"https:\/\/hydro-dipper.com\/sv-sv\/?post_type=product&#038;p=5342"},"modified":"2026-03-05T15:22:43","modified_gmt":"2026-03-05T14:22:43","slug":"hydro-dipping-aktivator-400ml-aerosol","status":"publish","type":"product","link":"https:\/\/hydro-dipper.com\/sv-sv\/product\/hydro-dipping-aktivator-400ml-aerosol\/","title":{"rendered":"Hydro Dipping Aktivator | 400ml Aerosol"},"content":{"rendered":"","protected":false},"excerpt":{"rendered":"<p>Water Transfer Printing Activator &#8211; 400ml Aerosol &#8211; f\u00f6r anv\u00e4ndning med Hydro Dipping PVA-Folier.<\/p>\n<p>Aktiverar bl\u00e4cket p\u00e5 n\u00e5gra sekunder, vilket ger en bekv\u00e4m tid att doppa.<\/p>\n<p>Perfekt balans mellan anv\u00e4ndarv\u00e4nlighet och vidh\u00e4ftningsf\u00f6rm\u00e5ga!<\/p>\n<p>F\u00f6rpackad i en praktisk sprayburk, idealisk f\u00f6r dina g\u00f6r-det-sj\u00e4lv Hydro Dipping projekt.<\/p>\n","protected":false},"featured_media":5343,"comment_status":"open","ping_status":"closed","template":"","meta":[],"product_brand":[],"product_cat":[70],"product_tag":[],"class_list":{"0":"post-5342","1":"product","2":"type-product","3":"status-publish","4":"has-post-thumbnail","6":"product_cat-hydro-dipping-aktivator","8":"first","9":"instock","10":"taxable","11":"shipping-taxable","12":"purchasable","13":"product-type-simple"},"yoast_head":"<!-- This site is optimized with the Yoast SEO plugin v24.1 - https:\/\/yoast.com\/wordpress\/plugins\/seo\/ -->\n<title>Hydro Dipping Aktivator | 400ml Aerosol - hydro-dipper.com - SE<\/title>\n<meta name=\"description\" content=\"Hydro Dipping Aktivator 400ml ger h\u00e5llbar och professionell kvalitet f\u00f6r unika designprojekt. Perfekt f\u00f6r bilar och avancerade applikationer!\" \/>\n<meta name=\"robots\" content=\"index, follow, max-snippet:-1, max-image-preview:large, max-video-preview:-1\" \/>\n<link rel=\"canonical\" href=\"https:\/\/hydro-dipper.com\/sv-sv\/product\/hydro-dipping-aktivator-400ml-aerosol\/\" \/>\n<meta property=\"og:locale\" content=\"sv_SE\" \/>\n<meta property=\"og:type\" content=\"article\" \/>\n<meta property=\"og:title\" content=\"Hydro Dipping Aktivator | 400ml Aerosol - hydro-dipper.com - SE\" \/>\n<meta property=\"og:description\" content=\"Hydro Dipping Aktivator 400ml ger h\u00e5llbar och professionell kvalitet f\u00f6r unika designprojekt. Perfekt f\u00f6r bilar och avancerade applikationer!\" \/>\n<meta property=\"og:url\" content=\"https:\/\/hydro-dipper.com\/sv-sv\/product\/hydro-dipping-aktivator-400ml-aerosol\/\" \/>\n<meta property=\"og:site_name\" content=\"hydro-dipper.com - SE\" \/>\n<meta property=\"article:modified_time\" content=\"2026-03-05T14:22:43+00:00\" \/>\n<meta property=\"og:image\" content=\"https:\/\/hydro-dipper.com\/sv-sv\/wp-content\/uploads\/sites\/6\/2025\/01\/Hydro-Dipping-Activator-400ml-600x600-1-1.jpg\" \/>\n\t<meta property=\"og:image:width\" content=\"600\" \/>\n\t<meta property=\"og:image:height\" content=\"600\" \/>\n\t<meta property=\"og:image:type\" content=\"image\/jpeg\" \/>\n<meta name=\"twitter:card\" content=\"summary_large_image\" \/>\n<script type=\"application\/ld+json\" class=\"yoast-schema-graph\">{\"@context\":\"https:\/\/schema.org\",\"@graph\":[{\"@type\":\"WebPage\",\"@id\":\"https:\/\/hydro-dipper.com\/sv-sv\/product\/hydro-dipping-aktivator-400ml-aerosol\/\",\"url\":\"https:\/\/hydro-dipper.com\/sv-sv\/product\/hydro-dipping-aktivator-400ml-aerosol\/\",\"name\":\"Hydro Dipping Aktivator | 400ml Aerosol - hydro-dipper.com - SE\",\"isPartOf\":{\"@id\":\"https:\/\/hydro-dipper.com\/sv-sv\/#website\"},\"primaryImageOfPage\":{\"@id\":\"https:\/\/hydro-dipper.com\/sv-sv\/product\/hydro-dipping-aktivator-400ml-aerosol\/#primaryimage\"},\"image\":{\"@id\":\"https:\/\/hydro-dipper.com\/sv-sv\/product\/hydro-dipping-aktivator-400ml-aerosol\/#primaryimage\"},\"thumbnailUrl\":\"https:\/\/hydro-dipper.com\/sv-sv\/wp-content\/uploads\/sites\/6\/2025\/01\/Hydro-Dipping-Activator-400ml-600x600-1-1.jpg\",\"datePublished\":\"2023-07-24T00:47:27+00:00\",\"dateModified\":\"2026-03-05T14:22:43+00:00\",\"description\":\"Hydro Dipping Aktivator 400ml ger h\u00e5llbar och professionell kvalitet f\u00f6r unika designprojekt. Perfekt f\u00f6r bilar och avancerade applikationer!\",\"breadcrumb\":{\"@id\":\"https:\/\/hydro-dipper.com\/sv-sv\/product\/hydro-dipping-aktivator-400ml-aerosol\/#breadcrumb\"},\"inLanguage\":\"sv-SE\",\"potentialAction\":[{\"@type\":\"ReadAction\",\"target\":[\"https:\/\/hydro-dipper.com\/sv-sv\/product\/hydro-dipping-aktivator-400ml-aerosol\/\"]}]},{\"@type\":\"ImageObject\",\"inLanguage\":\"sv-SE\",\"@id\":\"https:\/\/hydro-dipper.com\/sv-sv\/product\/hydro-dipping-aktivator-400ml-aerosol\/#primaryimage\",\"url\":\"https:\/\/hydro-dipper.com\/sv-sv\/wp-content\/uploads\/sites\/6\/2025\/01\/Hydro-Dipping-Activator-400ml-600x600-1-1.jpg\",\"contentUrl\":\"https:\/\/hydro-dipper.com\/sv-sv\/wp-content\/uploads\/sites\/6\/2025\/01\/Hydro-Dipping-Activator-400ml-600x600-1-1.jpg\",\"width\":600,\"height\":600},{\"@type\":\"BreadcrumbList\",\"@id\":\"https:\/\/hydro-dipper.com\/sv-sv\/product\/hydro-dipping-aktivator-400ml-aerosol\/#breadcrumb\",\"itemListElement\":[{\"@type\":\"ListItem\",\"position\":1,\"name\":\"Home\",\"item\":\"https:\/\/hydro-dipper.com\/sv-sv\/\"},{\"@type\":\"ListItem\",\"position\":2,\"name\":\"Shop\",\"item\":\"https:\/\/hydro-dipper.com\/sv-sv\/shop\/\"},{\"@type\":\"ListItem\",\"position\":3,\"name\":\"Hydro Dipping Aktivator | 400ml Aerosol\"}]},{\"@type\":\"WebSite\",\"@id\":\"https:\/\/hydro-dipper.com\/sv-sv\/#website\",\"url\":\"https:\/\/hydro-dipper.com\/sv-sv\/\",\"name\":\"hydro-dipper.com - SE\",\"description\":\"Din onlinebutik f\u00f6r Hydro Dippings utrustning\",\"publisher\":{\"@id\":\"https:\/\/hydro-dipper.com\/sv-sv\/#organization\"},\"potentialAction\":[{\"@type\":\"SearchAction\",\"target\":{\"@type\":\"EntryPoint\",\"urlTemplate\":\"https:\/\/hydro-dipper.com\/sv-sv\/?s={search_term_string}\"},\"query-input\":{\"@type\":\"PropertyValueSpecification\",\"valueRequired\":true,\"valueName\":\"search_term_string\"}}],\"inLanguage\":\"sv-SE\"},{\"@type\":\"Organization\",\"@id\":\"https:\/\/hydro-dipper.com\/sv-sv\/#organization\",\"name\":\"hydro-dipper.com - SE\",\"url\":\"https:\/\/hydro-dipper.com\/sv-sv\/\",\"logo\":{\"@type\":\"ImageObject\",\"inLanguage\":\"sv-SE\",\"@id\":\"https:\/\/hydro-dipper.com\/sv-sv\/#\/schema\/logo\/image\/\",\"url\":\"https:\/\/hydro-dipper.com\/sv-sv\/wp-content\/uploads\/sites\/6\/2025\/01\/hydro-dipper.com-logo-favicon.jpg\",\"contentUrl\":\"https:\/\/hydro-dipper.com\/sv-sv\/wp-content\/uploads\/sites\/6\/2025\/01\/hydro-dipper.com-logo-favicon.jpg\",\"width\":500,\"height\":500,\"caption\":\"hydro-dipper.com - SE\"},\"image\":{\"@id\":\"https:\/\/hydro-dipper.com\/sv-sv\/#\/schema\/logo\/image\/\"}}]}<\/script>\n<!-- \/ Yoast SEO plugin. -->","yoast_head_json":{"title":"Hydro Dipping Aktivator | 400ml Aerosol - hydro-dipper.com - SE","description":"Hydro Dipping Aktivator 400ml ger h\u00e5llbar och professionell kvalitet f\u00f6r unika designprojekt. Perfekt f\u00f6r bilar och avancerade applikationer!","robots":{"index":"index","follow":"follow","max-snippet":"max-snippet:-1","max-image-preview":"max-image-preview:large","max-video-preview":"max-video-preview:-1"},"canonical":"https:\/\/hydro-dipper.com\/sv-sv\/product\/hydro-dipping-aktivator-400ml-aerosol\/","og_locale":"sv_SE","og_type":"article","og_title":"Hydro Dipping Aktivator | 400ml Aerosol - hydro-dipper.com - SE","og_description":"Hydro Dipping Aktivator 400ml ger h\u00e5llbar och professionell kvalitet f\u00f6r unika designprojekt. Perfekt f\u00f6r bilar och avancerade applikationer!","og_url":"https:\/\/hydro-dipper.com\/sv-sv\/product\/hydro-dipping-aktivator-400ml-aerosol\/","og_site_name":"hydro-dipper.com - SE","article_modified_time":"2026-03-05T14:22:43+00:00","og_image":[{"width":600,"height":600,"url":"https:\/\/hydro-dipper.com\/sv-sv\/wp-content\/uploads\/sites\/6\/2025\/01\/Hydro-Dipping-Activator-400ml-600x600-1-1.jpg","type":"image\/jpeg"}],"twitter_card":"summary_large_image","schema":{"@context":"https:\/\/schema.org","@graph":[{"@type":"WebPage","@id":"https:\/\/hydro-dipper.com\/sv-sv\/product\/hydro-dipping-aktivator-400ml-aerosol\/","url":"https:\/\/hydro-dipper.com\/sv-sv\/product\/hydro-dipping-aktivator-400ml-aerosol\/","name":"Hydro Dipping Aktivator | 400ml Aerosol - hydro-dipper.com - SE","isPartOf":{"@id":"https:\/\/hydro-dipper.com\/sv-sv\/#website"},"primaryImageOfPage":{"@id":"https:\/\/hydro-dipper.com\/sv-sv\/product\/hydro-dipping-aktivator-400ml-aerosol\/#primaryimage"},"image":{"@id":"https:\/\/hydro-dipper.com\/sv-sv\/product\/hydro-dipping-aktivator-400ml-aerosol\/#primaryimage"},"thumbnailUrl":"https:\/\/hydro-dipper.com\/sv-sv\/wp-content\/uploads\/sites\/6\/2025\/01\/Hydro-Dipping-Activator-400ml-600x600-1-1.jpg","datePublished":"2023-07-24T00:47:27+00:00","dateModified":"2026-03-05T14:22:43+00:00","description":"Hydro Dipping Aktivator 400ml ger h\u00e5llbar och professionell kvalitet f\u00f6r unika designprojekt. Perfekt f\u00f6r bilar och avancerade applikationer!","breadcrumb":{"@id":"https:\/\/hydro-dipper.com\/sv-sv\/product\/hydro-dipping-aktivator-400ml-aerosol\/#breadcrumb"},"inLanguage":"sv-SE","potentialAction":[{"@type":"ReadAction","target":["https:\/\/hydro-dipper.com\/sv-sv\/product\/hydro-dipping-aktivator-400ml-aerosol\/"]}]},{"@type":"ImageObject","inLanguage":"sv-SE","@id":"https:\/\/hydro-dipper.com\/sv-sv\/product\/hydro-dipping-aktivator-400ml-aerosol\/#primaryimage","url":"https:\/\/hydro-dipper.com\/sv-sv\/wp-content\/uploads\/sites\/6\/2025\/01\/Hydro-Dipping-Activator-400ml-600x600-1-1.jpg","contentUrl":"https:\/\/hydro-dipper.com\/sv-sv\/wp-content\/uploads\/sites\/6\/2025\/01\/Hydro-Dipping-Activator-400ml-600x600-1-1.jpg","width":600,"height":600},{"@type":"BreadcrumbList","@id":"https:\/\/hydro-dipper.com\/sv-sv\/product\/hydro-dipping-aktivator-400ml-aerosol\/#breadcrumb","itemListElement":[{"@type":"ListItem","position":1,"name":"Home","item":"https:\/\/hydro-dipper.com\/sv-sv\/"},{"@type":"ListItem","position":2,"name":"Shop","item":"https:\/\/hydro-dipper.com\/sv-sv\/shop\/"},{"@type":"ListItem","position":3,"name":"Hydro Dipping Aktivator | 400ml Aerosol"}]},{"@type":"WebSite","@id":"https:\/\/hydro-dipper.com\/sv-sv\/#website","url":"https:\/\/hydro-dipper.com\/sv-sv\/","name":"hydro-dipper.com - SE","description":"Din onlinebutik f\u00f6r Hydro Dippings utrustning","publisher":{"@id":"https:\/\/hydro-dipper.com\/sv-sv\/#organization"},"potentialAction":[{"@type":"SearchAction","target":{"@type":"EntryPoint","urlTemplate":"https:\/\/hydro-dipper.com\/sv-sv\/?s={search_term_string}"},"query-input":{"@type":"PropertyValueSpecification","valueRequired":true,"valueName":"search_term_string"}}],"inLanguage":"sv-SE"},{"@type":"Organization","@id":"https:\/\/hydro-dipper.com\/sv-sv\/#organization","name":"hydro-dipper.com - SE","url":"https:\/\/hydro-dipper.com\/sv-sv\/","logo":{"@type":"ImageObject","inLanguage":"sv-SE","@id":"https:\/\/hydro-dipper.com\/sv-sv\/#\/schema\/logo\/image\/","url":"https:\/\/hydro-dipper.com\/sv-sv\/wp-content\/uploads\/sites\/6\/2025\/01\/hydro-dipper.com-logo-favicon.jpg","contentUrl":"https:\/\/hydro-dipper.com\/sv-sv\/wp-content\/uploads\/sites\/6\/2025\/01\/hydro-dipper.com-logo-favicon.jpg","width":500,"height":500,"caption":"hydro-dipper.com - SE"},"image":{"@id":"https:\/\/hydro-dipper.com\/sv-sv\/#\/schema\/logo\/image\/"}}]}},"_links":{"self":[{"href":"https:\/\/hydro-dipper.com\/sv-sv\/wp-json\/wp\/v2\/product\/5342","targetHints":{"allow":["GET"]}}],"collection":[{"href":"https:\/\/hydro-dipper.com\/sv-sv\/wp-json\/wp\/v2\/product"}],"about":[{"href":"https:\/\/hydro-dipper.com\/sv-sv\/wp-json\/wp\/v2\/types\/product"}],"replies":[{"embeddable":true,"href":"https:\/\/hydro-dipper.com\/sv-sv\/wp-json\/wp\/v2\/comments?post=5342"}],"wp:featuredmedia":[{"embeddable":true,"href":"https:\/\/hydro-dipper.com\/sv-sv\/wp-json\/wp\/v2\/media\/5343"}],"wp:attachment":[{"href":"https:\/\/hydro-dipper.com\/sv-sv\/wp-json\/wp\/v2\/media?parent=5342"}],"wp:term":[{"taxonomy":"product_brand","embeddable":true,"href":"https:\/\/hydro-dipper.com\/sv-sv\/wp-json\/wp\/v2\/product_brand?post=5342"},{"taxonomy":"product_cat","embeddable":true,"href":"https:\/\/hydro-dipper.com\/sv-sv\/wp-json\/wp\/v2\/product_cat?post=5342"},{"taxonomy":"product_tag","embeddable":true,"href":"https:\/\/hydro-dipper.com\/sv-sv\/wp-json\/wp\/v2\/product_tag?post=5342"}],"curies":[{"name":"wp","href":"https:\/\/api.w.org\/{rel}","templated":true}]}}