{"id":5482,"date":"2023-07-24T01:48:11","date_gmt":"2023-07-24T00:48:11","guid":{"rendered":"https:\/\/hydro-dipper.com\/sv-sv\/?post_type=product&#038;p=5482"},"modified":"2025-01-05T22:57:58","modified_gmt":"2025-01-05T21:57:58","slug":"stickerbomb-14-hydro-dipping-folie","status":"publish","type":"product","link":"https:\/\/hydro-dipper.com\/sv-sv\/product\/stickerbomb-14-hydro-dipping-folie\/","title":{"rendered":"Stickerbomb 14 Hydro Dipping Folie"},"content":{"rendered":"","protected":false},"excerpt":{"rendered":"<p>Hydro Dipping folie av h\u00f6gsta kvalitet.<\/p>\n<p>Priset \u00e4r alltid per m\u00b2 (kvadratmeter)<\/p>\n<p>N\u00e4r du best\u00e4ller flera enheter av samma design sk\u00e4r vi den totala l\u00e4ngden i ett stycke.<\/p>\n","protected":false},"featured_media":5483,"comment_status":"open","ping_status":"closed","template":"","meta":[],"product_brand":[],"product_cat":[72,80,76,79],"product_tag":[],"class_list":{"0":"post-5482","1":"product","2":"type-product","3":"status-publish","4":"has-post-thumbnail","6":"product_cat-hydro-dipping-pva-folier","7":"product_cat-flames-skulls-design-hydro-dipping-folier","8":"product_cat-speciella-design-hydro-dipping-folier","9":"product_cat-stickerbomb-hydro-dipping-folier","11":"first","12":"instock","13":"taxable","14":"shipping-taxable","15":"purchasable","16":"product-type-simple"},"yoast_head":"<!-- This site is optimized with the Yoast SEO plugin v24.1 - https:\/\/yoast.com\/wordpress\/plugins\/seo\/ -->\n<title>Stickerbomb 14 Hydro Dipping Folie - hydro-dipper.com - SE<\/title>\n<meta name=\"description\" content=\"Stickerbomb 14 Hydro Dipping Folie ger kreativa och unika m\u00f6nster f\u00f6r personliga projekt. Perfekt f\u00f6r skateboards och gamingutrustning!\" \/>\n<meta name=\"robots\" content=\"index, follow, max-snippet:-1, max-image-preview:large, max-video-preview:-1\" \/>\n<link rel=\"canonical\" href=\"https:\/\/hydro-dipper.com\/sv-sv\/product\/stickerbomb-14-hydro-dipping-folie\/\" \/>\n<meta property=\"og:locale\" content=\"sv_SE\" \/>\n<meta property=\"og:type\" content=\"article\" \/>\n<meta property=\"og:title\" content=\"Stickerbomb 14 Hydro Dipping Folie - hydro-dipper.com - SE\" \/>\n<meta property=\"og:description\" content=\"Stickerbomb 14 Hydro Dipping Folie ger kreativa och unika m\u00f6nster f\u00f6r personliga projekt. Perfekt f\u00f6r skateboards och gamingutrustning!\" \/>\n<meta property=\"og:url\" content=\"https:\/\/hydro-dipper.com\/sv-sv\/product\/stickerbomb-14-hydro-dipping-folie\/\" \/>\n<meta property=\"og:site_name\" content=\"hydro-dipper.com - SE\" \/>\n<meta property=\"article:modified_time\" content=\"2025-01-05T21:57:58+00:00\" \/>\n<meta property=\"og:image\" content=\"https:\/\/hydro-dipper.com\/sv-sv\/wp-content\/uploads\/sites\/6\/2025\/01\/Photobomb-14-Hydro-Dipping-Foil-PVA-1-1.jpg\" \/>\n\t<meta property=\"og:image:width\" content=\"1000\" \/>\n\t<meta property=\"og:image:height\" content=\"1000\" \/>\n\t<meta property=\"og:image:type\" content=\"image\/jpeg\" \/>\n<meta name=\"twitter:card\" content=\"summary_large_image\" \/>\n<script type=\"application\/ld+json\" class=\"yoast-schema-graph\">{\"@context\":\"https:\/\/schema.org\",\"@graph\":[{\"@type\":\"WebPage\",\"@id\":\"https:\/\/hydro-dipper.com\/sv-sv\/product\/stickerbomb-14-hydro-dipping-folie\/\",\"url\":\"https:\/\/hydro-dipper.com\/sv-sv\/product\/stickerbomb-14-hydro-dipping-folie\/\",\"name\":\"Stickerbomb 14 Hydro Dipping Folie - hydro-dipper.com - SE\",\"isPartOf\":{\"@id\":\"https:\/\/hydro-dipper.com\/sv-sv\/#website\"},\"primaryImageOfPage\":{\"@id\":\"https:\/\/hydro-dipper.com\/sv-sv\/product\/stickerbomb-14-hydro-dipping-folie\/#primaryimage\"},\"image\":{\"@id\":\"https:\/\/hydro-dipper.com\/sv-sv\/product\/stickerbomb-14-hydro-dipping-folie\/#primaryimage\"},\"thumbnailUrl\":\"https:\/\/hydro-dipper.com\/sv-sv\/wp-content\/uploads\/sites\/6\/2025\/01\/Photobomb-14-Hydro-Dipping-Foil-PVA-1-1.jpg\",\"datePublished\":\"2023-07-24T00:48:11+00:00\",\"dateModified\":\"2025-01-05T21:57:58+00:00\",\"description\":\"Stickerbomb 14 Hydro Dipping Folie ger kreativa och unika m\u00f6nster f\u00f6r personliga projekt. Perfekt f\u00f6r skateboards och gamingutrustning!\",\"breadcrumb\":{\"@id\":\"https:\/\/hydro-dipper.com\/sv-sv\/product\/stickerbomb-14-hydro-dipping-folie\/#breadcrumb\"},\"inLanguage\":\"sv-SE\",\"potentialAction\":[{\"@type\":\"ReadAction\",\"target\":[\"https:\/\/hydro-dipper.com\/sv-sv\/product\/stickerbomb-14-hydro-dipping-folie\/\"]}]},{\"@type\":\"ImageObject\",\"inLanguage\":\"sv-SE\",\"@id\":\"https:\/\/hydro-dipper.com\/sv-sv\/product\/stickerbomb-14-hydro-dipping-folie\/#primaryimage\",\"url\":\"https:\/\/hydro-dipper.com\/sv-sv\/wp-content\/uploads\/sites\/6\/2025\/01\/Photobomb-14-Hydro-Dipping-Foil-PVA-1-1.jpg\",\"contentUrl\":\"https:\/\/hydro-dipper.com\/sv-sv\/wp-content\/uploads\/sites\/6\/2025\/01\/Photobomb-14-Hydro-Dipping-Foil-PVA-1-1.jpg\",\"width\":1000,\"height\":1000,\"caption\":\"Photobomb 14 - Hydro Dipping Foil PVA example\"},{\"@type\":\"BreadcrumbList\",\"@id\":\"https:\/\/hydro-dipper.com\/sv-sv\/product\/stickerbomb-14-hydro-dipping-folie\/#breadcrumb\",\"itemListElement\":[{\"@type\":\"ListItem\",\"position\":1,\"name\":\"Home\",\"item\":\"https:\/\/hydro-dipper.com\/sv-sv\/\"},{\"@type\":\"ListItem\",\"position\":2,\"name\":\"Shop\",\"item\":\"https:\/\/hydro-dipper.com\/sv-sv\/shop\/\"},{\"@type\":\"ListItem\",\"position\":3,\"name\":\"Stickerbomb 14 Hydro Dipping Folie\"}]},{\"@type\":\"WebSite\",\"@id\":\"https:\/\/hydro-dipper.com\/sv-sv\/#website\",\"url\":\"https:\/\/hydro-dipper.com\/sv-sv\/\",\"name\":\"hydro-dipper.com - SE\",\"description\":\"Din onlinebutik f\u00f6r Hydro Dippings utrustning\",\"publisher\":{\"@id\":\"https:\/\/hydro-dipper.com\/sv-sv\/#organization\"},\"potentialAction\":[{\"@type\":\"SearchAction\",\"target\":{\"@type\":\"EntryPoint\",\"urlTemplate\":\"https:\/\/hydro-dipper.com\/sv-sv\/?s={search_term_string}\"},\"query-input\":{\"@type\":\"PropertyValueSpecification\",\"valueRequired\":true,\"valueName\":\"search_term_string\"}}],\"inLanguage\":\"sv-SE\"},{\"@type\":\"Organization\",\"@id\":\"https:\/\/hydro-dipper.com\/sv-sv\/#organization\",\"name\":\"hydro-dipper.com - SE\",\"url\":\"https:\/\/hydro-dipper.com\/sv-sv\/\",\"logo\":{\"@type\":\"ImageObject\",\"inLanguage\":\"sv-SE\",\"@id\":\"https:\/\/hydro-dipper.com\/sv-sv\/#\/schema\/logo\/image\/\",\"url\":\"https:\/\/hydro-dipper.com\/sv-sv\/wp-content\/uploads\/sites\/6\/2025\/01\/hydro-dipper.com-logo-favicon.jpg\",\"contentUrl\":\"https:\/\/hydro-dipper.com\/sv-sv\/wp-content\/uploads\/sites\/6\/2025\/01\/hydro-dipper.com-logo-favicon.jpg\",\"width\":500,\"height\":500,\"caption\":\"hydro-dipper.com - SE\"},\"image\":{\"@id\":\"https:\/\/hydro-dipper.com\/sv-sv\/#\/schema\/logo\/image\/\"}}]}<\/script>\n<!-- \/ Yoast SEO plugin. -->","yoast_head_json":{"title":"Stickerbomb 14 Hydro Dipping Folie - hydro-dipper.com - SE","description":"Stickerbomb 14 Hydro Dipping Folie ger kreativa och unika m\u00f6nster f\u00f6r personliga projekt. Perfekt f\u00f6r skateboards och gamingutrustning!","robots":{"index":"index","follow":"follow","max-snippet":"max-snippet:-1","max-image-preview":"max-image-preview:large","max-video-preview":"max-video-preview:-1"},"canonical":"https:\/\/hydro-dipper.com\/sv-sv\/product\/stickerbomb-14-hydro-dipping-folie\/","og_locale":"sv_SE","og_type":"article","og_title":"Stickerbomb 14 Hydro Dipping Folie - hydro-dipper.com - SE","og_description":"Stickerbomb 14 Hydro Dipping Folie ger kreativa och unika m\u00f6nster f\u00f6r personliga projekt. Perfekt f\u00f6r skateboards och gamingutrustning!","og_url":"https:\/\/hydro-dipper.com\/sv-sv\/product\/stickerbomb-14-hydro-dipping-folie\/","og_site_name":"hydro-dipper.com - SE","article_modified_time":"2025-01-05T21:57:58+00:00","og_image":[{"width":1000,"height":1000,"url":"https:\/\/hydro-dipper.com\/sv-sv\/wp-content\/uploads\/sites\/6\/2025\/01\/Photobomb-14-Hydro-Dipping-Foil-PVA-1-1.jpg","type":"image\/jpeg"}],"twitter_card":"summary_large_image","schema":{"@context":"https:\/\/schema.org","@graph":[{"@type":"WebPage","@id":"https:\/\/hydro-dipper.com\/sv-sv\/product\/stickerbomb-14-hydro-dipping-folie\/","url":"https:\/\/hydro-dipper.com\/sv-sv\/product\/stickerbomb-14-hydro-dipping-folie\/","name":"Stickerbomb 14 Hydro Dipping Folie - hydro-dipper.com - SE","isPartOf":{"@id":"https:\/\/hydro-dipper.com\/sv-sv\/#website"},"primaryImageOfPage":{"@id":"https:\/\/hydro-dipper.com\/sv-sv\/product\/stickerbomb-14-hydro-dipping-folie\/#primaryimage"},"image":{"@id":"https:\/\/hydro-dipper.com\/sv-sv\/product\/stickerbomb-14-hydro-dipping-folie\/#primaryimage"},"thumbnailUrl":"https:\/\/hydro-dipper.com\/sv-sv\/wp-content\/uploads\/sites\/6\/2025\/01\/Photobomb-14-Hydro-Dipping-Foil-PVA-1-1.jpg","datePublished":"2023-07-24T00:48:11+00:00","dateModified":"2025-01-05T21:57:58+00:00","description":"Stickerbomb 14 Hydro Dipping Folie ger kreativa och unika m\u00f6nster f\u00f6r personliga projekt. Perfekt f\u00f6r skateboards och gamingutrustning!","breadcrumb":{"@id":"https:\/\/hydro-dipper.com\/sv-sv\/product\/stickerbomb-14-hydro-dipping-folie\/#breadcrumb"},"inLanguage":"sv-SE","potentialAction":[{"@type":"ReadAction","target":["https:\/\/hydro-dipper.com\/sv-sv\/product\/stickerbomb-14-hydro-dipping-folie\/"]}]},{"@type":"ImageObject","inLanguage":"sv-SE","@id":"https:\/\/hydro-dipper.com\/sv-sv\/product\/stickerbomb-14-hydro-dipping-folie\/#primaryimage","url":"https:\/\/hydro-dipper.com\/sv-sv\/wp-content\/uploads\/sites\/6\/2025\/01\/Photobomb-14-Hydro-Dipping-Foil-PVA-1-1.jpg","contentUrl":"https:\/\/hydro-dipper.com\/sv-sv\/wp-content\/uploads\/sites\/6\/2025\/01\/Photobomb-14-Hydro-Dipping-Foil-PVA-1-1.jpg","width":1000,"height":1000,"caption":"Photobomb 14 - Hydro Dipping Foil PVA example"},{"@type":"BreadcrumbList","@id":"https:\/\/hydro-dipper.com\/sv-sv\/product\/stickerbomb-14-hydro-dipping-folie\/#breadcrumb","itemListElement":[{"@type":"ListItem","position":1,"name":"Home","item":"https:\/\/hydro-dipper.com\/sv-sv\/"},{"@type":"ListItem","position":2,"name":"Shop","item":"https:\/\/hydro-dipper.com\/sv-sv\/shop\/"},{"@type":"ListItem","position":3,"name":"Stickerbomb 14 Hydro Dipping Folie"}]},{"@type":"WebSite","@id":"https:\/\/hydro-dipper.com\/sv-sv\/#website","url":"https:\/\/hydro-dipper.com\/sv-sv\/","name":"hydro-dipper.com - SE","description":"Din onlinebutik f\u00f6r Hydro Dippings utrustning","publisher":{"@id":"https:\/\/hydro-dipper.com\/sv-sv\/#organization"},"potentialAction":[{"@type":"SearchAction","target":{"@type":"EntryPoint","urlTemplate":"https:\/\/hydro-dipper.com\/sv-sv\/?s={search_term_string}"},"query-input":{"@type":"PropertyValueSpecification","valueRequired":true,"valueName":"search_term_string"}}],"inLanguage":"sv-SE"},{"@type":"Organization","@id":"https:\/\/hydro-dipper.com\/sv-sv\/#organization","name":"hydro-dipper.com - SE","url":"https:\/\/hydro-dipper.com\/sv-sv\/","logo":{"@type":"ImageObject","inLanguage":"sv-SE","@id":"https:\/\/hydro-dipper.com\/sv-sv\/#\/schema\/logo\/image\/","url":"https:\/\/hydro-dipper.com\/sv-sv\/wp-content\/uploads\/sites\/6\/2025\/01\/hydro-dipper.com-logo-favicon.jpg","contentUrl":"https:\/\/hydro-dipper.com\/sv-sv\/wp-content\/uploads\/sites\/6\/2025\/01\/hydro-dipper.com-logo-favicon.jpg","width":500,"height":500,"caption":"hydro-dipper.com - SE"},"image":{"@id":"https:\/\/hydro-dipper.com\/sv-sv\/#\/schema\/logo\/image\/"}}]}},"_links":{"self":[{"href":"https:\/\/hydro-dipper.com\/sv-sv\/wp-json\/wp\/v2\/product\/5482","targetHints":{"allow":["GET"]}}],"collection":[{"href":"https:\/\/hydro-dipper.com\/sv-sv\/wp-json\/wp\/v2\/product"}],"about":[{"href":"https:\/\/hydro-dipper.com\/sv-sv\/wp-json\/wp\/v2\/types\/product"}],"replies":[{"embeddable":true,"href":"https:\/\/hydro-dipper.com\/sv-sv\/wp-json\/wp\/v2\/comments?post=5482"}],"wp:featuredmedia":[{"embeddable":true,"href":"https:\/\/hydro-dipper.com\/sv-sv\/wp-json\/wp\/v2\/media\/5483"}],"wp:attachment":[{"href":"https:\/\/hydro-dipper.com\/sv-sv\/wp-json\/wp\/v2\/media?parent=5482"}],"wp:term":[{"taxonomy":"product_brand","embeddable":true,"href":"https:\/\/hydro-dipper.com\/sv-sv\/wp-json\/wp\/v2\/product_brand?post=5482"},{"taxonomy":"product_cat","embeddable":true,"href":"https:\/\/hydro-dipper.com\/sv-sv\/wp-json\/wp\/v2\/product_cat?post=5482"},{"taxonomy":"product_tag","embeddable":true,"href":"https:\/\/hydro-dipper.com\/sv-sv\/wp-json\/wp\/v2\/product_tag?post=5482"}],"curies":[{"name":"wp","href":"https:\/\/api.w.org\/{rel}","templated":true}]}}