{"id":5606,"date":"2023-07-24T01:48:48","date_gmt":"2023-07-24T00:48:48","guid":{"rendered":"https:\/\/hydro-dipper.com\/sv-sv\/?post_type=product&#038;p=5606"},"modified":"2025-08-04T14:01:28","modified_gmt":"2025-08-04T13:01:28","slug":"malare-tejp","status":"publish","type":"product","link":"https:\/\/hydro-dipper.com\/sv-sv\/product\/malare-tejp\/","title":{"rendered":"M\u00e5lare Tejp"},"content":{"rendered":"","protected":false},"excerpt":{"rendered":"<p> Maskeringstejp f\u00f6r en mer stabil vatten\u00f6verf\u00f6ringstryckfolie. Genom att tejpa kanterna p\u00e5 PVA-skivan kan du f\u00f6rhindra o\u00f6nskad f\u00f6rskjutning. <strong>*Vi rekommenderar att du inte limmar mer \u00e4n 2 sidor av filmen, om alla 4 sidorna \u00e4r limmade kan PVA-filmen f\u00f6rlora f\u00f6r mycket flexibilitet.<\/strong><\/p>\n","protected":false},"featured_media":5607,"comment_status":"open","ping_status":"closed","template":"","meta":[],"product_brand":[],"product_cat":[81],"product_tag":[],"class_list":{"0":"post-5606","1":"product","2":"type-product","3":"status-publish","4":"has-post-thumbnail","6":"product_cat-hydro-dipping-tillbehor","8":"first","9":"instock","10":"taxable","11":"shipping-taxable","12":"purchasable","13":"product-type-simple"},"yoast_head":"<!-- This site is optimized with the Yoast SEO plugin v24.1 - https:\/\/yoast.com\/wordpress\/plugins\/seo\/ -->\n<title>M\u00e5lare Tejp - hydro-dipper.com - SE<\/title>\n<meta name=\"description\" content=\"M\u00e5lare Tejp erbjuder h\u00e5llbar och professionell kvalitet f\u00f6r alla dina m\u00e5lningsprojekt. Perfekt f\u00f6r b\u00e5de proffs och DIY-entusiaster!\" \/>\n<meta name=\"robots\" content=\"index, follow, max-snippet:-1, max-image-preview:large, max-video-preview:-1\" \/>\n<link rel=\"canonical\" href=\"https:\/\/hydro-dipper.com\/sv-sv\/product\/malare-tejp\/\" \/>\n<meta property=\"og:locale\" content=\"sv_SE\" \/>\n<meta property=\"og:type\" content=\"article\" \/>\n<meta property=\"og:title\" content=\"M\u00e5lare Tejp - hydro-dipper.com - SE\" \/>\n<meta property=\"og:description\" content=\"M\u00e5lare Tejp erbjuder h\u00e5llbar och professionell kvalitet f\u00f6r alla dina m\u00e5lningsprojekt. Perfekt f\u00f6r b\u00e5de proffs och DIY-entusiaster!\" \/>\n<meta property=\"og:url\" content=\"https:\/\/hydro-dipper.com\/sv-sv\/product\/malare-tejp\/\" \/>\n<meta property=\"og:site_name\" content=\"hydro-dipper.com - SE\" \/>\n<meta property=\"article:modified_time\" content=\"2025-08-04T13:01:28+00:00\" \/>\n<meta property=\"og:image\" content=\"https:\/\/hydro-dipper.com\/sv-sv\/wp-content\/uploads\/sites\/6\/2025\/01\/hydro-dipping-afplaktape-1.jpeg\" \/>\n\t<meta property=\"og:image:width\" content=\"1000\" \/>\n\t<meta property=\"og:image:height\" content=\"1000\" \/>\n\t<meta property=\"og:image:type\" content=\"image\/jpeg\" \/>\n<meta name=\"twitter:card\" content=\"summary_large_image\" \/>\n<script type=\"application\/ld+json\" class=\"yoast-schema-graph\">{\"@context\":\"https:\/\/schema.org\",\"@graph\":[{\"@type\":\"WebPage\",\"@id\":\"https:\/\/hydro-dipper.com\/sv-sv\/product\/malare-tejp\/\",\"url\":\"https:\/\/hydro-dipper.com\/sv-sv\/product\/malare-tejp\/\",\"name\":\"M\u00e5lare Tejp - hydro-dipper.com - SE\",\"isPartOf\":{\"@id\":\"https:\/\/hydro-dipper.com\/sv-sv\/#website\"},\"primaryImageOfPage\":{\"@id\":\"https:\/\/hydro-dipper.com\/sv-sv\/product\/malare-tejp\/#primaryimage\"},\"image\":{\"@id\":\"https:\/\/hydro-dipper.com\/sv-sv\/product\/malare-tejp\/#primaryimage\"},\"thumbnailUrl\":\"https:\/\/hydro-dipper.com\/sv-sv\/wp-content\/uploads\/sites\/6\/2025\/01\/hydro-dipping-afplaktape-1.jpeg\",\"datePublished\":\"2023-07-24T00:48:48+00:00\",\"dateModified\":\"2025-08-04T13:01:28+00:00\",\"description\":\"M\u00e5lare Tejp erbjuder h\u00e5llbar och professionell kvalitet f\u00f6r alla dina m\u00e5lningsprojekt. Perfekt f\u00f6r b\u00e5de proffs och DIY-entusiaster!\",\"breadcrumb\":{\"@id\":\"https:\/\/hydro-dipper.com\/sv-sv\/product\/malare-tejp\/#breadcrumb\"},\"inLanguage\":\"sv-SE\",\"potentialAction\":[{\"@type\":\"ReadAction\",\"target\":[\"https:\/\/hydro-dipper.com\/sv-sv\/product\/malare-tejp\/\"]}]},{\"@type\":\"ImageObject\",\"inLanguage\":\"sv-SE\",\"@id\":\"https:\/\/hydro-dipper.com\/sv-sv\/product\/malare-tejp\/#primaryimage\",\"url\":\"https:\/\/hydro-dipper.com\/sv-sv\/wp-content\/uploads\/sites\/6\/2025\/01\/hydro-dipping-afplaktape-1.jpeg\",\"contentUrl\":\"https:\/\/hydro-dipper.com\/sv-sv\/wp-content\/uploads\/sites\/6\/2025\/01\/hydro-dipping-afplaktape-1.jpeg\",\"width\":1000,\"height\":1000,\"caption\":\"hydro-dipping afplaktape om hydro dip folie af te plakken\"},{\"@type\":\"BreadcrumbList\",\"@id\":\"https:\/\/hydro-dipper.com\/sv-sv\/product\/malare-tejp\/#breadcrumb\",\"itemListElement\":[{\"@type\":\"ListItem\",\"position\":1,\"name\":\"Home\",\"item\":\"https:\/\/hydro-dipper.com\/sv-sv\/\"},{\"@type\":\"ListItem\",\"position\":2,\"name\":\"Shop\",\"item\":\"https:\/\/hydro-dipper.com\/sv-sv\/shop\/\"},{\"@type\":\"ListItem\",\"position\":3,\"name\":\"M\u00e5lare Tejp\"}]},{\"@type\":\"WebSite\",\"@id\":\"https:\/\/hydro-dipper.com\/sv-sv\/#website\",\"url\":\"https:\/\/hydro-dipper.com\/sv-sv\/\",\"name\":\"hydro-dipper.com - SE\",\"description\":\"Din onlinebutik f\u00f6r Hydro Dippings utrustning\",\"publisher\":{\"@id\":\"https:\/\/hydro-dipper.com\/sv-sv\/#organization\"},\"potentialAction\":[{\"@type\":\"SearchAction\",\"target\":{\"@type\":\"EntryPoint\",\"urlTemplate\":\"https:\/\/hydro-dipper.com\/sv-sv\/?s={search_term_string}\"},\"query-input\":{\"@type\":\"PropertyValueSpecification\",\"valueRequired\":true,\"valueName\":\"search_term_string\"}}],\"inLanguage\":\"sv-SE\"},{\"@type\":\"Organization\",\"@id\":\"https:\/\/hydro-dipper.com\/sv-sv\/#organization\",\"name\":\"hydro-dipper.com - SE\",\"url\":\"https:\/\/hydro-dipper.com\/sv-sv\/\",\"logo\":{\"@type\":\"ImageObject\",\"inLanguage\":\"sv-SE\",\"@id\":\"https:\/\/hydro-dipper.com\/sv-sv\/#\/schema\/logo\/image\/\",\"url\":\"https:\/\/hydro-dipper.com\/sv-sv\/wp-content\/uploads\/sites\/6\/2025\/01\/hydro-dipper.com-logo-favicon.jpg\",\"contentUrl\":\"https:\/\/hydro-dipper.com\/sv-sv\/wp-content\/uploads\/sites\/6\/2025\/01\/hydro-dipper.com-logo-favicon.jpg\",\"width\":500,\"height\":500,\"caption\":\"hydro-dipper.com - SE\"},\"image\":{\"@id\":\"https:\/\/hydro-dipper.com\/sv-sv\/#\/schema\/logo\/image\/\"}}]}<\/script>\n<!-- \/ Yoast SEO plugin. -->","yoast_head_json":{"title":"M\u00e5lare Tejp - hydro-dipper.com - SE","description":"M\u00e5lare Tejp erbjuder h\u00e5llbar och professionell kvalitet f\u00f6r alla dina m\u00e5lningsprojekt. Perfekt f\u00f6r b\u00e5de proffs och DIY-entusiaster!","robots":{"index":"index","follow":"follow","max-snippet":"max-snippet:-1","max-image-preview":"max-image-preview:large","max-video-preview":"max-video-preview:-1"},"canonical":"https:\/\/hydro-dipper.com\/sv-sv\/product\/malare-tejp\/","og_locale":"sv_SE","og_type":"article","og_title":"M\u00e5lare Tejp - hydro-dipper.com - SE","og_description":"M\u00e5lare Tejp erbjuder h\u00e5llbar och professionell kvalitet f\u00f6r alla dina m\u00e5lningsprojekt. Perfekt f\u00f6r b\u00e5de proffs och DIY-entusiaster!","og_url":"https:\/\/hydro-dipper.com\/sv-sv\/product\/malare-tejp\/","og_site_name":"hydro-dipper.com - SE","article_modified_time":"2025-08-04T13:01:28+00:00","og_image":[{"width":1000,"height":1000,"url":"https:\/\/hydro-dipper.com\/sv-sv\/wp-content\/uploads\/sites\/6\/2025\/01\/hydro-dipping-afplaktape-1.jpeg","type":"image\/jpeg"}],"twitter_card":"summary_large_image","schema":{"@context":"https:\/\/schema.org","@graph":[{"@type":"WebPage","@id":"https:\/\/hydro-dipper.com\/sv-sv\/product\/malare-tejp\/","url":"https:\/\/hydro-dipper.com\/sv-sv\/product\/malare-tejp\/","name":"M\u00e5lare Tejp - hydro-dipper.com - SE","isPartOf":{"@id":"https:\/\/hydro-dipper.com\/sv-sv\/#website"},"primaryImageOfPage":{"@id":"https:\/\/hydro-dipper.com\/sv-sv\/product\/malare-tejp\/#primaryimage"},"image":{"@id":"https:\/\/hydro-dipper.com\/sv-sv\/product\/malare-tejp\/#primaryimage"},"thumbnailUrl":"https:\/\/hydro-dipper.com\/sv-sv\/wp-content\/uploads\/sites\/6\/2025\/01\/hydro-dipping-afplaktape-1.jpeg","datePublished":"2023-07-24T00:48:48+00:00","dateModified":"2025-08-04T13:01:28+00:00","description":"M\u00e5lare Tejp erbjuder h\u00e5llbar och professionell kvalitet f\u00f6r alla dina m\u00e5lningsprojekt. Perfekt f\u00f6r b\u00e5de proffs och DIY-entusiaster!","breadcrumb":{"@id":"https:\/\/hydro-dipper.com\/sv-sv\/product\/malare-tejp\/#breadcrumb"},"inLanguage":"sv-SE","potentialAction":[{"@type":"ReadAction","target":["https:\/\/hydro-dipper.com\/sv-sv\/product\/malare-tejp\/"]}]},{"@type":"ImageObject","inLanguage":"sv-SE","@id":"https:\/\/hydro-dipper.com\/sv-sv\/product\/malare-tejp\/#primaryimage","url":"https:\/\/hydro-dipper.com\/sv-sv\/wp-content\/uploads\/sites\/6\/2025\/01\/hydro-dipping-afplaktape-1.jpeg","contentUrl":"https:\/\/hydro-dipper.com\/sv-sv\/wp-content\/uploads\/sites\/6\/2025\/01\/hydro-dipping-afplaktape-1.jpeg","width":1000,"height":1000,"caption":"hydro-dipping afplaktape om hydro dip folie af te plakken"},{"@type":"BreadcrumbList","@id":"https:\/\/hydro-dipper.com\/sv-sv\/product\/malare-tejp\/#breadcrumb","itemListElement":[{"@type":"ListItem","position":1,"name":"Home","item":"https:\/\/hydro-dipper.com\/sv-sv\/"},{"@type":"ListItem","position":2,"name":"Shop","item":"https:\/\/hydro-dipper.com\/sv-sv\/shop\/"},{"@type":"ListItem","position":3,"name":"M\u00e5lare Tejp"}]},{"@type":"WebSite","@id":"https:\/\/hydro-dipper.com\/sv-sv\/#website","url":"https:\/\/hydro-dipper.com\/sv-sv\/","name":"hydro-dipper.com - SE","description":"Din onlinebutik f\u00f6r Hydro Dippings utrustning","publisher":{"@id":"https:\/\/hydro-dipper.com\/sv-sv\/#organization"},"potentialAction":[{"@type":"SearchAction","target":{"@type":"EntryPoint","urlTemplate":"https:\/\/hydro-dipper.com\/sv-sv\/?s={search_term_string}"},"query-input":{"@type":"PropertyValueSpecification","valueRequired":true,"valueName":"search_term_string"}}],"inLanguage":"sv-SE"},{"@type":"Organization","@id":"https:\/\/hydro-dipper.com\/sv-sv\/#organization","name":"hydro-dipper.com - SE","url":"https:\/\/hydro-dipper.com\/sv-sv\/","logo":{"@type":"ImageObject","inLanguage":"sv-SE","@id":"https:\/\/hydro-dipper.com\/sv-sv\/#\/schema\/logo\/image\/","url":"https:\/\/hydro-dipper.com\/sv-sv\/wp-content\/uploads\/sites\/6\/2025\/01\/hydro-dipper.com-logo-favicon.jpg","contentUrl":"https:\/\/hydro-dipper.com\/sv-sv\/wp-content\/uploads\/sites\/6\/2025\/01\/hydro-dipper.com-logo-favicon.jpg","width":500,"height":500,"caption":"hydro-dipper.com - SE"},"image":{"@id":"https:\/\/hydro-dipper.com\/sv-sv\/#\/schema\/logo\/image\/"}}]}},"_links":{"self":[{"href":"https:\/\/hydro-dipper.com\/sv-sv\/wp-json\/wp\/v2\/product\/5606","targetHints":{"allow":["GET"]}}],"collection":[{"href":"https:\/\/hydro-dipper.com\/sv-sv\/wp-json\/wp\/v2\/product"}],"about":[{"href":"https:\/\/hydro-dipper.com\/sv-sv\/wp-json\/wp\/v2\/types\/product"}],"replies":[{"embeddable":true,"href":"https:\/\/hydro-dipper.com\/sv-sv\/wp-json\/wp\/v2\/comments?post=5606"}],"wp:featuredmedia":[{"embeddable":true,"href":"https:\/\/hydro-dipper.com\/sv-sv\/wp-json\/wp\/v2\/media\/5607"}],"wp:attachment":[{"href":"https:\/\/hydro-dipper.com\/sv-sv\/wp-json\/wp\/v2\/media?parent=5606"}],"wp:term":[{"taxonomy":"product_brand","embeddable":true,"href":"https:\/\/hydro-dipper.com\/sv-sv\/wp-json\/wp\/v2\/product_brand?post=5606"},{"taxonomy":"product_cat","embeddable":true,"href":"https:\/\/hydro-dipper.com\/sv-sv\/wp-json\/wp\/v2\/product_cat?post=5606"},{"taxonomy":"product_tag","embeddable":true,"href":"https:\/\/hydro-dipper.com\/sv-sv\/wp-json\/wp\/v2\/product_tag?post=5606"}],"curies":[{"name":"wp","href":"https:\/\/api.w.org\/{rel}","templated":true}]}}