{"id":5638,"date":"2023-07-24T01:48:59","date_gmt":"2023-07-24T00:48:59","guid":{"rendered":"https:\/\/hydro-dipper.com\/sv-sv\/?post_type=product&#038;p=5638"},"modified":"2025-01-05T22:58:07","modified_gmt":"2025-01-05T21:58:07","slug":"mtn-pro-ral-6018-gulgron-400ml-aerosol","status":"publish","type":"product","link":"https:\/\/hydro-dipper.com\/sv-sv\/product\/mtn-pro-ral-6018-gulgron-400ml-aerosol\/","title":{"rendered":"MTN PRO &#8211; RAL 6018 &#8211; Gulgr\u00f6n &#8211; 400ml Aerosol"},"content":{"rendered":"","protected":false},"excerpt":{"rendered":"<p>Montana Pro RAL 6018 gulgr\u00f6n sprayf\u00e4rg \u00e4r ett popul\u00e4rt val f\u00f6r vatten\u00f6verf\u00f6ringsm\u00e5lning p\u00e5 grund av dess livfulla f\u00e4rg och utm\u00e4rkta vidh\u00e4ftning p\u00e5 en m\u00e4ngd olika ytor inklusive tr\u00e4, metall och plast. Denna sprayf\u00e4rg \u00e4r en del av Montana PRO-serien, k\u00e4nd f\u00f6r sin h\u00f6ga kvalitet och professionella formuleringar. Den torkar snabbt och ger en h\u00e5llbar finish som inte kommer att nappa eller blekna. Oavsett om du \u00e4r en professionell eller en g\u00f6r-det-sj\u00e4lv-entusiast, \u00e4r Montana Pro RAL 6018 Yellow Green Spray Paint ett p\u00e5litligt och m\u00e5ngsidigt alternativ f\u00f6r alla dina behov av vatten\u00f6verf\u00f6ringsutskrift.<\/p>\n","protected":false},"featured_media":5639,"comment_status":"open","ping_status":"closed","template":"","meta":[],"product_brand":[],"product_cat":[81],"product_tag":[],"class_list":{"0":"post-5638","1":"product","2":"type-product","3":"status-publish","4":"has-post-thumbnail","6":"product_cat-hydro-dipping-tillbehor","8":"first","9":"instock","10":"taxable","11":"shipping-taxable","12":"purchasable","13":"product-type-simple"},"yoast_head":"<!-- This site is optimized with the Yoast SEO plugin v24.1 - https:\/\/yoast.com\/wordpress\/plugins\/seo\/ -->\n<title>MTN PRO - RAL 6018 - Gulgr\u00f6n - 400ml Aerosol - hydro-dipper.com - SE<\/title>\n<meta name=\"description\" content=\"MTN PRO RAL 6018 i 400ml aerosol ger en h\u00e5llbar och professionell finish. Perfekt f\u00f6r kreativa projekt och DIY-entusiaster!\" \/>\n<meta name=\"robots\" content=\"index, follow, max-snippet:-1, max-image-preview:large, max-video-preview:-1\" \/>\n<link rel=\"canonical\" href=\"https:\/\/hydro-dipper.com\/sv-sv\/product\/mtn-pro-ral-6018-gulgron-400ml-aerosol\/\" \/>\n<meta property=\"og:locale\" content=\"sv_SE\" \/>\n<meta property=\"og:type\" content=\"article\" \/>\n<meta property=\"og:title\" content=\"MTN PRO - RAL 6018 - Gulgr\u00f6n - 400ml Aerosol - hydro-dipper.com - SE\" \/>\n<meta property=\"og:description\" content=\"MTN PRO RAL 6018 i 400ml aerosol ger en h\u00e5llbar och professionell finish. Perfekt f\u00f6r kreativa projekt och DIY-entusiaster!\" \/>\n<meta property=\"og:url\" content=\"https:\/\/hydro-dipper.com\/sv-sv\/product\/mtn-pro-ral-6018-gulgron-400ml-aerosol\/\" \/>\n<meta property=\"og:site_name\" content=\"hydro-dipper.com - SE\" \/>\n<meta property=\"article:modified_time\" content=\"2025-01-05T21:58:07+00:00\" \/>\n<meta property=\"og:image\" content=\"https:\/\/hydro-dipper.com\/sv-sv\/wp-content\/uploads\/sites\/6\/2025\/01\/MONTANA_PRO_RAL_6018_SPRAYPAINT-1.jpg\" \/>\n\t<meta property=\"og:image:width\" content=\"1200\" \/>\n\t<meta property=\"og:image:height\" content=\"1200\" \/>\n\t<meta property=\"og:image:type\" content=\"image\/jpeg\" \/>\n<meta name=\"twitter:card\" content=\"summary_large_image\" \/>\n<script type=\"application\/ld+json\" class=\"yoast-schema-graph\">{\"@context\":\"https:\/\/schema.org\",\"@graph\":[{\"@type\":\"WebPage\",\"@id\":\"https:\/\/hydro-dipper.com\/sv-sv\/product\/mtn-pro-ral-6018-gulgron-400ml-aerosol\/\",\"url\":\"https:\/\/hydro-dipper.com\/sv-sv\/product\/mtn-pro-ral-6018-gulgron-400ml-aerosol\/\",\"name\":\"MTN PRO - RAL 6018 - Gulgr\u00f6n - 400ml Aerosol - hydro-dipper.com - SE\",\"isPartOf\":{\"@id\":\"https:\/\/hydro-dipper.com\/sv-sv\/#website\"},\"primaryImageOfPage\":{\"@id\":\"https:\/\/hydro-dipper.com\/sv-sv\/product\/mtn-pro-ral-6018-gulgron-400ml-aerosol\/#primaryimage\"},\"image\":{\"@id\":\"https:\/\/hydro-dipper.com\/sv-sv\/product\/mtn-pro-ral-6018-gulgron-400ml-aerosol\/#primaryimage\"},\"thumbnailUrl\":\"https:\/\/hydro-dipper.com\/sv-sv\/wp-content\/uploads\/sites\/6\/2025\/01\/MONTANA_PRO_RAL_6018_SPRAYPAINT-1.jpg\",\"datePublished\":\"2023-07-24T00:48:59+00:00\",\"dateModified\":\"2025-01-05T21:58:07+00:00\",\"description\":\"MTN PRO RAL 6018 i 400ml aerosol ger en h\u00e5llbar och professionell finish. Perfekt f\u00f6r kreativa projekt och DIY-entusiaster!\",\"breadcrumb\":{\"@id\":\"https:\/\/hydro-dipper.com\/sv-sv\/product\/mtn-pro-ral-6018-gulgron-400ml-aerosol\/#breadcrumb\"},\"inLanguage\":\"sv-SE\",\"potentialAction\":[{\"@type\":\"ReadAction\",\"target\":[\"https:\/\/hydro-dipper.com\/sv-sv\/product\/mtn-pro-ral-6018-gulgron-400ml-aerosol\/\"]}]},{\"@type\":\"ImageObject\",\"inLanguage\":\"sv-SE\",\"@id\":\"https:\/\/hydro-dipper.com\/sv-sv\/product\/mtn-pro-ral-6018-gulgron-400ml-aerosol\/#primaryimage\",\"url\":\"https:\/\/hydro-dipper.com\/sv-sv\/wp-content\/uploads\/sites\/6\/2025\/01\/MONTANA_PRO_RAL_6018_SPRAYPAINT-1.jpg\",\"contentUrl\":\"https:\/\/hydro-dipper.com\/sv-sv\/wp-content\/uploads\/sites\/6\/2025\/01\/MONTANA_PRO_RAL_6018_SPRAYPAINT-1.jpg\",\"width\":1200,\"height\":1200},{\"@type\":\"BreadcrumbList\",\"@id\":\"https:\/\/hydro-dipper.com\/sv-sv\/product\/mtn-pro-ral-6018-gulgron-400ml-aerosol\/#breadcrumb\",\"itemListElement\":[{\"@type\":\"ListItem\",\"position\":1,\"name\":\"Home\",\"item\":\"https:\/\/hydro-dipper.com\/sv-sv\/\"},{\"@type\":\"ListItem\",\"position\":2,\"name\":\"Shop\",\"item\":\"https:\/\/hydro-dipper.com\/sv-sv\/shop\/\"},{\"@type\":\"ListItem\",\"position\":3,\"name\":\"MTN PRO &#8211; RAL 6018 &#8211; Gulgr\u00f6n &#8211; 400ml Aerosol\"}]},{\"@type\":\"WebSite\",\"@id\":\"https:\/\/hydro-dipper.com\/sv-sv\/#website\",\"url\":\"https:\/\/hydro-dipper.com\/sv-sv\/\",\"name\":\"hydro-dipper.com - SE\",\"description\":\"Din onlinebutik f\u00f6r Hydro Dippings utrustning\",\"publisher\":{\"@id\":\"https:\/\/hydro-dipper.com\/sv-sv\/#organization\"},\"potentialAction\":[{\"@type\":\"SearchAction\",\"target\":{\"@type\":\"EntryPoint\",\"urlTemplate\":\"https:\/\/hydro-dipper.com\/sv-sv\/?s={search_term_string}\"},\"query-input\":{\"@type\":\"PropertyValueSpecification\",\"valueRequired\":true,\"valueName\":\"search_term_string\"}}],\"inLanguage\":\"sv-SE\"},{\"@type\":\"Organization\",\"@id\":\"https:\/\/hydro-dipper.com\/sv-sv\/#organization\",\"name\":\"hydro-dipper.com - SE\",\"url\":\"https:\/\/hydro-dipper.com\/sv-sv\/\",\"logo\":{\"@type\":\"ImageObject\",\"inLanguage\":\"sv-SE\",\"@id\":\"https:\/\/hydro-dipper.com\/sv-sv\/#\/schema\/logo\/image\/\",\"url\":\"https:\/\/hydro-dipper.com\/sv-sv\/wp-content\/uploads\/sites\/6\/2025\/01\/hydro-dipper.com-logo-favicon.jpg\",\"contentUrl\":\"https:\/\/hydro-dipper.com\/sv-sv\/wp-content\/uploads\/sites\/6\/2025\/01\/hydro-dipper.com-logo-favicon.jpg\",\"width\":500,\"height\":500,\"caption\":\"hydro-dipper.com - SE\"},\"image\":{\"@id\":\"https:\/\/hydro-dipper.com\/sv-sv\/#\/schema\/logo\/image\/\"}}]}<\/script>\n<!-- \/ Yoast SEO plugin. -->","yoast_head_json":{"title":"MTN PRO - RAL 6018 - Gulgr\u00f6n - 400ml Aerosol - hydro-dipper.com - SE","description":"MTN PRO RAL 6018 i 400ml aerosol ger en h\u00e5llbar och professionell finish. Perfekt f\u00f6r kreativa projekt och DIY-entusiaster!","robots":{"index":"index","follow":"follow","max-snippet":"max-snippet:-1","max-image-preview":"max-image-preview:large","max-video-preview":"max-video-preview:-1"},"canonical":"https:\/\/hydro-dipper.com\/sv-sv\/product\/mtn-pro-ral-6018-gulgron-400ml-aerosol\/","og_locale":"sv_SE","og_type":"article","og_title":"MTN PRO - RAL 6018 - Gulgr\u00f6n - 400ml Aerosol - hydro-dipper.com - SE","og_description":"MTN PRO RAL 6018 i 400ml aerosol ger en h\u00e5llbar och professionell finish. Perfekt f\u00f6r kreativa projekt och DIY-entusiaster!","og_url":"https:\/\/hydro-dipper.com\/sv-sv\/product\/mtn-pro-ral-6018-gulgron-400ml-aerosol\/","og_site_name":"hydro-dipper.com - SE","article_modified_time":"2025-01-05T21:58:07+00:00","og_image":[{"width":1200,"height":1200,"url":"https:\/\/hydro-dipper.com\/sv-sv\/wp-content\/uploads\/sites\/6\/2025\/01\/MONTANA_PRO_RAL_6018_SPRAYPAINT-1.jpg","type":"image\/jpeg"}],"twitter_card":"summary_large_image","schema":{"@context":"https:\/\/schema.org","@graph":[{"@type":"WebPage","@id":"https:\/\/hydro-dipper.com\/sv-sv\/product\/mtn-pro-ral-6018-gulgron-400ml-aerosol\/","url":"https:\/\/hydro-dipper.com\/sv-sv\/product\/mtn-pro-ral-6018-gulgron-400ml-aerosol\/","name":"MTN PRO - RAL 6018 - Gulgr\u00f6n - 400ml Aerosol - hydro-dipper.com - SE","isPartOf":{"@id":"https:\/\/hydro-dipper.com\/sv-sv\/#website"},"primaryImageOfPage":{"@id":"https:\/\/hydro-dipper.com\/sv-sv\/product\/mtn-pro-ral-6018-gulgron-400ml-aerosol\/#primaryimage"},"image":{"@id":"https:\/\/hydro-dipper.com\/sv-sv\/product\/mtn-pro-ral-6018-gulgron-400ml-aerosol\/#primaryimage"},"thumbnailUrl":"https:\/\/hydro-dipper.com\/sv-sv\/wp-content\/uploads\/sites\/6\/2025\/01\/MONTANA_PRO_RAL_6018_SPRAYPAINT-1.jpg","datePublished":"2023-07-24T00:48:59+00:00","dateModified":"2025-01-05T21:58:07+00:00","description":"MTN PRO RAL 6018 i 400ml aerosol ger en h\u00e5llbar och professionell finish. Perfekt f\u00f6r kreativa projekt och DIY-entusiaster!","breadcrumb":{"@id":"https:\/\/hydro-dipper.com\/sv-sv\/product\/mtn-pro-ral-6018-gulgron-400ml-aerosol\/#breadcrumb"},"inLanguage":"sv-SE","potentialAction":[{"@type":"ReadAction","target":["https:\/\/hydro-dipper.com\/sv-sv\/product\/mtn-pro-ral-6018-gulgron-400ml-aerosol\/"]}]},{"@type":"ImageObject","inLanguage":"sv-SE","@id":"https:\/\/hydro-dipper.com\/sv-sv\/product\/mtn-pro-ral-6018-gulgron-400ml-aerosol\/#primaryimage","url":"https:\/\/hydro-dipper.com\/sv-sv\/wp-content\/uploads\/sites\/6\/2025\/01\/MONTANA_PRO_RAL_6018_SPRAYPAINT-1.jpg","contentUrl":"https:\/\/hydro-dipper.com\/sv-sv\/wp-content\/uploads\/sites\/6\/2025\/01\/MONTANA_PRO_RAL_6018_SPRAYPAINT-1.jpg","width":1200,"height":1200},{"@type":"BreadcrumbList","@id":"https:\/\/hydro-dipper.com\/sv-sv\/product\/mtn-pro-ral-6018-gulgron-400ml-aerosol\/#breadcrumb","itemListElement":[{"@type":"ListItem","position":1,"name":"Home","item":"https:\/\/hydro-dipper.com\/sv-sv\/"},{"@type":"ListItem","position":2,"name":"Shop","item":"https:\/\/hydro-dipper.com\/sv-sv\/shop\/"},{"@type":"ListItem","position":3,"name":"MTN PRO &#8211; RAL 6018 &#8211; Gulgr\u00f6n &#8211; 400ml Aerosol"}]},{"@type":"WebSite","@id":"https:\/\/hydro-dipper.com\/sv-sv\/#website","url":"https:\/\/hydro-dipper.com\/sv-sv\/","name":"hydro-dipper.com - SE","description":"Din onlinebutik f\u00f6r Hydro Dippings utrustning","publisher":{"@id":"https:\/\/hydro-dipper.com\/sv-sv\/#organization"},"potentialAction":[{"@type":"SearchAction","target":{"@type":"EntryPoint","urlTemplate":"https:\/\/hydro-dipper.com\/sv-sv\/?s={search_term_string}"},"query-input":{"@type":"PropertyValueSpecification","valueRequired":true,"valueName":"search_term_string"}}],"inLanguage":"sv-SE"},{"@type":"Organization","@id":"https:\/\/hydro-dipper.com\/sv-sv\/#organization","name":"hydro-dipper.com - SE","url":"https:\/\/hydro-dipper.com\/sv-sv\/","logo":{"@type":"ImageObject","inLanguage":"sv-SE","@id":"https:\/\/hydro-dipper.com\/sv-sv\/#\/schema\/logo\/image\/","url":"https:\/\/hydro-dipper.com\/sv-sv\/wp-content\/uploads\/sites\/6\/2025\/01\/hydro-dipper.com-logo-favicon.jpg","contentUrl":"https:\/\/hydro-dipper.com\/sv-sv\/wp-content\/uploads\/sites\/6\/2025\/01\/hydro-dipper.com-logo-favicon.jpg","width":500,"height":500,"caption":"hydro-dipper.com - SE"},"image":{"@id":"https:\/\/hydro-dipper.com\/sv-sv\/#\/schema\/logo\/image\/"}}]}},"_links":{"self":[{"href":"https:\/\/hydro-dipper.com\/sv-sv\/wp-json\/wp\/v2\/product\/5638","targetHints":{"allow":["GET"]}}],"collection":[{"href":"https:\/\/hydro-dipper.com\/sv-sv\/wp-json\/wp\/v2\/product"}],"about":[{"href":"https:\/\/hydro-dipper.com\/sv-sv\/wp-json\/wp\/v2\/types\/product"}],"replies":[{"embeddable":true,"href":"https:\/\/hydro-dipper.com\/sv-sv\/wp-json\/wp\/v2\/comments?post=5638"}],"wp:featuredmedia":[{"embeddable":true,"href":"https:\/\/hydro-dipper.com\/sv-sv\/wp-json\/wp\/v2\/media\/5639"}],"wp:attachment":[{"href":"https:\/\/hydro-dipper.com\/sv-sv\/wp-json\/wp\/v2\/media?parent=5638"}],"wp:term":[{"taxonomy":"product_brand","embeddable":true,"href":"https:\/\/hydro-dipper.com\/sv-sv\/wp-json\/wp\/v2\/product_brand?post=5638"},{"taxonomy":"product_cat","embeddable":true,"href":"https:\/\/hydro-dipper.com\/sv-sv\/wp-json\/wp\/v2\/product_cat?post=5638"},{"taxonomy":"product_tag","embeddable":true,"href":"https:\/\/hydro-dipper.com\/sv-sv\/wp-json\/wp\/v2\/product_tag?post=5638"}],"curies":[{"name":"wp","href":"https:\/\/api.w.org\/{rel}","templated":true}]}}