{"id":5660,"date":"2023-07-24T01:49:05","date_gmt":"2023-07-24T00:49:05","guid":{"rendered":"https:\/\/hydro-dipper.com\/sv-sv\/?post_type=product&#038;p=5660"},"modified":"2025-09-25T20:08:57","modified_gmt":"2025-09-25T19:08:57","slug":"mtn-pro-metal-primer-grey-400ml","status":"publish","type":"product","link":"https:\/\/hydro-dipper.com\/sv-sv\/product\/mtn-pro-metal-primer-grey-400ml\/","title":{"rendered":"MTN PRO &#8211; Metal Primer Grey &#8211; 400ml"},"content":{"rendered":"","protected":false},"excerpt":{"rendered":"<p>Montana PRO Metal Primer \u00e4r en primer av h\u00f6g kvalitet speciellt utvecklad f\u00f6r anv\u00e4ndning p\u00e5 metalldelar. Det \u00e4r ett utm\u00e4rkt val f\u00f6r vatten\u00f6verf\u00f6ringstryck eftersom det ger en l\u00e5ngvarig, h\u00e5llbar primer som motst\u00e5r korrosion och rost. Primern \u00e4r l\u00e4tt att applicera, torkar snabbt och l\u00e4mnar en sl\u00e4t, j\u00e4mn finish perfekt f\u00f6r doppning. En av de viktigaste f\u00f6rdelarna med Montana PRO Metal Primer \u00e4r dess rostskyddande egenskaper. Denna primer \u00e4r formulerad med avancerade rostinhibitorer som f\u00f6rhindrar bildning av rost och korrosion p\u00e5 metallytor. Detta g\u00f6r dem till ett idealiskt val f\u00f6r anv\u00e4ndning p\u00e5 metalldelar. F\u00f6rutom dess rosh\u00e4mmande egenskaper ger Montana PRO Metal Primer ocks\u00e5 utm\u00e4rkt vidh\u00e4ftning vid vatten\u00f6verf\u00f6ringstryck till metallytor. Detta inneb\u00e4r att det skapar ett starkt band mellan bl\u00e4cket och f\u00e4rgen, vilket g\u00f6r slutprodukten mycket h\u00e5llbar. Montana PRO Metal Primer \u00e4r ett utm\u00e4rkt val f\u00f6r alla som vill skriva ut metallf\u00f6rem\u00e5l med vatten\u00f6verf\u00f6ring. Dess rostskyddande egenskaper, utm\u00e4rkta vidh\u00e4ftning och enkla anv\u00e4ndning g\u00f6r den till ett toppval f\u00f6r b\u00e5de proffs och g\u00f6r-det-sj\u00e4lv.<\/p>\n","protected":false},"featured_media":5661,"comment_status":"open","ping_status":"closed","template":"","meta":[],"product_brand":[],"product_cat":[81],"product_tag":[],"class_list":{"0":"post-5660","1":"product","2":"type-product","3":"status-publish","4":"has-post-thumbnail","6":"product_cat-hydro-dipping-tillbehor","8":"first","9":"instock","10":"taxable","11":"shipping-taxable","12":"purchasable","13":"product-type-simple"},"yoast_head":"<!-- This site is optimized with the Yoast SEO plugin v24.1 - https:\/\/yoast.com\/wordpress\/plugins\/seo\/ -->\n<title>MTN PRO - Metal Primer Grey - 400ml - hydro-dipper.com - SE<\/title>\n<meta name=\"description\" content=\"MTN PRO Metal Primer Grey 400ml ger h\u00e5llbarhet och professionell kvalitet. Perfekt f\u00f6r avancerade projekt och DIY-entusiaster!\" \/>\n<meta name=\"robots\" content=\"index, follow, max-snippet:-1, max-image-preview:large, max-video-preview:-1\" \/>\n<link rel=\"canonical\" href=\"https:\/\/hydro-dipper.com\/sv-sv\/product\/mtn-pro-metal-primer-grey-400ml\/\" \/>\n<meta property=\"og:locale\" content=\"sv_SE\" \/>\n<meta property=\"og:type\" content=\"article\" \/>\n<meta property=\"og:title\" content=\"MTN PRO - Metal Primer Grey - 400ml - hydro-dipper.com - SE\" \/>\n<meta property=\"og:description\" content=\"MTN PRO Metal Primer Grey 400ml ger h\u00e5llbarhet och professionell kvalitet. Perfekt f\u00f6r avancerade projekt och DIY-entusiaster!\" \/>\n<meta property=\"og:url\" content=\"https:\/\/hydro-dipper.com\/sv-sv\/product\/mtn-pro-metal-primer-grey-400ml\/\" \/>\n<meta property=\"og:site_name\" content=\"hydro-dipper.com - SE\" \/>\n<meta property=\"article:modified_time\" content=\"2025-09-25T19:08:57+00:00\" \/>\n<meta property=\"og:image\" content=\"https:\/\/hydro-dipper.com\/sv-sv\/wp-content\/uploads\/sites\/6\/2025\/01\/MONTANA_PRO_ANTI_RUST_PRIMER_GREY-1.jpg\" \/>\n\t<meta property=\"og:image:width\" content=\"1200\" \/>\n\t<meta property=\"og:image:height\" content=\"1200\" \/>\n\t<meta property=\"og:image:type\" content=\"image\/jpeg\" \/>\n<meta name=\"twitter:card\" content=\"summary_large_image\" \/>\n<script type=\"application\/ld+json\" class=\"yoast-schema-graph\">{\"@context\":\"https:\/\/schema.org\",\"@graph\":[{\"@type\":\"WebPage\",\"@id\":\"https:\/\/hydro-dipper.com\/sv-sv\/product\/mtn-pro-metal-primer-grey-400ml\/\",\"url\":\"https:\/\/hydro-dipper.com\/sv-sv\/product\/mtn-pro-metal-primer-grey-400ml\/\",\"name\":\"MTN PRO - Metal Primer Grey - 400ml - hydro-dipper.com - SE\",\"isPartOf\":{\"@id\":\"https:\/\/hydro-dipper.com\/sv-sv\/#website\"},\"primaryImageOfPage\":{\"@id\":\"https:\/\/hydro-dipper.com\/sv-sv\/product\/mtn-pro-metal-primer-grey-400ml\/#primaryimage\"},\"image\":{\"@id\":\"https:\/\/hydro-dipper.com\/sv-sv\/product\/mtn-pro-metal-primer-grey-400ml\/#primaryimage\"},\"thumbnailUrl\":\"https:\/\/hydro-dipper.com\/sv-sv\/wp-content\/uploads\/sites\/6\/2025\/01\/MONTANA_PRO_ANTI_RUST_PRIMER_GREY-1.jpg\",\"datePublished\":\"2023-07-24T00:49:05+00:00\",\"dateModified\":\"2025-09-25T19:08:57+00:00\",\"description\":\"MTN PRO Metal Primer Grey 400ml ger h\u00e5llbarhet och professionell kvalitet. Perfekt f\u00f6r avancerade projekt och DIY-entusiaster!\",\"breadcrumb\":{\"@id\":\"https:\/\/hydro-dipper.com\/sv-sv\/product\/mtn-pro-metal-primer-grey-400ml\/#breadcrumb\"},\"inLanguage\":\"sv-SE\",\"potentialAction\":[{\"@type\":\"ReadAction\",\"target\":[\"https:\/\/hydro-dipper.com\/sv-sv\/product\/mtn-pro-metal-primer-grey-400ml\/\"]}]},{\"@type\":\"ImageObject\",\"inLanguage\":\"sv-SE\",\"@id\":\"https:\/\/hydro-dipper.com\/sv-sv\/product\/mtn-pro-metal-primer-grey-400ml\/#primaryimage\",\"url\":\"https:\/\/hydro-dipper.com\/sv-sv\/wp-content\/uploads\/sites\/6\/2025\/01\/MONTANA_PRO_ANTI_RUST_PRIMER_GREY-1.jpg\",\"contentUrl\":\"https:\/\/hydro-dipper.com\/sv-sv\/wp-content\/uploads\/sites\/6\/2025\/01\/MONTANA_PRO_ANTI_RUST_PRIMER_GREY-1.jpg\",\"width\":1200,\"height\":1200},{\"@type\":\"BreadcrumbList\",\"@id\":\"https:\/\/hydro-dipper.com\/sv-sv\/product\/mtn-pro-metal-primer-grey-400ml\/#breadcrumb\",\"itemListElement\":[{\"@type\":\"ListItem\",\"position\":1,\"name\":\"Home\",\"item\":\"https:\/\/hydro-dipper.com\/sv-sv\/\"},{\"@type\":\"ListItem\",\"position\":2,\"name\":\"Shop\",\"item\":\"https:\/\/hydro-dipper.com\/sv-sv\/shop\/\"},{\"@type\":\"ListItem\",\"position\":3,\"name\":\"MTN PRO &#8211; Metal Primer Grey &#8211; 400ml\"}]},{\"@type\":\"WebSite\",\"@id\":\"https:\/\/hydro-dipper.com\/sv-sv\/#website\",\"url\":\"https:\/\/hydro-dipper.com\/sv-sv\/\",\"name\":\"hydro-dipper.com - SE\",\"description\":\"Din onlinebutik f\u00f6r Hydro Dippings utrustning\",\"publisher\":{\"@id\":\"https:\/\/hydro-dipper.com\/sv-sv\/#organization\"},\"potentialAction\":[{\"@type\":\"SearchAction\",\"target\":{\"@type\":\"EntryPoint\",\"urlTemplate\":\"https:\/\/hydro-dipper.com\/sv-sv\/?s={search_term_string}\"},\"query-input\":{\"@type\":\"PropertyValueSpecification\",\"valueRequired\":true,\"valueName\":\"search_term_string\"}}],\"inLanguage\":\"sv-SE\"},{\"@type\":\"Organization\",\"@id\":\"https:\/\/hydro-dipper.com\/sv-sv\/#organization\",\"name\":\"hydro-dipper.com - SE\",\"url\":\"https:\/\/hydro-dipper.com\/sv-sv\/\",\"logo\":{\"@type\":\"ImageObject\",\"inLanguage\":\"sv-SE\",\"@id\":\"https:\/\/hydro-dipper.com\/sv-sv\/#\/schema\/logo\/image\/\",\"url\":\"https:\/\/hydro-dipper.com\/sv-sv\/wp-content\/uploads\/sites\/6\/2025\/01\/hydro-dipper.com-logo-favicon.jpg\",\"contentUrl\":\"https:\/\/hydro-dipper.com\/sv-sv\/wp-content\/uploads\/sites\/6\/2025\/01\/hydro-dipper.com-logo-favicon.jpg\",\"width\":500,\"height\":500,\"caption\":\"hydro-dipper.com - SE\"},\"image\":{\"@id\":\"https:\/\/hydro-dipper.com\/sv-sv\/#\/schema\/logo\/image\/\"}}]}<\/script>\n<!-- \/ Yoast SEO plugin. -->","yoast_head_json":{"title":"MTN PRO - Metal Primer Grey - 400ml - hydro-dipper.com - SE","description":"MTN PRO Metal Primer Grey 400ml ger h\u00e5llbarhet och professionell kvalitet. Perfekt f\u00f6r avancerade projekt och DIY-entusiaster!","robots":{"index":"index","follow":"follow","max-snippet":"max-snippet:-1","max-image-preview":"max-image-preview:large","max-video-preview":"max-video-preview:-1"},"canonical":"https:\/\/hydro-dipper.com\/sv-sv\/product\/mtn-pro-metal-primer-grey-400ml\/","og_locale":"sv_SE","og_type":"article","og_title":"MTN PRO - Metal Primer Grey - 400ml - hydro-dipper.com - SE","og_description":"MTN PRO Metal Primer Grey 400ml ger h\u00e5llbarhet och professionell kvalitet. Perfekt f\u00f6r avancerade projekt och DIY-entusiaster!","og_url":"https:\/\/hydro-dipper.com\/sv-sv\/product\/mtn-pro-metal-primer-grey-400ml\/","og_site_name":"hydro-dipper.com - SE","article_modified_time":"2025-09-25T19:08:57+00:00","og_image":[{"width":1200,"height":1200,"url":"https:\/\/hydro-dipper.com\/sv-sv\/wp-content\/uploads\/sites\/6\/2025\/01\/MONTANA_PRO_ANTI_RUST_PRIMER_GREY-1.jpg","type":"image\/jpeg"}],"twitter_card":"summary_large_image","schema":{"@context":"https:\/\/schema.org","@graph":[{"@type":"WebPage","@id":"https:\/\/hydro-dipper.com\/sv-sv\/product\/mtn-pro-metal-primer-grey-400ml\/","url":"https:\/\/hydro-dipper.com\/sv-sv\/product\/mtn-pro-metal-primer-grey-400ml\/","name":"MTN PRO - Metal Primer Grey - 400ml - hydro-dipper.com - SE","isPartOf":{"@id":"https:\/\/hydro-dipper.com\/sv-sv\/#website"},"primaryImageOfPage":{"@id":"https:\/\/hydro-dipper.com\/sv-sv\/product\/mtn-pro-metal-primer-grey-400ml\/#primaryimage"},"image":{"@id":"https:\/\/hydro-dipper.com\/sv-sv\/product\/mtn-pro-metal-primer-grey-400ml\/#primaryimage"},"thumbnailUrl":"https:\/\/hydro-dipper.com\/sv-sv\/wp-content\/uploads\/sites\/6\/2025\/01\/MONTANA_PRO_ANTI_RUST_PRIMER_GREY-1.jpg","datePublished":"2023-07-24T00:49:05+00:00","dateModified":"2025-09-25T19:08:57+00:00","description":"MTN PRO Metal Primer Grey 400ml ger h\u00e5llbarhet och professionell kvalitet. Perfekt f\u00f6r avancerade projekt och DIY-entusiaster!","breadcrumb":{"@id":"https:\/\/hydro-dipper.com\/sv-sv\/product\/mtn-pro-metal-primer-grey-400ml\/#breadcrumb"},"inLanguage":"sv-SE","potentialAction":[{"@type":"ReadAction","target":["https:\/\/hydro-dipper.com\/sv-sv\/product\/mtn-pro-metal-primer-grey-400ml\/"]}]},{"@type":"ImageObject","inLanguage":"sv-SE","@id":"https:\/\/hydro-dipper.com\/sv-sv\/product\/mtn-pro-metal-primer-grey-400ml\/#primaryimage","url":"https:\/\/hydro-dipper.com\/sv-sv\/wp-content\/uploads\/sites\/6\/2025\/01\/MONTANA_PRO_ANTI_RUST_PRIMER_GREY-1.jpg","contentUrl":"https:\/\/hydro-dipper.com\/sv-sv\/wp-content\/uploads\/sites\/6\/2025\/01\/MONTANA_PRO_ANTI_RUST_PRIMER_GREY-1.jpg","width":1200,"height":1200},{"@type":"BreadcrumbList","@id":"https:\/\/hydro-dipper.com\/sv-sv\/product\/mtn-pro-metal-primer-grey-400ml\/#breadcrumb","itemListElement":[{"@type":"ListItem","position":1,"name":"Home","item":"https:\/\/hydro-dipper.com\/sv-sv\/"},{"@type":"ListItem","position":2,"name":"Shop","item":"https:\/\/hydro-dipper.com\/sv-sv\/shop\/"},{"@type":"ListItem","position":3,"name":"MTN PRO &#8211; Metal Primer Grey &#8211; 400ml"}]},{"@type":"WebSite","@id":"https:\/\/hydro-dipper.com\/sv-sv\/#website","url":"https:\/\/hydro-dipper.com\/sv-sv\/","name":"hydro-dipper.com - SE","description":"Din onlinebutik f\u00f6r Hydro Dippings utrustning","publisher":{"@id":"https:\/\/hydro-dipper.com\/sv-sv\/#organization"},"potentialAction":[{"@type":"SearchAction","target":{"@type":"EntryPoint","urlTemplate":"https:\/\/hydro-dipper.com\/sv-sv\/?s={search_term_string}"},"query-input":{"@type":"PropertyValueSpecification","valueRequired":true,"valueName":"search_term_string"}}],"inLanguage":"sv-SE"},{"@type":"Organization","@id":"https:\/\/hydro-dipper.com\/sv-sv\/#organization","name":"hydro-dipper.com - SE","url":"https:\/\/hydro-dipper.com\/sv-sv\/","logo":{"@type":"ImageObject","inLanguage":"sv-SE","@id":"https:\/\/hydro-dipper.com\/sv-sv\/#\/schema\/logo\/image\/","url":"https:\/\/hydro-dipper.com\/sv-sv\/wp-content\/uploads\/sites\/6\/2025\/01\/hydro-dipper.com-logo-favicon.jpg","contentUrl":"https:\/\/hydro-dipper.com\/sv-sv\/wp-content\/uploads\/sites\/6\/2025\/01\/hydro-dipper.com-logo-favicon.jpg","width":500,"height":500,"caption":"hydro-dipper.com - SE"},"image":{"@id":"https:\/\/hydro-dipper.com\/sv-sv\/#\/schema\/logo\/image\/"}}]}},"_links":{"self":[{"href":"https:\/\/hydro-dipper.com\/sv-sv\/wp-json\/wp\/v2\/product\/5660","targetHints":{"allow":["GET"]}}],"collection":[{"href":"https:\/\/hydro-dipper.com\/sv-sv\/wp-json\/wp\/v2\/product"}],"about":[{"href":"https:\/\/hydro-dipper.com\/sv-sv\/wp-json\/wp\/v2\/types\/product"}],"replies":[{"embeddable":true,"href":"https:\/\/hydro-dipper.com\/sv-sv\/wp-json\/wp\/v2\/comments?post=5660"}],"wp:featuredmedia":[{"embeddable":true,"href":"https:\/\/hydro-dipper.com\/sv-sv\/wp-json\/wp\/v2\/media\/5661"}],"wp:attachment":[{"href":"https:\/\/hydro-dipper.com\/sv-sv\/wp-json\/wp\/v2\/media?parent=5660"}],"wp:term":[{"taxonomy":"product_brand","embeddable":true,"href":"https:\/\/hydro-dipper.com\/sv-sv\/wp-json\/wp\/v2\/product_brand?post=5660"},{"taxonomy":"product_cat","embeddable":true,"href":"https:\/\/hydro-dipper.com\/sv-sv\/wp-json\/wp\/v2\/product_cat?post=5660"},{"taxonomy":"product_tag","embeddable":true,"href":"https:\/\/hydro-dipper.com\/sv-sv\/wp-json\/wp\/v2\/product_tag?post=5660"}],"curies":[{"name":"wp","href":"https:\/\/api.w.org\/{rel}","templated":true}]}}